{"id":1465,"date":"2025-12-09T14:18:56","date_gmt":"2025-12-09T14:18:56","guid":{"rendered":"https:\/\/thespinsahara.net\/login-and-registration\/"},"modified":"2025-12-10T10:49:28","modified_gmt":"2025-12-10T10:49:28","slug":"logowanie-i-rejestracja","status":"publish","type":"page","link":"https:\/\/thespinsahara.net\/pl\/logowanie-i-rejestracja\/","title":{"rendered":"Logowanie i rejestracja"},"content":{"rendered":"<h1>Logowanie do Spinsahara: rejestracja i kontrola konta<\/h1>\n<p>Aby korzysta\u0107 z naszego kasyna, nale\u017cy przej\u015b\u0107 proces Spinsahara login. Je\u015bli nie masz jeszcze konta, musisz si\u0119 zarejestrowa\u0107. Tylko zarejestrowani polskoj\u0119zyczni u\u017cytkownicy maj\u0105 dost\u0119p do platformy. Naszym cz\u0142onkom platforma zapewnia pe\u0142n\u0105 ochron\u0119 dzi\u0119ki zaawansowanej technologii SSL, szyfrowaniu i innym \u015brodkom bezpiecze\u0144stwa danych. Po wykonaniu procedury logowania do Spinsahara mo\u017cesz gra\u0107 w setki gier, zarz\u0105dza\u0107 swoim kontem i otrzymywa\u0107 bonusy.<\/p>\n<p><div class=\"banner-wrap\" aria-label=\"Banner\"><img src=\"https:\/\/thespinsahara.net\/wp-content\/uploads\/2025\/12\/Spinsahara-banner-carousel-932\u0445400-12.webp\" class=\"w-100 d-none d-lg-block img-pc main-banner-img\" alt=\"Spinsahara Desktop Banner\" fetchpriority=\"high\" decoding=\"async\"><img src=\"https:\/\/thespinsahara.net\/wp-content\/uploads\/2025\/12\/Spinsahara-Mobile-Banner.webp\" class=\"w-100 d-none d-md-block d-lg-none main-banner-img\" alt=\"Spinsahara Mobile Banner\" fetchpriority=\"high\" decoding=\"async\"><img src=\"https:\/\/thespinsahara.net\/wp-content\/uploads\/2025\/12\/Spinsahara-Mobile-Banner.webp\" class=\"w-100 d-md-none\" alt=\"Spinsahara Mobile Banner\" fetchpriority=\"high\" decoding=\"async\"><div class=\"banner-description\">\n<div class=\"banner-title\">Bonusy powitalne<\/div>\n<p class=\"banner-header-title\">1500 \u20ac<\/p>\n<div class=\"banner-header-AdditionalText\">+ 250 Darmowe spiny<\/div>\n<button data-item=\"homepage_banner_link\" class=\"goto m-button m-gradient-border m-button--primary m-button--large banner-button btn-orange\">\n            <div class=\"m-button-content\">\n                <span>Zarejestruj si\u0119 teraz<\/span>\n                <span><\/span>\n            <\/div>\n        <\/button>\n<\/div>\n<div class=\"WelcomePack\">\n<p><img loading=\"lazy\" decoding=\"async\" class=\"alignnone size-full wp-image-1338\" src=\"https:\/\/thespinsahara.net\/wp-content\/uploads\/2025\/12\/welcome-crown.svg\" alt=\"crown\" width=\"25\" height=\"26\" \/><\/p>\n<div class=\"WelcomePack-Info\">Cotygodniowy zwrot got\u00f3wki do 25%<\/div>\n<p><img loading=\"lazy\" decoding=\"async\" class=\"alignnone size-full wp-image-1338\" src=\"https:\/\/thespinsahara.net\/wp-content\/uploads\/2025\/12\/welcome-crown.svg\" alt=\"crown\" width=\"25\" height=\"26\" \/><\/p>\n<\/div>\n<\/div><div class=\"scrollable-content-wrap my-5\"><div class=\"scrollable-content-inner\"><h2>Rejestracja nowego gracza w kasynie Spin Sahara<\/h2>\n<p>Rejestracja w Spinsahara Casino daje dost\u0119p do wszystkich mo\u017cliwo\u015bci gry. Po rejestracji i zako\u0144czeniu procesu logowania do Spinsahara otrzymujesz dost\u0119p do ponad 6000 gier, hojnych bonus\u00f3w, narz\u0119dzi odpowiedzialnej gry, turniej\u00f3w i wszystkich funkcji konta.<\/p>\n<p>Tylko zweryfikowani u\u017cytkownicy mog\u0105 gra\u0107 na prawdziwe pieni\u0105dze lub w trybie demo, aktywowa\u0107 promocje, zarz\u0105dza\u0107 wp\u0142atami i wyp\u0142aca\u0107 wygrane. Rejestracja zapewnia graczom w pe\u0142ni bezpieczne \u015brodowisko gry z zaawansowan\u0105 technologi\u0105 zabezpiecze\u0144.<\/p>\n<h3>Za\u0142\u00f3\u017c konto<\/h3>\n<ol>\n<li>Kliknij przycisk \u201eZarejestruj si\u0119\u201d na stronie g\u0142\u00f3wnej.<\/li>\n<li>Na ekranie pojawi si\u0119 formularz rejestracyjny.<\/li>\n<li>Wpisz sw\u00f3j adres e-mail i utw\u00f3rz silne has\u0142o.<\/li>\n<li>Je\u015bli masz kod promocyjny, dodaj go.<\/li>\n<li>Potwierd\u017a swoj\u0105 zgod\u0119 na Warunki u\u017cytkowania i Polityk\u0119 prywatno\u015bci. Potwierd\u017a r\u00f3wnie\u017c, \u017ce masz uko\u0144czone 18 lat.<\/li>\n<li>Kliknij \u201eZapisz\u201d.<\/li>\n<li>Otw\u00f3rz wiadomo\u015b\u0107 e-mail od Spinsahara i kliknij link, aby aktywowa\u0107 swoje konto.<\/li>\n<\/ol>\n<h2>Uzyskiwanie dost\u0119pu i konfigurowanie konta Spinsahara<\/h2>\n<p>Proces logowania do serwisu Spinsahara jest szybki i \u0142atwy. Nast\u0119pnie b\u0119dziesz m\u00f3g\u0142 zarz\u0105dza\u0107 ustawieniami swojego konta Spinsahara. Wszystko jest zarz\u0105dzane za po\u015brednictwem jednego bezpiecznego panelu sterowania.<\/p>\n<h3>Jak si\u0119 zalogowa\u0107<\/h3>\n<ol>\n<li>Kliknij przycisk \u201eZaloguj si\u0119\u201d, aby rozpocz\u0105\u0107 proces logowania do serwisu Spinsahara.<\/li>\n<li>Wpisz sw\u00f3j adres e-mail i has\u0142o.<\/li>\n<li>Kliknij \u201eZaloguj si\u0119\u201d, aby uzyska\u0107 dost\u0119p do swojego konta.<\/li>\n<\/ol>\n<h3>Nie pami\u0119tasz has\u0142a?<\/h3>\n<p>Odzyskanie dost\u0119pu zajmuje tylko kilka minut:<\/p>\n<ol>\n<li>Kliknij \u201eZaloguj si\u0119\u201d na stronie g\u0142\u00f3wnej Spin Sahara.<\/li>\n<li>Wybierz \u201eNie pami\u0119tasz has\u0142a?\u201d.<\/li>\n<li>Wpisz sw\u00f3j adres e-mail.<\/li>\n<li>Kliknij link resetuj\u0105cy zawarty w wiadomo\u015bci e-mail od Spin Sahara.<\/li>\n<li>Utw\u00f3rz nowe has\u0142o i zaloguj si\u0119 ponownie.<\/li>\n<\/ol>\n<h3>Spin Sahara Casino: Bezpiecze\u0144stwo konta i weryfikacja<\/h3>\n<p>Aby chroni\u0107 sw\u00f3j profil Spinsahara, wszyscy gracze musz\u0105 przej\u015b\u0107 pe\u0142n\u0105 weryfikacj\u0119 KYC. Ten krok potwierdza Twoj\u0105 to\u017csamo\u015b\u0107, adres i dane dotycz\u0105ce p\u0142atno\u015bci. Proces weryfikacji jest obowi\u0105zkowym wymogiem przed wyp\u0142at\u0105 \u015brodk\u00f3w lub skorzystaniem z bonus\u00f3w. Mo\u017cesz zosta\u0107 poproszony o podanie swojego dowodu osobistego lub paszportu, potwierdzenia adresu, danych bankowych lub prawa jazdy.<\/p>\n<p>Dodatkowe \u015brodki bezpiecze\u0144stwa:<\/p>\n<ul>\n<li>256-bitowy protok\u00f3\u0142 SSL<\/li>\n<li>Protok\u00f3\u0142 HTTPS<\/li>\n<li>Pe\u0142ne szyfrowanie danych<\/li>\n<li>Ochrona konta za pomoc\u0105 uwierzytelniania dwusk\u0142adnikowego (2FA)<\/li>\n<li>Licencjonowane oprogramowanie<\/li>\n<li>Normy Cura\u00e7ao<\/li>\n<li>Ograniczenie wiekowe 18+<\/li>\n<\/ul>\n<h2>Cz\u0119sto zadawane pytania<\/h2>\n<h3>Jak zako\u0144czy\u0107 proces weryfikacji konta?<\/h3>\n<p>Aby zweryfikowa\u0107 swoje konto, prze\u015blij niezb\u0119dne dokumenty do sekcji weryfikacji. Konieczne mo\u017ce by\u0107 podanie danych identyfikacyjnych, potwierdzenia adresu zamieszkania oraz informacji dotycz\u0105cych metody p\u0142atno\u015bci. Nasi specjali\u015bci sprawdz\u0105 wszystkie dokumenty i potwierdz\u0105 Tw\u00f3j status. Po zatwierdzeniu wszystkie funkcje Spinsahara Casino b\u0119d\u0105 w pe\u0142ni dost\u0119pne.<\/p>\n<h3>Jak zaktualizowa\u0107 has\u0142o lub adres e-mail?<\/h3>\n<p>Przejd\u017a do ustawie\u0144 konta Spinsahara i otw\u00f3rz sekcj\u0119 \u201eDane osobowe\u201d. Tam mo\u017cesz zmieni\u0107 has\u0142o lub zaktualizowa\u0107 adres e-mail. Potwierd\u017a zmiany i kliknij link w wiadomo\u015bci e-mail od Spinsahara.<\/p>\n<h3>Co mam zrobi\u0107, je\u015bli moje konto zosta\u0142o zablokowane?<\/h3>\n<p>Je\u015bli Twoje konto jest zablokowane, najpierw spr\u00f3buj zresetowa\u0107 has\u0142o. Kliknij \u201eNie pami\u0119tasz has\u0142a?\u201d i post\u0119puj zgodnie z instrukcjami zawartymi w wiadomo\u015bci e-mail. Je\u015bli problem nadal wyst\u0119puje, skontaktuj si\u0119 z wieloj\u0119zyczn\u0105 obs\u0142ug\u0105 klienta za po\u015brednictwem czatu na \u017cywo lub poczty elektronicznej. Nasi specjali\u015bci sprawdz\u0105 Tw\u00f3j profil, wyja\u015bni\u0105 przyczyn\u0119 i przywr\u00f3c\u0105 dost\u0119p.<\/p>\n<h3>Jak zamkn\u0105\u0107 lub tymczasowo zawiesi\u0107 swoje konto?<\/h3>\n<p>Otw\u00f3rz sekcj\u0119 \u201eOdpowiedzialna gra\u201d na swoim koncie. Tam mo\u017cesz wybra\u0107 tymczasowe zablokowanie konta, okres karencji lub trwa\u0142e wykluczenie. Wybierz preferowan\u0105 opcj\u0119 i potwierd\u017a sw\u00f3j wyb\u00f3r. Je\u015bli potrzebujesz pomocy, skontaktuj si\u0119 z naszym zespo\u0142em pomocy technicznej.<\/p>\n<\/div><\/div><\/p>\n","protected":false},"excerpt":{"rendered":"<p>Logowanie do Spinsahara: rejestracja i kontrola konta Aby korzysta\u0107 z naszego kasyna, nale\u017cy przej\u015b\u0107 proces Spinsahara login. Je\u015bli nie masz jeszcze konta, musisz si\u0119 zarejestrowa\u0107. Tylko zarejestrowani polskoj\u0119zyczni u\u017cytkownicy maj\u0105 dost\u0119p do platformy. Naszym cz\u0142onkom platforma zapewnia pe\u0142n\u0105 ochron\u0119 dzi\u0119ki zaawansowanej technologii SSL, szyfrowaniu i innym \u015brodkom bezpiecze\u0144stwa danych. Po wykonaniu procedury logowania do Spinsahara [&hellip;]<\/p>\n","protected":false},"author":1,"featured_media":0,"parent":0,"menu_order":0,"comment_status":"closed","ping_status":"closed","template":"template-builder.php","meta":{"_acf_changed":false,"inline_featured_image":false,"footnotes":""},"class_list":["post-1465","page","type-page","status-publish","hentry"],"acf":[],"yoast_head":"<!-- This site is optimized with the Yoast SEO plugin v27.3 - https:\/\/yoast.com\/product\/yoast-seo-wordpress\/ -->\n<title>Spinsahara Logowanie i rejestracja<\/title>\n<meta name=\"description\" content=\"Bez wysi\u0142ku tw\u00f3rz, zarz\u0105dzaj i weryfikuj swoje konto w kasynie Spinsahara. Ciesz si\u0119 szybk\u0105 rejestracj\u0105, \u0142atwym odzyskiwaniem konta i bezpiecznym zamkni\u0119ciem dzi\u0119ki Spinsahara Login, zapewniaj\u0105cym ochron\u0119 Twojego konta przez ca\u0142\u0105 dob\u0119.\" \/>\n<meta name=\"robots\" content=\"index, follow, max-snippet:-1, max-image-preview:large, max-video-preview:-1\" \/>\n<link rel=\"canonical\" href=\"https:\/\/thespinsahara.net\/pl\/logowanie-i-rejestracja\/\" \/>\n<meta property=\"og:locale\" content=\"pl_PL\" \/>\n<meta property=\"og:type\" content=\"article\" \/>\n<meta property=\"og:title\" content=\"Spinsahara Logowanie i rejestracja\" \/>\n<meta property=\"og:description\" content=\"Bez wysi\u0142ku tw\u00f3rz, zarz\u0105dzaj i weryfikuj swoje konto w kasynie Spinsahara. Ciesz si\u0119 szybk\u0105 rejestracj\u0105, \u0142atwym odzyskiwaniem konta i bezpiecznym zamkni\u0119ciem dzi\u0119ki Spinsahara Login, zapewniaj\u0105cym ochron\u0119 Twojego konta przez ca\u0142\u0105 dob\u0119.\" \/>\n<meta property=\"og:url\" content=\"https:\/\/thespinsahara.net\/pl\/logowanie-i-rejestracja\/\" \/>\n<meta property=\"og:site_name\" content=\"spinsahara\" \/>\n<meta property=\"article:modified_time\" content=\"2025-12-10T10:49:28+00:00\" \/>\n<meta name=\"twitter:card\" content=\"summary_large_image\" \/>\n<meta name=\"twitter:label1\" content=\"Est. reading time\" \/>\n\t<meta name=\"twitter:data1\" content=\"1 minute\" \/>\n<script type=\"application\/ld+json\" class=\"yoast-schema-graph\">{\"@context\":\"https:\\\/\\\/schema.org\",\"@graph\":[{\"@type\":\"WebPage\",\"@id\":\"https:\\\/\\\/thespinsahara.net\\\/pl\\\/logowanie-i-rejestracja\\\/\",\"url\":\"https:\\\/\\\/thespinsahara.net\\\/pl\\\/logowanie-i-rejestracja\\\/\",\"name\":\"Spinsahara Logowanie i rejestracja\",\"isPartOf\":{\"@id\":\"https:\\\/\\\/thespinsahara.net\\\/pl\\\/#website\"},\"datePublished\":\"2025-12-09T14:18:56+00:00\",\"dateModified\":\"2025-12-10T10:49:28+00:00\",\"description\":\"Bez wysi\u0142ku tw\u00f3rz, zarz\u0105dzaj i weryfikuj swoje konto w kasynie Spinsahara. Ciesz si\u0119 szybk\u0105 rejestracj\u0105, \u0142atwym odzyskiwaniem konta i bezpiecznym zamkni\u0119ciem dzi\u0119ki Spinsahara Login, zapewniaj\u0105cym ochron\u0119 Twojego konta przez ca\u0142\u0105 dob\u0119.\",\"breadcrumb\":{\"@id\":\"https:\\\/\\\/thespinsahara.net\\\/pl\\\/logowanie-i-rejestracja\\\/#breadcrumb\"},\"inLanguage\":\"pl-PL\",\"potentialAction\":[{\"@type\":\"ReadAction\",\"target\":[\"https:\\\/\\\/thespinsahara.net\\\/pl\\\/logowanie-i-rejestracja\\\/\"]}]},{\"@type\":\"BreadcrumbList\",\"@id\":\"https:\\\/\\\/thespinsahara.net\\\/pl\\\/logowanie-i-rejestracja\\\/#breadcrumb\",\"itemListElement\":[{\"@type\":\"ListItem\",\"position\":1,\"name\":\"Spinsahara\",\"item\":\"https:\\\/\\\/thespinsahara.net\\\/pl\\\/\"},{\"@type\":\"ListItem\",\"position\":2,\"name\":\"Logowanie i rejestracja\"}]},{\"@type\":\"WebSite\",\"@id\":\"https:\\\/\\\/thespinsahara.net\\\/pl\\\/#website\",\"url\":\"https:\\\/\\\/thespinsahara.net\\\/pl\\\/\",\"name\":\"Spinsahara\",\"description\":\"\",\"publisher\":{\"@id\":\"https:\\\/\\\/thespinsahara.net\\\/pl\\\/#organization\"},\"potentialAction\":[{\"@type\":\"SearchAction\",\"target\":{\"@type\":\"EntryPoint\",\"urlTemplate\":\"https:\\\/\\\/thespinsahara.net\\\/pl\\\/?s={search_term_string}\"},\"query-input\":{\"@type\":\"PropertyValueSpecification\",\"valueRequired\":true,\"valueName\":\"search_term_string\"}}],\"inLanguage\":\"pl-PL\"},{\"@type\":\"Organization\",\"@id\":\"https:\\\/\\\/thespinsahara.net\\\/pl\\\/#organization\",\"name\":\"Spinsahara\",\"url\":\"https:\\\/\\\/thespinsahara.net\\\/pl\\\/\",\"logo\":{\"@type\":\"ImageObject\",\"inLanguage\":\"pl-PL\",\"@id\":\"https:\\\/\\\/thespinsahara.net\\\/pl\\\/#\\\/schema\\\/logo\\\/image\\\/\",\"url\":\"https:\\\/\\\/thespinsahara.net\\\/wp-content\\\/uploads\\\/2025\\\/12\\\/logo.svg\",\"contentUrl\":\"https:\\\/\\\/thespinsahara.net\\\/wp-content\\\/uploads\\\/2025\\\/12\\\/logo.svg\",\"width\":160,\"height\":31,\"caption\":\"Spinsahara\"},\"image\":{\"@id\":\"https:\\\/\\\/thespinsahara.net\\\/pl\\\/#\\\/schema\\\/logo\\\/image\\\/\"}}]}<\/script>\n<!-- \/ Yoast SEO plugin. -->","yoast_head_json":{"title":"Spinsahara Logowanie i rejestracja","description":"Bez wysi\u0142ku tw\u00f3rz, zarz\u0105dzaj i weryfikuj swoje konto w kasynie Spinsahara. Ciesz si\u0119 szybk\u0105 rejestracj\u0105, \u0142atwym odzyskiwaniem konta i bezpiecznym zamkni\u0119ciem dzi\u0119ki Spinsahara Login, zapewniaj\u0105cym ochron\u0119 Twojego konta przez ca\u0142\u0105 dob\u0119.","robots":{"index":"index","follow":"follow","max-snippet":"max-snippet:-1","max-image-preview":"max-image-preview:large","max-video-preview":"max-video-preview:-1"},"canonical":"https:\/\/thespinsahara.net\/pl\/logowanie-i-rejestracja\/","og_locale":"pl_PL","og_type":"article","og_title":"Spinsahara Logowanie i rejestracja","og_description":"Bez wysi\u0142ku tw\u00f3rz, zarz\u0105dzaj i weryfikuj swoje konto w kasynie Spinsahara. Ciesz si\u0119 szybk\u0105 rejestracj\u0105, \u0142atwym odzyskiwaniem konta i bezpiecznym zamkni\u0119ciem dzi\u0119ki Spinsahara Login, zapewniaj\u0105cym ochron\u0119 Twojego konta przez ca\u0142\u0105 dob\u0119.","og_url":"https:\/\/thespinsahara.net\/pl\/logowanie-i-rejestracja\/","og_site_name":"spinsahara","article_modified_time":"2025-12-10T10:49:28+00:00","twitter_card":"summary_large_image","twitter_misc":{"Est. reading time":"1 minute"},"schema":{"@context":"https:\/\/schema.org","@graph":[{"@type":"WebPage","@id":"https:\/\/thespinsahara.net\/pl\/logowanie-i-rejestracja\/","url":"https:\/\/thespinsahara.net\/pl\/logowanie-i-rejestracja\/","name":"Spinsahara Logowanie i rejestracja","isPartOf":{"@id":"https:\/\/thespinsahara.net\/pl\/#website"},"datePublished":"2025-12-09T14:18:56+00:00","dateModified":"2025-12-10T10:49:28+00:00","description":"Bez wysi\u0142ku tw\u00f3rz, zarz\u0105dzaj i weryfikuj swoje konto w kasynie Spinsahara. Ciesz si\u0119 szybk\u0105 rejestracj\u0105, \u0142atwym odzyskiwaniem konta i bezpiecznym zamkni\u0119ciem dzi\u0119ki Spinsahara Login, zapewniaj\u0105cym ochron\u0119 Twojego konta przez ca\u0142\u0105 dob\u0119.","breadcrumb":{"@id":"https:\/\/thespinsahara.net\/pl\/logowanie-i-rejestracja\/#breadcrumb"},"inLanguage":"pl-PL","potentialAction":[{"@type":"ReadAction","target":["https:\/\/thespinsahara.net\/pl\/logowanie-i-rejestracja\/"]}]},{"@type":"BreadcrumbList","@id":"https:\/\/thespinsahara.net\/pl\/logowanie-i-rejestracja\/#breadcrumb","itemListElement":[{"@type":"ListItem","position":1,"name":"Spinsahara","item":"https:\/\/thespinsahara.net\/pl\/"},{"@type":"ListItem","position":2,"name":"Logowanie i rejestracja"}]},{"@type":"WebSite","@id":"https:\/\/thespinsahara.net\/pl\/#website","url":"https:\/\/thespinsahara.net\/pl\/","name":"Spinsahara","description":"","publisher":{"@id":"https:\/\/thespinsahara.net\/pl\/#organization"},"potentialAction":[{"@type":"SearchAction","target":{"@type":"EntryPoint","urlTemplate":"https:\/\/thespinsahara.net\/pl\/?s={search_term_string}"},"query-input":{"@type":"PropertyValueSpecification","valueRequired":true,"valueName":"search_term_string"}}],"inLanguage":"pl-PL"},{"@type":"Organization","@id":"https:\/\/thespinsahara.net\/pl\/#organization","name":"Spinsahara","url":"https:\/\/thespinsahara.net\/pl\/","logo":{"@type":"ImageObject","inLanguage":"pl-PL","@id":"https:\/\/thespinsahara.net\/pl\/#\/schema\/logo\/image\/","url":"https:\/\/thespinsahara.net\/wp-content\/uploads\/2025\/12\/logo.svg","contentUrl":"https:\/\/thespinsahara.net\/wp-content\/uploads\/2025\/12\/logo.svg","width":160,"height":31,"caption":"Spinsahara"},"image":{"@id":"https:\/\/thespinsahara.net\/pl\/#\/schema\/logo\/image\/"}}]}},"_links":{"self":[{"href":"https:\/\/thespinsahara.net\/pl\/wp-json\/wp\/v2\/pages\/1465","targetHints":{"allow":["GET"]}}],"collection":[{"href":"https:\/\/thespinsahara.net\/pl\/wp-json\/wp\/v2\/pages"}],"about":[{"href":"https:\/\/thespinsahara.net\/pl\/wp-json\/wp\/v2\/types\/page"}],"author":[{"embeddable":true,"href":"https:\/\/thespinsahara.net\/pl\/wp-json\/wp\/v2\/users\/1"}],"replies":[{"embeddable":true,"href":"https:\/\/thespinsahara.net\/pl\/wp-json\/wp\/v2\/comments?post=1465"}],"version-history":[{"count":1,"href":"https:\/\/thespinsahara.net\/pl\/wp-json\/wp\/v2\/pages\/1465\/revisions"}],"predecessor-version":[{"id":1786,"href":"https:\/\/thespinsahara.net\/pl\/wp-json\/wp\/v2\/pages\/1465\/revisions\/1786"}],"wp:attachment":[{"href":"https:\/\/thespinsahara.net\/pl\/wp-json\/wp\/v2\/media?parent=1465"}],"curies":[{"name":"wp","href":"https:\/\/api.w.org\/{rel}","templated":true}]}}