{"id":1426,"date":"2025-12-09T14:14:12","date_gmt":"2025-12-09T14:14:12","guid":{"rendered":"https:\/\/thespinsahara.net\/app\/"},"modified":"2025-12-10T10:48:06","modified_gmt":"2025-12-10T10:48:06","slug":"aplikacja","status":"publish","type":"page","link":"https:\/\/thespinsahara.net\/pl\/aplikacja\/","title":{"rendered":"Aplikacja"},"content":{"rendered":"<h1>Aplikacja Spinsahara Gaming<\/h1>\n<p>Spinsahara app oferuje w pe\u0142ni zoptymalizowane do\u015bwiadczenie gry na urz\u0105dzeniach mobilnych dla naszych polskich graczy. Zapewnia wygodny dost\u0119p do ca\u0142ej naszej oferty gier, promocji i funkcji konta z dowolnego urz\u0105dzenia. Oprogramowanie dostosowuje si\u0119 do ka\u017cdego rozmiaru ekranu i dzia\u0142a p\u0142ynnie na wszystkich urz\u0105dzeniach. Wszystkie funkcje kasyna dzia\u0142aj\u0105 tak samo jak w przegl\u0105darce lub na komputerze. Spinsahara obs\u0142uguje natychmiastowe \u0142adowanie i zapewnia ca\u0142odobowy dost\u0119p do wszystkich tre\u015bci w swojej aplikacji.<\/p>\n<div class=\"banner-wrap\" aria-label=\"Banner\"><img src=\"https:\/\/thespinsahara.net\/wp-content\/uploads\/2025\/12\/Spinsahara-banner-carousel-932\u0445400-12.webp\" class=\"w-100 d-none d-lg-block img-pc main-banner-img\" alt=\"Spinsahara Desktop Banner\" fetchpriority=\"high\" decoding=\"async\"><img src=\"https:\/\/thespinsahara.net\/wp-content\/uploads\/2025\/12\/Spinsahara-Mobile-Banner.webp\" class=\"w-100 d-none d-md-block d-lg-none main-banner-img\" alt=\"Spinsahara Mobile Banner\" fetchpriority=\"high\" decoding=\"async\"><img src=\"https:\/\/thespinsahara.net\/wp-content\/uploads\/2025\/12\/Spinsahara-Mobile-Banner.webp\" class=\"w-100 d-md-none\" alt=\"Spinsahara Mobile Banner\" fetchpriority=\"high\" decoding=\"async\"><div class=\"banner-description\">\n<div class=\"banner-title\">Bonusy powitalne<\/div>\n<p class=\"banner-header-title\">1500 \u20ac<\/p>\n<div class=\"banner-header-AdditionalText\">+ 250 Darmowe spiny<\/div>\n<button data-item=\"homepage_banner_link\" class=\"goto m-button m-gradient-border m-button--primary m-button--large banner-button btn-orange\">\n            <div class=\"m-button-content\">\n                <span>Zarejestruj si\u0119 teraz<\/span>\n                <span><\/span>\n            <\/div>\n        <\/button>\n<\/div>\n<div class=\"WelcomePack\">\n<p><img loading=\"lazy\" decoding=\"async\" class=\"alignnone size-full wp-image-1338\" src=\"https:\/\/thespinsahara.net\/wp-content\/uploads\/2025\/12\/welcome-crown.svg\" alt=\"crown\" width=\"25\" height=\"26\" \/><\/p>\n<div class=\"WelcomePack-Info\">Cotygodniowy zwrot got\u00f3wki do 25%<\/div>\n<p><img loading=\"lazy\" decoding=\"async\" class=\"alignnone size-full wp-image-1338\" src=\"https:\/\/thespinsahara.net\/wp-content\/uploads\/2025\/12\/welcome-crown.svg\" alt=\"crown\" width=\"25\" height=\"26\" \/><\/p>\n<\/div>\n<\/div>\n<h2>Spinsahara z aplikacj\u0105 mobiln\u0105<\/h2>\n<p>Aplikacja mobilna Spinsahara zosta\u0142a zaprojektowana w celu poprawy wszystkich aspekt\u00f3w gry dzi\u0119ki zoptymalizowanemu interfejsowi dotykowemu. Jej g\u0142\u00f3wn\u0105 zalet\u0105 jest mobilno\u015b\u0107: mo\u017cesz zarz\u0105dza\u0107 swoim kontem w kasynie z dowolnego miejsca dzi\u0119ki szybkiemu dost\u0119powi. Oprogramowanie posiada intuicyjny interfejs i natychmiastowe powiadomienia push. Chocia\u017c wersja na komputery PC ma wi\u0119kszy wy\u015bwietlacz, obie platformy oferuj\u0105 identyczn\u0105 funkcjonalno\u015b\u0107. Gracze mog\u0105 cieszy\u0107 si\u0119 wszystkimi zaletami Spinsahara na dowolnym urz\u0105dzeniu.<\/p>\n<table>\n<tbody>\n<tr>\n<td>Funkcja<\/td>\n<td>Aplikacja mobilna Spinsahara<\/td>\n<td>Spinsahara wersja na komputery PC<\/td>\n<\/tr>\n<tr>\n<td>Przeno\u015bno\u015b\u0107<\/td>\n<td>Pe\u0142ny dost\u0119p z dowolnego miejsca<\/td>\n<td>Wymaga sta\u0142ej lokalizacji<\/td>\n<\/tr>\n<tr>\n<td>Projektowanie interfejsu<\/td>\n<td>Nawigacja zoptymalizowana pod k\u0105tem obs\u0142ugi dotykowej, oparta na gestach<\/td>\n<td>Uk\u0142ad panoramiczny z obs\u0142ug\u0105 mysz\u0105\/klawiatur\u0105<\/td>\n<\/tr>\n<tr>\n<td>Powiadomienia<\/td>\n<td>Natychmiastowe powiadomienia push o bonusach i wydarzeniach<\/td>\n<td>Powiadomienia wymagaj\u0105 sprawdzania przegl\u0105darki lub poczty elektronicznej.<\/td>\n<\/tr>\n<tr>\n<td>Do\u015bwiadczenie u\u017cytkownika<\/td>\n<td>Szybki dost\u0119p poprzez ikon\u0119 aplikacji, uproszczone menu<\/td>\n<td>Nawigacja w wielu oknach z szerszym wy\u015bwietlaczem<\/td>\n<\/tr>\n<tr>\n<td>Wygoda<\/td>\n<td>Idealny do szybkich sesji i gry w podr\u00f3\u017cy<\/td>\n<td>Najlepszy do d\u0142ugiej rozgrywki na du\u017cym ekranie<\/td>\n<\/tr>\n<\/tbody>\n<\/table>\n<p><div class=\"scrollable-content-wrap my-5\"><div class=\"scrollable-content-inner\"><h2>Aplikacja Spinsahara Casino na Androida<\/h2>\n<p>Aplikacja Spinsahara Casino na Androida zapewnia szybki dost\u0119p do wszystkich gier i funkcji na dowolnym urz\u0105dzeniu. Dzia\u0142a natychmiastowo, szybko si\u0119 \u0142aduje i nie wymaga skomplikowanej konfiguracji. Mo\u017cesz cieszy\u0107 si\u0119 mobilnym kasynem bezpo\u015brednio z ekranu g\u0142\u00f3wnego. Poni\u017cej opiszemy nasze oprogramowanie i spos\u00f3b jego pobrania.<\/p>\n<h3>APK<\/h3>\n<p>Nie musisz pobiera\u0107 pliku APK, aby zainstalowa\u0107 Spinsahara Casino. Nie ma potrzeby wyszukiwania aplikacji w Sklepie Play i pobierania pliku APK. Aplikacja dzia\u0142a bez konieczno\u015bci r\u0119cznego pobierania na urz\u0105dzenia z systemem Android.<\/p>\n<h3>PWA<\/h3>\n<p>Aplikacja Spinsahara dla systemu Android to nowoczesna aplikacja internetowa typu PWA (progressive web app). Nie wymaga d\u0142ugiego pobierania ani skomplikowanej instalacji. Aplikacj\u0119 PWA mo\u017cna pobra\u0107 bezpo\u015brednio z naszej strony internetowej. Aby j\u0105 zainstalowa\u0107:<\/p>\n<ol>\n<li>Przewi\u0144 stron\u0119 internetow\u0105 Spinsahara na swoim urz\u0105dzeniu z systemem Android do przycisku \u201eAplikacja kasyna\u201d.<\/li>\n<li>Kliknij na ni\u0105, wybierz \u201eZainstaluj\u201d, a aplikacja pojawi si\u0119 na ekranie g\u0142\u00f3wnym i w szufladzie aplikacji.<\/li>\n<li>Uruchamia si\u0119 jednym dotkni\u0119ciem i dzia\u0142a szybko.<\/li>\n<\/ol>\n<p><img loading=\"lazy\" decoding=\"async\" src=\"https:\/\/thespinsahara.net\/wp-content\/uploads\/2025\/12\/Spinsahara-Android-Application.webp\" alt=\"Spinsahara Android Application\" width=\"1248\" height=\"536\" \/><\/p>\n<\/div><\/div><div style=\"clear: both\"><\/div><div class=\"d-flex justify-content-center\"><button data-item=\"decouvrez_link\" data-group=\"website_links\" class=\"goto fw-bold rounded-pill btn btn-orange\" aria-label=\"Pobierz aplikacj\u0119 Spinsahara\" >Pobierz aplikacj\u0119 Spinsahara<\/button><\/div><div class=\"scrollable-content-wrap my-5\"><div class=\"scrollable-content-inner\"><h2>Aplikacja Spinsahara Casino na iOS<\/h2>\n<p>Aplikacja kasyna Spin Sahara dla systemu iOS jest zoptymalizowana pod k\u0105tem urz\u0105dze\u0144 Apple. Kasyno dzia\u0142a w przegl\u0105darce Safari. Nie musisz przechodzi\u0107 do App Store ani pobiera\u0107 \u017cadnych plik\u00f3w. Oprogramowanie iOS dzia\u0142a jako natywny skr\u00f3t z szybkim dost\u0119pem z ekranu g\u0142\u00f3wnego. \u0141aduje si\u0119 szybko i obs\u0142uguje powiadomienia push. Po instalacji mo\u017cesz gra\u0107 w gry, zarz\u0105dza\u0107 swoim kontem, otrzymywa\u0107 bonusy i korzysta\u0107 z wszelkich innych funkcji naszego kasyna.<\/p>\n<h3>Jak zainstalowa\u0107 na iOS<\/h3>\n<ol>\n<li>Otw\u00f3rz stron\u0119 internetow\u0105 Spinsahara w przegl\u0105darce Safari.<\/li>\n<li>Naci\u015bnij ikon\u0119 \u201eUdost\u0119pnij\u201d na dole ekranu.<\/li>\n<li>Wybierz \u201eDodaj do ekranu g\u0142\u00f3wnego\u201d.<\/li>\n<li>Potwierd\u017a, klikaj\u0105c \u201eDodaj\u201d w prawym g\u00f3rnym rogu.<\/li>\n<\/ol>\n<p>Ikona Spinsahara pojawi si\u0119 na ekranie g\u0142\u00f3wnym i b\u0119dzie gotowa do uruchomienia. Je\u015bli potrzebujesz pomocy przy instalacji lub masz inne pytania, nasz zesp\u00f3\u0142 pomocy technicznej jest dost\u0119pny poprzez czat na \u017cywo lub e-mail.<\/p>\n<p><img loading=\"lazy\" decoding=\"async\" src=\"https:\/\/thespinsahara.net\/wp-content\/uploads\/2025\/12\/Spinsahara-iOS-App.webp\" alt=\"Spinsahara iOS App\" width=\"1248\" height=\"536\" \/><\/p>\n<\/div><\/div><div style=\"clear: both\"><\/div><div class=\"d-flex justify-content-center\"><button data-item=\"decouvrez_link\" data-group=\"website_links\" class=\"goto fw-bold rounded-pill btn btn-orange\" aria-label=\"Pobierz Spinsahara\" >Pobierz Spinsahara<\/button><\/div><div class=\"scrollable-content-wrap my-5\"><div class=\"scrollable-content-inner\"><h2>Pobierz aplikacje dla system\u00f3w Windows i macOS<\/h2>\n<p>Mo\u017cesz uruchomi\u0107 Spin Sahara Casino na swoim komputerze dzi\u0119ki naszej lekkiej aplikacji internetowej dla system\u00f3w Windows i macOS. Nie wymaga ona instalacji, pobierania ani skomplikowanej konfiguracji. Wszystko dzia\u0142a w przegl\u0105darce, ale po zainstalowaniu na komputerze oprogramowanie otwiera si\u0119 w osobnym oknie i dzia\u0142a jak zwyk\u0142y program. Gracze maj\u0105 tu dost\u0119p do wszystkich gier, bonus\u00f3w i narz\u0119dzi konta za pomoc\u0105 jednego klikni\u0119cia.<\/p>\n<p>Zainstalowanie aplikacji internetowej dla system\u00f3w Windows i macOS na ekranie g\u0142\u00f3wnym komputera jest proste. Wejd\u017a na stron\u0119 internetow\u0105 Spinsahara i utw\u00f3rz skr\u00f3t na pulpicie za pomoc\u0105 menu przegl\u0105darki. Skr\u00f3t ten stanie si\u0119 Twoj\u0105 aplikacj\u0105 internetow\u0105 Spin Sahara. Interfejs zar\u00f3wno dla systemu Windows, jak i macOS dostosowuje si\u0119 do rozmiaru ekranu. Mo\u017cesz korzysta\u0107 z laptopa lub komputera stacjonarnego. Wszystkie funkcje b\u0119d\u0105 dost\u0119pne na ka\u017cdym urz\u0105dzeniu, na przyk\u0142ad ustawienia konta, narz\u0119dzia odpowiedzialnej gry i proces weryfikacji.<\/p>\n<p><img loading=\"lazy\" decoding=\"async\" src=\"https:\/\/thespinsahara.net\/wp-content\/uploads\/2025\/12\/Spinsahara-Desktop-App.webp\" alt=\"Spinsahara Desktop\" width=\"1248\" height=\"536\" \/><\/p>\n<\/div><\/div><div style=\"clear: both\"><\/div><div class=\"d-flex justify-content-center\"><button data-item=\"decouvrez_link\" data-group=\"website_links\" class=\"goto fw-bold rounded-pill btn btn-orange\" aria-label=\"Pobierz aplikacj\u0119 Spinsahara\" >Pobierz aplikacj\u0119 Spinsahara<\/button><\/div><div class=\"scrollable-content-wrap my-5\"><div class=\"scrollable-content-inner\"><h2>Cz\u0119sto zadawane pytania<\/h2>\n<h3>Czy aplikacja Spin Sahara Casino oferuje obs\u0142ug\u0119 klienta?<\/h3>\n<p>Tak, aplikacja Spinsahara zapewnia pe\u0142n\u0105 obs\u0142ug\u0119 klienta. Gracze mog\u0105 skontaktowa\u0107 si\u0119 z naszym zespo\u0142em w dowolnym momencie za po\u015brednictwem czatu online lub poczty elektronicznej. Nasz zesp\u00f3\u0142 wsparcia technicznego jest dost\u0119pny 24 godziny na dob\u0119, 7 dni w tygodniu, w wielu j\u0119zykach. Nasi specjali\u015bci odpowiedz\u0105 na pytania dotycz\u0105ce zarz\u0105dzania kontem, p\u0142atno\u015bci, zasad gry, promocji i nie tylko.<\/p>\n<h3>Czy do korzystania z aplikacji Spin Sahara konieczne jest utworzenie konta?<\/h3>\n<p>Tak, aby korzysta\u0107 z aplikacji Spinsahara, potrzebujesz konta. Wszystkie funkcje kasyna, w tym gry, bonusy, wp\u0142aty i wyp\u0142aty, s\u0105 dost\u0119pne wy\u0142\u0105cznie dla zarejestrowanych u\u017cytkownik\u00f3w. Tylko zarejestrowani u\u017cytkownicy mog\u0105 korzysta\u0107 z naszych funkcji zar\u00f3wno w przegl\u0105darce, jak i w aplikacji.<\/p>\n<h3>Czy wszystkie gry s\u0105 dost\u0119pne w aplikacji?<\/h3>\n<p>Tak, aplikacja Spinsahara oferuje pe\u0142en katalog gier. Gracze mog\u0105 korzysta\u0107 z automat\u00f3w online, gier sto\u0142owych, gier kasynowych z krupierem na \u017cywo oraz gier z natychmiastow\u0105 wygran\u0105 w aplikacji. Ka\u017cda gra dost\u0119pna w wersji przegl\u0105darkowej jest w pe\u0142ni zoptymalizowana pod k\u0105tem urz\u0105dze\u0144 mobilnych. Wszystkie gry w aplikacji s\u0105 przesy\u0142ane strumieniowo w wysokiej jako\u015bci i bez op\u00f3\u017anie\u0144.<\/p>\n<h3>Jak mog\u0119 zaktualizowa\u0107 aplikacj\u0119 Spinsahara Casino?<\/h3>\n<p>Nie ma potrzeby r\u0119cznej aktualizacji aplikacji Spinsahara. Aktualizacje s\u0105 wykonywane automatycznie poprzez system progresywnych aplikacji internetowych. Wszelkie ulepszenia, poprawki b\u0142\u0119d\u00f3w i nowe funkcje s\u0105 stosowane automatycznie. Gracze korzystaj\u0105cy z naszej aplikacji PWA maj\u0105 dost\u0119p do najnowszej wersji bez konieczno\u015bci r\u0119cznego pobierania lub instalowania czegokolwiek.<\/p>\n<\/div><\/div><\/p>\n","protected":false},"excerpt":{"rendered":"<p>Aplikacja Spinsahara Gaming Spinsahara app oferuje w pe\u0142ni zoptymalizowane do\u015bwiadczenie gry na urz\u0105dzeniach mobilnych dla naszych polskich graczy. Zapewnia wygodny dost\u0119p do ca\u0142ej naszej oferty gier, promocji i funkcji konta z dowolnego urz\u0105dzenia. Oprogramowanie dostosowuje si\u0119 do ka\u017cdego rozmiaru ekranu i dzia\u0142a p\u0142ynnie na wszystkich urz\u0105dzeniach. Wszystkie funkcje kasyna dzia\u0142aj\u0105 tak samo jak w przegl\u0105darce [&hellip;]<\/p>\n","protected":false},"author":1,"featured_media":0,"parent":0,"menu_order":0,"comment_status":"closed","ping_status":"closed","template":"template-builder.php","meta":{"_acf_changed":false,"inline_featured_image":false,"footnotes":""},"class_list":["post-1426","page","type-page","status-publish","hentry"],"acf":[],"yoast_head":"<!-- This site is optimized with the Yoast SEO plugin v27.3 - https:\/\/yoast.com\/product\/yoast-seo-wordpress\/ -->\n<title>Aplikacja Spinsahara | Platformy iOS i Android<\/title>\n<meta name=\"description\" content=\"Aplikacja Spinsahara zapewnia p\u0142ynn\u0105 rozgrywk\u0119 w kasynie na systemach Android, iOS, Windows i macOS, oferuj\u0105c zsynchronizowane konta, regularne aktualizacje i wbudowan\u0105 obs\u0142ug\u0119 klienta, co zapewnia bezproblemowe korzystanie z aplikacji.\" \/>\n<meta name=\"robots\" content=\"index, follow, max-snippet:-1, max-image-preview:large, max-video-preview:-1\" \/>\n<link rel=\"canonical\" href=\"https:\/\/thespinsahara.net\/pl\/aplikacja\/\" \/>\n<meta property=\"og:locale\" content=\"pl_PL\" \/>\n<meta property=\"og:type\" content=\"article\" \/>\n<meta property=\"og:title\" content=\"Aplikacja Spinsahara | Platformy iOS i Android\" \/>\n<meta property=\"og:description\" content=\"Aplikacja Spinsahara zapewnia p\u0142ynn\u0105 rozgrywk\u0119 w kasynie na systemach Android, iOS, Windows i macOS, oferuj\u0105c zsynchronizowane konta, regularne aktualizacje i wbudowan\u0105 obs\u0142ug\u0119 klienta, co zapewnia bezproblemowe korzystanie z aplikacji.\" \/>\n<meta property=\"og:url\" content=\"https:\/\/thespinsahara.net\/pl\/aplikacja\/\" \/>\n<meta property=\"og:site_name\" content=\"spinsahara\" \/>\n<meta property=\"article:modified_time\" content=\"2025-12-10T10:48:06+00:00\" \/>\n<meta name=\"twitter:card\" content=\"summary_large_image\" \/>\n<meta name=\"twitter:label1\" content=\"Est. reading time\" \/>\n\t<meta name=\"twitter:data1\" content=\"2 minutes\" \/>\n<script type=\"application\/ld+json\" class=\"yoast-schema-graph\">{\"@context\":\"https:\\\/\\\/schema.org\",\"@graph\":[{\"@type\":\"WebPage\",\"@id\":\"https:\\\/\\\/thespinsahara.net\\\/pl\\\/aplikacja\\\/\",\"url\":\"https:\\\/\\\/thespinsahara.net\\\/pl\\\/aplikacja\\\/\",\"name\":\"Aplikacja Spinsahara | Platformy iOS i Android\",\"isPartOf\":{\"@id\":\"https:\\\/\\\/thespinsahara.net\\\/pl\\\/#website\"},\"datePublished\":\"2025-12-09T14:14:12+00:00\",\"dateModified\":\"2025-12-10T10:48:06+00:00\",\"description\":\"Aplikacja Spinsahara zapewnia p\u0142ynn\u0105 rozgrywk\u0119 w kasynie na systemach Android, iOS, Windows i macOS, oferuj\u0105c zsynchronizowane konta, regularne aktualizacje i wbudowan\u0105 obs\u0142ug\u0119 klienta, co zapewnia bezproblemowe korzystanie z aplikacji.\",\"breadcrumb\":{\"@id\":\"https:\\\/\\\/thespinsahara.net\\\/pl\\\/aplikacja\\\/#breadcrumb\"},\"inLanguage\":\"pl-PL\",\"potentialAction\":[{\"@type\":\"ReadAction\",\"target\":[\"https:\\\/\\\/thespinsahara.net\\\/pl\\\/aplikacja\\\/\"]}]},{\"@type\":\"BreadcrumbList\",\"@id\":\"https:\\\/\\\/thespinsahara.net\\\/pl\\\/aplikacja\\\/#breadcrumb\",\"itemListElement\":[{\"@type\":\"ListItem\",\"position\":1,\"name\":\"Spinsahara\",\"item\":\"https:\\\/\\\/thespinsahara.net\\\/pl\\\/\"},{\"@type\":\"ListItem\",\"position\":2,\"name\":\"Aplikacja\"}]},{\"@type\":\"WebSite\",\"@id\":\"https:\\\/\\\/thespinsahara.net\\\/pl\\\/#website\",\"url\":\"https:\\\/\\\/thespinsahara.net\\\/pl\\\/\",\"name\":\"Spinsahara\",\"description\":\"\",\"publisher\":{\"@id\":\"https:\\\/\\\/thespinsahara.net\\\/pl\\\/#organization\"},\"potentialAction\":[{\"@type\":\"SearchAction\",\"target\":{\"@type\":\"EntryPoint\",\"urlTemplate\":\"https:\\\/\\\/thespinsahara.net\\\/pl\\\/?s={search_term_string}\"},\"query-input\":{\"@type\":\"PropertyValueSpecification\",\"valueRequired\":true,\"valueName\":\"search_term_string\"}}],\"inLanguage\":\"pl-PL\"},{\"@type\":\"Organization\",\"@id\":\"https:\\\/\\\/thespinsahara.net\\\/pl\\\/#organization\",\"name\":\"Spinsahara\",\"url\":\"https:\\\/\\\/thespinsahara.net\\\/pl\\\/\",\"logo\":{\"@type\":\"ImageObject\",\"inLanguage\":\"pl-PL\",\"@id\":\"https:\\\/\\\/thespinsahara.net\\\/pl\\\/#\\\/schema\\\/logo\\\/image\\\/\",\"url\":\"https:\\\/\\\/thespinsahara.net\\\/wp-content\\\/uploads\\\/2025\\\/12\\\/logo.svg\",\"contentUrl\":\"https:\\\/\\\/thespinsahara.net\\\/wp-content\\\/uploads\\\/2025\\\/12\\\/logo.svg\",\"width\":160,\"height\":31,\"caption\":\"Spinsahara\"},\"image\":{\"@id\":\"https:\\\/\\\/thespinsahara.net\\\/pl\\\/#\\\/schema\\\/logo\\\/image\\\/\"}}]}<\/script>\n<!-- \/ Yoast SEO plugin. -->","yoast_head_json":{"title":"Aplikacja Spinsahara | Platformy iOS i Android","description":"Aplikacja Spinsahara zapewnia p\u0142ynn\u0105 rozgrywk\u0119 w kasynie na systemach Android, iOS, Windows i macOS, oferuj\u0105c zsynchronizowane konta, regularne aktualizacje i wbudowan\u0105 obs\u0142ug\u0119 klienta, co zapewnia bezproblemowe korzystanie z aplikacji.","robots":{"index":"index","follow":"follow","max-snippet":"max-snippet:-1","max-image-preview":"max-image-preview:large","max-video-preview":"max-video-preview:-1"},"canonical":"https:\/\/thespinsahara.net\/pl\/aplikacja\/","og_locale":"pl_PL","og_type":"article","og_title":"Aplikacja Spinsahara | Platformy iOS i Android","og_description":"Aplikacja Spinsahara zapewnia p\u0142ynn\u0105 rozgrywk\u0119 w kasynie na systemach Android, iOS, Windows i macOS, oferuj\u0105c zsynchronizowane konta, regularne aktualizacje i wbudowan\u0105 obs\u0142ug\u0119 klienta, co zapewnia bezproblemowe korzystanie z aplikacji.","og_url":"https:\/\/thespinsahara.net\/pl\/aplikacja\/","og_site_name":"spinsahara","article_modified_time":"2025-12-10T10:48:06+00:00","twitter_card":"summary_large_image","twitter_misc":{"Est. reading time":"2 minutes"},"schema":{"@context":"https:\/\/schema.org","@graph":[{"@type":"WebPage","@id":"https:\/\/thespinsahara.net\/pl\/aplikacja\/","url":"https:\/\/thespinsahara.net\/pl\/aplikacja\/","name":"Aplikacja Spinsahara | Platformy iOS i Android","isPartOf":{"@id":"https:\/\/thespinsahara.net\/pl\/#website"},"datePublished":"2025-12-09T14:14:12+00:00","dateModified":"2025-12-10T10:48:06+00:00","description":"Aplikacja Spinsahara zapewnia p\u0142ynn\u0105 rozgrywk\u0119 w kasynie na systemach Android, iOS, Windows i macOS, oferuj\u0105c zsynchronizowane konta, regularne aktualizacje i wbudowan\u0105 obs\u0142ug\u0119 klienta, co zapewnia bezproblemowe korzystanie z aplikacji.","breadcrumb":{"@id":"https:\/\/thespinsahara.net\/pl\/aplikacja\/#breadcrumb"},"inLanguage":"pl-PL","potentialAction":[{"@type":"ReadAction","target":["https:\/\/thespinsahara.net\/pl\/aplikacja\/"]}]},{"@type":"BreadcrumbList","@id":"https:\/\/thespinsahara.net\/pl\/aplikacja\/#breadcrumb","itemListElement":[{"@type":"ListItem","position":1,"name":"Spinsahara","item":"https:\/\/thespinsahara.net\/pl\/"},{"@type":"ListItem","position":2,"name":"Aplikacja"}]},{"@type":"WebSite","@id":"https:\/\/thespinsahara.net\/pl\/#website","url":"https:\/\/thespinsahara.net\/pl\/","name":"Spinsahara","description":"","publisher":{"@id":"https:\/\/thespinsahara.net\/pl\/#organization"},"potentialAction":[{"@type":"SearchAction","target":{"@type":"EntryPoint","urlTemplate":"https:\/\/thespinsahara.net\/pl\/?s={search_term_string}"},"query-input":{"@type":"PropertyValueSpecification","valueRequired":true,"valueName":"search_term_string"}}],"inLanguage":"pl-PL"},{"@type":"Organization","@id":"https:\/\/thespinsahara.net\/pl\/#organization","name":"Spinsahara","url":"https:\/\/thespinsahara.net\/pl\/","logo":{"@type":"ImageObject","inLanguage":"pl-PL","@id":"https:\/\/thespinsahara.net\/pl\/#\/schema\/logo\/image\/","url":"https:\/\/thespinsahara.net\/wp-content\/uploads\/2025\/12\/logo.svg","contentUrl":"https:\/\/thespinsahara.net\/wp-content\/uploads\/2025\/12\/logo.svg","width":160,"height":31,"caption":"Spinsahara"},"image":{"@id":"https:\/\/thespinsahara.net\/pl\/#\/schema\/logo\/image\/"}}]}},"_links":{"self":[{"href":"https:\/\/thespinsahara.net\/pl\/wp-json\/wp\/v2\/pages\/1426","targetHints":{"allow":["GET"]}}],"collection":[{"href":"https:\/\/thespinsahara.net\/pl\/wp-json\/wp\/v2\/pages"}],"about":[{"href":"https:\/\/thespinsahara.net\/pl\/wp-json\/wp\/v2\/types\/page"}],"author":[{"embeddable":true,"href":"https:\/\/thespinsahara.net\/pl\/wp-json\/wp\/v2\/users\/1"}],"replies":[{"embeddable":true,"href":"https:\/\/thespinsahara.net\/pl\/wp-json\/wp\/v2\/comments?post=1426"}],"version-history":[{"count":2,"href":"https:\/\/thespinsahara.net\/pl\/wp-json\/wp\/v2\/pages\/1426\/revisions"}],"predecessor-version":[{"id":1785,"href":"https:\/\/thespinsahara.net\/pl\/wp-json\/wp\/v2\/pages\/1426\/revisions\/1785"}],"wp:attachment":[{"href":"https:\/\/thespinsahara.net\/pl\/wp-json\/wp\/v2\/media?parent=1426"}],"curies":[{"name":"wp","href":"https:\/\/api.w.org\/{rel}","templated":true}]}}