{"id":1464,"date":"2025-12-09T14:18:56","date_gmt":"2025-12-09T14:18:56","guid":{"rendered":"https:\/\/thespinsahara.net\/login-and-registration\/"},"modified":"2025-12-10T10:29:39","modified_gmt":"2025-12-10T10:29:39","slug":"accesso-e-registrazione","status":"publish","type":"page","link":"https:\/\/thespinsahara.net\/it\/accesso-e-registrazione\/","title":{"rendered":"Accesso e registrazione"},"content":{"rendered":"<h1>Accesso a Spinsahara: registrazione e controllo dell&#8217;account<\/h1>\n<p>Completa la procedura di Spinsahara login per utilizzare il nostro casin\u00f2. Se non hai ancora un account, devi registrarti. Solo gli utenti italiani registrati possono accedere alla piattaforma. Ai nostri membri, la piattaforma offre una protezione completa grazie alla tecnologia SSL avanzata, alla crittografia e ad altre misure di sicurezza dei dati. Una volta completata la procedura di login su Spinsahara, potrai giocare a centinaia di giochi, gestire il tuo account e ricevere bonus.<\/p>\n<p><div class=\"banner-wrap\" aria-label=\"Banner\"><img src=\"https:\/\/thespinsahara.net\/wp-content\/uploads\/2025\/12\/Spinsahara-banner-carousel-932\u0445400-12.webp\" class=\"w-100 d-none d-lg-block img-pc main-banner-img\" alt=\"Spinsahara Desktop Banner\" fetchpriority=\"high\" decoding=\"async\"><img src=\"https:\/\/thespinsahara.net\/wp-content\/uploads\/2025\/12\/Spinsahara-Mobile-Banner.webp\" class=\"w-100 d-none d-md-block d-lg-none main-banner-img\" alt=\"Spinsahara Mobile Banner\" fetchpriority=\"high\" decoding=\"async\"><img src=\"https:\/\/thespinsahara.net\/wp-content\/uploads\/2025\/12\/Spinsahara-Mobile-Banner.webp\" class=\"w-100 d-md-none\" alt=\"Spinsahara Mobile Banner\" fetchpriority=\"high\" decoding=\"async\"><div class=\"banner-description\">\n<div class=\"banner-title\">Bonus di benvenuto<\/div>\n<p class=\"banner-header-title\">1500 \u20ac<\/p>\n<div class=\"banner-header-AdditionalText\">+ 250 Giri gratuiti<\/div>\n<button data-item=\"homepage_banner_link\" class=\"goto m-button m-gradient-border m-button--primary m-button--large banner-button btn-orange\">\n            <div class=\"m-button-content\">\n                <span>Iscriviti ora<\/span>\n                <span><\/span>\n            <\/div>\n        <\/button>\n<\/div>\n<div class=\"WelcomePack\">\n<p><img loading=\"lazy\" decoding=\"async\" class=\"alignnone size-full wp-image-1338\" src=\"https:\/\/thespinsahara.net\/wp-content\/uploads\/2025\/12\/welcome-crown.svg\" alt=\"crown\" width=\"25\" height=\"26\" \/><\/p>\n<div class=\"WelcomePack-Info\">Cashback settimanale fino al 25%<\/div>\n<p><img loading=\"lazy\" decoding=\"async\" class=\"alignnone size-full wp-image-1338\" src=\"https:\/\/thespinsahara.net\/wp-content\/uploads\/2025\/12\/welcome-crown.svg\" alt=\"crown\" width=\"25\" height=\"26\" \/><\/p>\n<\/div>\n<\/div><div class=\"scrollable-content-wrap my-5\"><div class=\"scrollable-content-inner\"><h2>Registrazione di nuovi giocatori su Spin Sahara Casino<\/h2>\n<p>Registrandoti su Spinsahara Casino avrai accesso a tutte le opportunit\u00e0 di gioco. Dopo esserti registrato e aver completato la procedura di login su Spinsahara, avrai accesso a oltre 6.000 giochi, generosi bonus, strumenti di gioco responsabile, tornei e tutte le funzionalit\u00e0 dell&#8217;account.<\/p>\n<p>Solo gli utenti verificati possono giocare con denaro reale o in modalit\u00e0 demo, attivare promozioni, gestire depositi e prelevare vincite. La registrazione offre ai giocatori un ambiente di gioco completamente sicuro con tecnologia di sicurezza avanzata.<\/p>\n<h3>Crea il tuo account<\/h3>\n<ol>\n<li>Clicca sul pulsante &#8220;Registrati&#8221; nella home page.<\/li>\n<li>Sullo schermo apparir\u00e0 un modulo di registrazione.<\/li>\n<li>Inserisci il tuo indirizzo e-mail e crea una password sicura.<\/li>\n<li>Se hai un codice promozionale, aggiungilo.<\/li>\n<li>Conferma di accettare i Termini di utilizzo e l&#8217;Informativa sulla privacy. Conferma inoltre di avere almeno 18 anni.<\/li>\n<li>Clicca su &#8220;Salva&#8221;.<\/li>\n<li>Apri l&#8217;e-mail inviata da Spinsahara e segui il link per attivare il tuo account.<\/li>\n<\/ol>\n<h2>Accesso e configurazione di un account Spinsahara<\/h2>\n<p>Il processo di login a Spinsahara \u00e8 facile e veloce. Dopodich\u00e9, potrai gestire le impostazioni del tuo account Spinsahara. Tutto \u00e8 gestito tramite un unico pannello di controllo sicuro.<\/p>\n<h3>Come effettuare il login<\/h3>\n<ol>\n<li>Clicca sul pulsante &#8220;Accedi&#8221; per avviare la procedura di accesso a Spinsahara.<\/li>\n<li>Inserisci il tuo indirizzo e-mail e la password.<\/li>\n<li>Clicca su &#8220;Accedi&#8221; per accedere al tuo account.<\/li>\n<\/ol>\n<h3>Hai dimenticato la password?<\/h3>\n<p>Il ripristino dell&#8217;accesso richiede solo pochi minuti:<\/p>\n<ol>\n<li>Clicca su &#8220;Accedi&#8221; nella homepage di Spin Sahara.<\/li>\n<li>Seleziona &#8220;Hai dimenticato la password?&#8221;<\/li>\n<li>Inserisci il tuo indirizzo e-mail.<\/li>\n<li>Segui il link di reimpostazione contenuto nell&#8217;e-mail inviata da Spin Sahara.<\/li>\n<li>Crea una nuova password e accedi nuovamente.<\/li>\n<\/ol>\n<h3>Spin Sahara Casino: Sicurezza e verifica dell&#8217;account<\/h3>\n<p>Per proteggere il tuo profilo Spinsahara, tutti i giocatori devono completare la verifica KYC completa. Questo passaggio conferma la tua identit\u00e0, il tuo indirizzo e i tuoi dati di pagamento. Il processo di verifica \u00e8 un requisito obbligatorio prima di prelevare fondi o utilizzare bonus. Potrebbe esserti richiesto di fornire la tua carta d&#8217;identit\u00e0 o il passaporto, una prova di residenza, le coordinate bancarie o la patente di guida.<\/p>\n<p>Misure di sicurezza aggiuntive:<\/p>\n<ul>\n<li>SSL a 256 bit<\/li>\n<li>Protocollo HTTPS<\/li>\n<li>Crittografia completa dei dati<\/li>\n<li>Protezione dell&#8217;account con autenticazione a due fattori (2FA)<\/li>\n<li>Software con licenza<\/li>\n<li>Standard di Cura\u00e7ao<\/li>\n<li>Limite di et\u00e0 18+<\/li>\n<\/ul>\n<h2>Domande frequenti<\/h2>\n<h3>Come posso completare il processo di verifica dell&#8217;account?<\/h3>\n<p>Per verificare il tuo account, carica i documenti necessari nella sezione dedicata alla verifica. Potrebbe essere necessario fornire un documento di identit\u00e0, una prova di residenza e le informazioni relative al metodo di pagamento. I nostri professionisti esamineranno tutti i documenti e confermeranno il tuo stato. Una volta approvati, tutte le funzionalit\u00e0 di Spinsahara Casino saranno completamente disponibili.<\/p>\n<h3>Come aggiornare la password o l&#8217;indirizzo e-mail?<\/h3>\n<p>Vai alle impostazioni del tuo account Spinsahara e apri la sezione &#8220;Informazioni personali&#8221;. Qui potrai modificare la tua password o aggiornare il tuo indirizzo e-mail. Conferma le modifiche e segui il link contenuto nell&#8217;e-mail inviata da Spinsahara.<\/p>\n<h3>Cosa devo fare se il mio account \u00e8 bloccato?<\/h3>\n<p>Se il tuo account \u00e8 bloccato, prova innanzitutto a reimpostare la password. Clicca su &#8220;Hai dimenticato la password?&#8221; e segui il link nell&#8217;e-mail. Se il problema persiste, contatta l&#8217;assistenza multilingue tramite live chat o e-mail. I nostri specialisti controlleranno il tuo profilo, ti spiegheranno il motivo e ripristineranno l&#8217;accesso.<\/p>\n<h3>Come posso chiudere o sospendere temporaneamente il mio account?<\/h3>\n<p>Apri la sezione &#8220;Gioco responsabile&#8221; nel tuo account. Qui puoi scegliere un blocco temporaneo, un periodo di pausa o l&#8217;autoesclusione permanente. Seleziona l&#8217;opzione che preferisci e conferma la tua scelta. Se hai bisogno di aiuto, contatta il nostro team di assistenza.<\/p>\n<\/div><\/div><\/p>\n","protected":false},"excerpt":{"rendered":"<p>Accesso a Spinsahara: registrazione e controllo dell&#8217;account Completa la procedura di Spinsahara login per utilizzare il nostro casin\u00f2. Se non hai ancora un account, devi registrarti. Solo gli utenti italiani registrati possono accedere alla piattaforma. Ai nostri membri, la piattaforma offre una protezione completa grazie alla tecnologia SSL avanzata, alla crittografia e ad altre misure [&hellip;]<\/p>\n","protected":false},"author":1,"featured_media":0,"parent":0,"menu_order":0,"comment_status":"closed","ping_status":"closed","template":"template-builder.php","meta":{"_acf_changed":false,"inline_featured_image":false,"footnotes":""},"class_list":["post-1464","page","type-page","status-publish","hentry"],"acf":[],"yoast_head":"<!-- This site is optimized with the Yoast SEO plugin v27.3 - https:\/\/yoast.com\/product\/yoast-seo-wordpress\/ -->\n<title>Spinsahara login e registrazione<\/title>\n<meta name=\"description\" content=\"Crea, gestisci e verifica il tuo account Spinsahara Casino senza alcuno sforzo. Approfitta della registrazione rapida, del facile recupero dell&#039;account e della chiusura sicura con Spinsahara Login, che protegge il tuo account 24 ore su 24.\" \/>\n<meta name=\"robots\" content=\"index, follow, max-snippet:-1, max-image-preview:large, max-video-preview:-1\" \/>\n<link rel=\"canonical\" href=\"https:\/\/thespinsahara.net\/it\/accesso-e-registrazione\/\" \/>\n<meta property=\"og:locale\" content=\"it_IT\" \/>\n<meta property=\"og:type\" content=\"article\" \/>\n<meta property=\"og:title\" content=\"Spinsahara login e registrazione\" \/>\n<meta property=\"og:description\" content=\"Crea, gestisci e verifica il tuo account Spinsahara Casino senza alcuno sforzo. Approfitta della registrazione rapida, del facile recupero dell&#039;account e della chiusura sicura con Spinsahara Login, che protegge il tuo account 24 ore su 24.\" \/>\n<meta property=\"og:url\" content=\"https:\/\/thespinsahara.net\/it\/accesso-e-registrazione\/\" \/>\n<meta property=\"og:site_name\" content=\"spinsahara\" \/>\n<meta property=\"article:modified_time\" content=\"2025-12-10T10:29:39+00:00\" \/>\n<meta name=\"twitter:card\" content=\"summary_large_image\" \/>\n<meta name=\"twitter:label1\" content=\"Est. reading time\" \/>\n\t<meta name=\"twitter:data1\" content=\"1 minute\" \/>\n<script type=\"application\/ld+json\" class=\"yoast-schema-graph\">{\"@context\":\"https:\\\/\\\/schema.org\",\"@graph\":[{\"@type\":\"WebPage\",\"@id\":\"https:\\\/\\\/thespinsahara.net\\\/it\\\/accesso-e-registrazione\\\/\",\"url\":\"https:\\\/\\\/thespinsahara.net\\\/it\\\/accesso-e-registrazione\\\/\",\"name\":\"Spinsahara login e registrazione\",\"isPartOf\":{\"@id\":\"https:\\\/\\\/thespinsahara.net\\\/it\\\/#website\"},\"datePublished\":\"2025-12-09T14:18:56+00:00\",\"dateModified\":\"2025-12-10T10:29:39+00:00\",\"description\":\"Crea, gestisci e verifica il tuo account Spinsahara Casino senza alcuno sforzo. Approfitta della registrazione rapida, del facile recupero dell'account e della chiusura sicura con Spinsahara Login, che protegge il tuo account 24 ore su 24.\",\"breadcrumb\":{\"@id\":\"https:\\\/\\\/thespinsahara.net\\\/it\\\/accesso-e-registrazione\\\/#breadcrumb\"},\"inLanguage\":\"it-IT\",\"potentialAction\":[{\"@type\":\"ReadAction\",\"target\":[\"https:\\\/\\\/thespinsahara.net\\\/it\\\/accesso-e-registrazione\\\/\"]}]},{\"@type\":\"BreadcrumbList\",\"@id\":\"https:\\\/\\\/thespinsahara.net\\\/it\\\/accesso-e-registrazione\\\/#breadcrumb\",\"itemListElement\":[{\"@type\":\"ListItem\",\"position\":1,\"name\":\"Spinsahara\",\"item\":\"https:\\\/\\\/thespinsahara.net\\\/it\\\/\"},{\"@type\":\"ListItem\",\"position\":2,\"name\":\"Accesso e registrazione\"}]},{\"@type\":\"WebSite\",\"@id\":\"https:\\\/\\\/thespinsahara.net\\\/it\\\/#website\",\"url\":\"https:\\\/\\\/thespinsahara.net\\\/it\\\/\",\"name\":\"Spinsahara\",\"description\":\"\",\"publisher\":{\"@id\":\"https:\\\/\\\/thespinsahara.net\\\/it\\\/#organization\"},\"potentialAction\":[{\"@type\":\"SearchAction\",\"target\":{\"@type\":\"EntryPoint\",\"urlTemplate\":\"https:\\\/\\\/thespinsahara.net\\\/it\\\/?s={search_term_string}\"},\"query-input\":{\"@type\":\"PropertyValueSpecification\",\"valueRequired\":true,\"valueName\":\"search_term_string\"}}],\"inLanguage\":\"it-IT\"},{\"@type\":\"Organization\",\"@id\":\"https:\\\/\\\/thespinsahara.net\\\/it\\\/#organization\",\"name\":\"Spinsahara\",\"url\":\"https:\\\/\\\/thespinsahara.net\\\/it\\\/\",\"logo\":{\"@type\":\"ImageObject\",\"inLanguage\":\"it-IT\",\"@id\":\"https:\\\/\\\/thespinsahara.net\\\/it\\\/#\\\/schema\\\/logo\\\/image\\\/\",\"url\":\"https:\\\/\\\/thespinsahara.net\\\/wp-content\\\/uploads\\\/2025\\\/12\\\/logo.svg\",\"contentUrl\":\"https:\\\/\\\/thespinsahara.net\\\/wp-content\\\/uploads\\\/2025\\\/12\\\/logo.svg\",\"width\":160,\"height\":31,\"caption\":\"Spinsahara\"},\"image\":{\"@id\":\"https:\\\/\\\/thespinsahara.net\\\/it\\\/#\\\/schema\\\/logo\\\/image\\\/\"}}]}<\/script>\n<!-- \/ Yoast SEO plugin. -->","yoast_head_json":{"title":"Spinsahara login e registrazione","description":"Crea, gestisci e verifica il tuo account Spinsahara Casino senza alcuno sforzo. Approfitta della registrazione rapida, del facile recupero dell'account e della chiusura sicura con Spinsahara Login, che protegge il tuo account 24 ore su 24.","robots":{"index":"index","follow":"follow","max-snippet":"max-snippet:-1","max-image-preview":"max-image-preview:large","max-video-preview":"max-video-preview:-1"},"canonical":"https:\/\/thespinsahara.net\/it\/accesso-e-registrazione\/","og_locale":"it_IT","og_type":"article","og_title":"Spinsahara login e registrazione","og_description":"Crea, gestisci e verifica il tuo account Spinsahara Casino senza alcuno sforzo. Approfitta della registrazione rapida, del facile recupero dell'account e della chiusura sicura con Spinsahara Login, che protegge il tuo account 24 ore su 24.","og_url":"https:\/\/thespinsahara.net\/it\/accesso-e-registrazione\/","og_site_name":"spinsahara","article_modified_time":"2025-12-10T10:29:39+00:00","twitter_card":"summary_large_image","twitter_misc":{"Est. reading time":"1 minute"},"schema":{"@context":"https:\/\/schema.org","@graph":[{"@type":"WebPage","@id":"https:\/\/thespinsahara.net\/it\/accesso-e-registrazione\/","url":"https:\/\/thespinsahara.net\/it\/accesso-e-registrazione\/","name":"Spinsahara login e registrazione","isPartOf":{"@id":"https:\/\/thespinsahara.net\/it\/#website"},"datePublished":"2025-12-09T14:18:56+00:00","dateModified":"2025-12-10T10:29:39+00:00","description":"Crea, gestisci e verifica il tuo account Spinsahara Casino senza alcuno sforzo. Approfitta della registrazione rapida, del facile recupero dell'account e della chiusura sicura con Spinsahara Login, che protegge il tuo account 24 ore su 24.","breadcrumb":{"@id":"https:\/\/thespinsahara.net\/it\/accesso-e-registrazione\/#breadcrumb"},"inLanguage":"it-IT","potentialAction":[{"@type":"ReadAction","target":["https:\/\/thespinsahara.net\/it\/accesso-e-registrazione\/"]}]},{"@type":"BreadcrumbList","@id":"https:\/\/thespinsahara.net\/it\/accesso-e-registrazione\/#breadcrumb","itemListElement":[{"@type":"ListItem","position":1,"name":"Spinsahara","item":"https:\/\/thespinsahara.net\/it\/"},{"@type":"ListItem","position":2,"name":"Accesso e registrazione"}]},{"@type":"WebSite","@id":"https:\/\/thespinsahara.net\/it\/#website","url":"https:\/\/thespinsahara.net\/it\/","name":"Spinsahara","description":"","publisher":{"@id":"https:\/\/thespinsahara.net\/it\/#organization"},"potentialAction":[{"@type":"SearchAction","target":{"@type":"EntryPoint","urlTemplate":"https:\/\/thespinsahara.net\/it\/?s={search_term_string}"},"query-input":{"@type":"PropertyValueSpecification","valueRequired":true,"valueName":"search_term_string"}}],"inLanguage":"it-IT"},{"@type":"Organization","@id":"https:\/\/thespinsahara.net\/it\/#organization","name":"Spinsahara","url":"https:\/\/thespinsahara.net\/it\/","logo":{"@type":"ImageObject","inLanguage":"it-IT","@id":"https:\/\/thespinsahara.net\/it\/#\/schema\/logo\/image\/","url":"https:\/\/thespinsahara.net\/wp-content\/uploads\/2025\/12\/logo.svg","contentUrl":"https:\/\/thespinsahara.net\/wp-content\/uploads\/2025\/12\/logo.svg","width":160,"height":31,"caption":"Spinsahara"},"image":{"@id":"https:\/\/thespinsahara.net\/it\/#\/schema\/logo\/image\/"}}]}},"_links":{"self":[{"href":"https:\/\/thespinsahara.net\/it\/wp-json\/wp\/v2\/pages\/1464","targetHints":{"allow":["GET"]}}],"collection":[{"href":"https:\/\/thespinsahara.net\/it\/wp-json\/wp\/v2\/pages"}],"about":[{"href":"https:\/\/thespinsahara.net\/it\/wp-json\/wp\/v2\/types\/page"}],"author":[{"embeddable":true,"href":"https:\/\/thespinsahara.net\/it\/wp-json\/wp\/v2\/users\/1"}],"replies":[{"embeddable":true,"href":"https:\/\/thespinsahara.net\/it\/wp-json\/wp\/v2\/comments?post=1464"}],"version-history":[{"count":1,"href":"https:\/\/thespinsahara.net\/it\/wp-json\/wp\/v2\/pages\/1464\/revisions"}],"predecessor-version":[{"id":1731,"href":"https:\/\/thespinsahara.net\/it\/wp-json\/wp\/v2\/pages\/1464\/revisions\/1731"}],"wp:attachment":[{"href":"https:\/\/thespinsahara.net\/it\/wp-json\/wp\/v2\/media?parent=1464"}],"curies":[{"name":"wp","href":"https:\/\/api.w.org\/{rel}","templated":true}]}}