{"id":1424,"date":"2025-12-09T14:14:12","date_gmt":"2025-12-09T14:14:12","guid":{"rendered":"https:\/\/thespinsahara.net\/app\/"},"modified":"2025-12-10T10:28:23","modified_gmt":"2025-12-10T10:28:23","slug":"applicazione","status":"publish","type":"page","link":"https:\/\/thespinsahara.net\/it\/applicazione\/","title":{"rendered":"Applicazione"},"content":{"rendered":"<h1>App di gioco Spinsahara<\/h1>\n<p>Spinsahara app offre un&#8217;esperienza di gioco mobile completamente ottimizzata per i giocatori italiani. Consente di accedere comodamente all&#8217;intero portafoglio di giochi, promozioni e funzioni dell&#8217;account da qualsiasi dispositivo. Il software si adatta a qualsiasi dimensione dello schermo e funziona perfettamente su tutti i dispositivi. Tutte le funzionalit\u00e0 del casin\u00f2 funzionano allo stesso modo di un browser o di un PC. Spinsahara supporta il caricamento istantaneo e l&#8217;accesso 24 ore su 24, 7 giorni su 7 a tutti i contenuti della sua app.<\/p>\n<div class=\"banner-wrap\" aria-label=\"Banner\"><img src=\"https:\/\/thespinsahara.net\/wp-content\/uploads\/2025\/12\/Spinsahara-banner-carousel-932\u0445400-12.webp\" class=\"w-100 d-none d-lg-block img-pc main-banner-img\" alt=\"Spinsahara Desktop Banner\" fetchpriority=\"high\" decoding=\"async\"><img src=\"https:\/\/thespinsahara.net\/wp-content\/uploads\/2025\/12\/Spinsahara-Mobile-Banner.webp\" class=\"w-100 d-none d-md-block d-lg-none main-banner-img\" alt=\"Spinsahara Mobile Banner\" fetchpriority=\"high\" decoding=\"async\"><img src=\"https:\/\/thespinsahara.net\/wp-content\/uploads\/2025\/12\/Spinsahara-Mobile-Banner.webp\" class=\"w-100 d-md-none\" alt=\"Spinsahara Mobile Banner\" fetchpriority=\"high\" decoding=\"async\"><div class=\"banner-description\">\n<div class=\"banner-title\">Bonus di benvenuto<\/div>\n<p class=\"banner-header-title\">1500 \u20ac<\/p>\n<div class=\"banner-header-AdditionalText\">+ 250 Giri gratuiti<\/div>\n<button data-item=\"homepage_banner_link\" class=\"goto m-button m-gradient-border m-button--primary m-button--large banner-button btn-orange\">\n            <div class=\"m-button-content\">\n                <span>Iscriviti ora<\/span>\n                <span><\/span>\n            <\/div>\n        <\/button>\n<\/div>\n<div class=\"WelcomePack\">\n<p><img loading=\"lazy\" decoding=\"async\" class=\"alignnone size-full wp-image-1338\" src=\"https:\/\/thespinsahara.net\/wp-content\/uploads\/2025\/12\/welcome-crown.svg\" alt=\"crown\" width=\"25\" height=\"26\" \/><\/p>\n<div class=\"WelcomePack-Info\">Cashback settimanale fino al 25%<\/div>\n<p><img loading=\"lazy\" decoding=\"async\" class=\"alignnone size-full wp-image-1338\" src=\"https:\/\/thespinsahara.net\/wp-content\/uploads\/2025\/12\/welcome-crown.svg\" alt=\"crown\" width=\"25\" height=\"26\" \/><\/p>\n<\/div>\n<\/div>\n<h2>Spinsahara con l&#8217;app mobile<\/h2>\n<p>L&#8217;app mobile Spinsahara \u00e8 progettata per migliorare tutti gli aspetti dell&#8217;esperienza di gioco con un&#8217;interfaccia touch ottimizzata. Il suo principale vantaggio \u00e8 la mobilit\u00e0: puoi gestire il tuo conto casin\u00f2 ovunque ti trovi con un accesso rapido. Il software \u00e8 dotato di un&#8217;interfaccia intuitiva e di notifiche push istantanee. Sebbene la versione per PC abbia uno schermo pi\u00f9 grande, entrambe le piattaforme offrono funzionalit\u00e0 identiche. I giocatori possono godere di tutti i vantaggi di Spinsahara su qualsiasi dispositivo.<\/p>\n<table>\n<tbody>\n<tr>\n<td>Caratteristica<\/td>\n<td>App mobile Spinsahara<\/td>\n<td>Spinsahara Versione PC<\/td>\n<\/tr>\n<tr>\n<td>Portabilit\u00e0<\/td>\n<td>Accesso completo ovunque<\/td>\n<td>Richiede una posizione fissa<\/td>\n<\/tr>\n<tr>\n<td>Progettazione dell&#8217;interfaccia<\/td>\n<td>Navigazione ottimizzata per il tocco e basata sui gesti<\/td>\n<td>Layout widescreen con controllo tramite mouse\/tastiera<\/td>\n<\/tr>\n<tr>\n<td>Notifiche<\/td>\n<td>Notifiche push istantanee per bonus ed eventi<\/td>\n<td>Le notifiche richiedono il controllo del browser o della posta elettronica<\/td>\n<\/tr>\n<tr>\n<td>Esperienza utente<\/td>\n<td>Accesso rapido tramite l&#8217;icona dell&#8217;app, menu semplificati<\/td>\n<td>Navigazione multi-finestra con display pi\u00f9 ampio<\/td>\n<\/tr>\n<tr>\n<td>Comodit\u00e0<\/td>\n<td>Ideale per sessioni veloci e per giocare in movimento<\/td>\n<td>Ideale per lunghe sessioni di gioco su uno schermo di grandi dimensioni<\/td>\n<\/tr>\n<\/tbody>\n<\/table>\n<p><div class=\"scrollable-content-wrap my-5\"><div class=\"scrollable-content-inner\"><h2>App Android Spinsahara Casino<\/h2>\n<p>L&#8217;app Spinsahara Casino per Android ti consente di accedere rapidamente a tutti i giochi e le funzionalit\u00e0 su qualsiasi dispositivo. Funziona all&#8217;istante, si carica rapidamente e non richiede configurazioni complicate. Puoi goderti l&#8217;esperienza del casin\u00f2 mobile direttamente dalla schermata iniziale. Di seguito ti forniremo informazioni sul nostro software e su come scaricarlo.<\/p>\n<h3>APK<\/h3>\n<p>Non \u00e8 necessario scaricare un file APK per installare Spinsahara Casino. Non \u00e8 necessario cercare l&#8217;app nel Play Store e scaricare un file APK. L&#8217;app funziona senza alcun download manuale su Android.<\/p>\n<h3>PWA<\/h3>\n<p>L&#8217;app Spinsahara per Android \u00e8 una moderna applicazione web progressiva (PWA). Non richiede lunghi download o installazioni complicate. \u00c8 possibile scaricare la PWA direttamente dal nostro sito web. Per installarla:<\/p>\n<ol>\n<li>Scorri verso il basso il sito web Spinsahara sul tuo dispositivo Android fino al pulsante &#8220;App Casin\u00f2&#8221;.<\/li>\n<li>Cliccaci sopra, seleziona &#8220;Installa&#8221; e l&#8217;app apparir\u00e0 sulla tua schermata iniziale e nel tuo cassetto delle app.<\/li>\n<li>Si avvia con un solo tocco e funziona rapidamente.<\/li>\n<\/ol>\n<p><img loading=\"lazy\" decoding=\"async\" src=\"https:\/\/thespinsahara.net\/wp-content\/uploads\/2025\/12\/Spinsahara-Android-Application.webp\" alt=\"Spinsahara Android Application\" width=\"1248\" height=\"536\" \/><\/p>\n<\/div><\/div><div style=\"clear: both\"><\/div><div class=\"d-flex justify-content-center\"><button data-item=\"decouvrez_link\" data-group=\"website_links\" class=\"goto fw-bold rounded-pill btn btn-orange\" aria-label=\"Scarica l&#039;app Spinsahara\" >Scarica l&#039;app Spinsahara<\/button><\/div><div class=\"scrollable-content-wrap my-5\"><div class=\"scrollable-content-inner\"><h2>App iOS del casin\u00f2 Spinsahara<\/h2>\n<p>L&#8217;app Spin Sahara Casino per iOS \u00e8 ottimizzata per i dispositivi Apple. Il casin\u00f2 funziona nel browser Safari. Non \u00e8 necessario andare sull&#8217;App Store o scaricare alcun file. Il software iOS funziona come un collegamento nativo con accesso rapido dalla schermata iniziale. Si carica rapidamente e supporta le notifiche push. Dopo l&#8217;installazione, puoi giocare, gestire il tuo account, ricevere bonus e utilizzare qualsiasi altra funzione del nostro casin\u00f2.<\/p>\n<h3>Come installare su iOS<\/h3>\n<ol>\n<li>Apri il sito web Spinsahara in Safari.<\/li>\n<li>Tocca l&#8217;icona &#8220;Condividi&#8221; in basso.<\/li>\n<li>Seleziona &#8220;Aggiungi alla schermata Home&#8221;.<\/li>\n<li>Conferma toccando &#8220;Aggiungi&#8221; nell&#8217;angolo in alto a destra.<\/li>\n<\/ol>\n<p>L&#8217;icona Spinsahara apparir\u00e0 sulla schermata iniziale e sar\u00e0 pronta per essere avviata. Se hai bisogno di aiuto con l&#8217;installazione o hai altre domande, il nostro team di assistenza \u00e8 disponibile tramite live chat o e-mail.<\/p>\n<p><img loading=\"lazy\" decoding=\"async\" src=\"https:\/\/thespinsahara.net\/wp-content\/uploads\/2025\/12\/Spinsahara-iOS-App.webp\" alt=\"Spinsahara iOS App\" width=\"1248\" height=\"536\" \/><\/p>\n<\/div><\/div><div style=\"clear: both\"><\/div><div class=\"d-flex justify-content-center\"><button data-item=\"decouvrez_link\" data-group=\"website_links\" class=\"goto fw-bold rounded-pill btn btn-orange\" aria-label=\"Scarica Spinsahara\" >Scarica Spinsahara<\/button><\/div><div class=\"scrollable-content-wrap my-5\"><div class=\"scrollable-content-inner\"><h2>Ottieni le tue applicazioni Windows e macOS<\/h2>\n<p>Puoi avviare Spin Sahara Casino sul tuo desktop tramite le nostre app web leggere per Windows e macOS. Non \u00e8 richiesta alcuna installazione, download o configurazione complicata. Tutto funziona nel tuo browser, ma una volta installato sul desktop, il software si apre in una finestra separata e si comporta come un normale programma. Qui, i giocatori hanno accesso a tutti i giochi, i bonus e gli strumenti dell&#8217;account con un solo clic.<\/p>\n<p>Installare l&#8217;applicazione web per Windows e macOS sulla schermata iniziale del tuo PC \u00e8 facile. Vai al sito web Spinsahara e crea un collegamento sul desktop tramite il menu del browser. Questo collegamento diventer\u00e0 la tua applicazione web Spin Sahara. L&#8217;interfaccia sia per Windows che per macOS si adatta alle dimensioni dello schermo. Puoi utilizzare un laptop o un computer desktop. Tutte le funzionalit\u00e0 saranno disponibili su qualsiasi dispositivo, ad esempio le impostazioni dell&#8217;account, gli strumenti di gioco responsabile e il processo di verifica.<\/p>\n<p><img loading=\"lazy\" decoding=\"async\" src=\"https:\/\/thespinsahara.net\/wp-content\/uploads\/2025\/12\/Spinsahara-Desktop-App.webp\" alt=\"Spinsahara Desktop\" width=\"1248\" height=\"536\" \/><\/p>\n<\/div><\/div><div style=\"clear: both\"><\/div><div class=\"d-flex justify-content-center\"><button data-item=\"decouvrez_link\" data-group=\"website_links\" class=\"goto fw-bold rounded-pill btn btn-orange\" aria-label=\"Scarica l&#039;app Spinsahara\" >Scarica l&#039;app Spinsahara<\/button><\/div><div class=\"scrollable-content-wrap my-5\"><div class=\"scrollable-content-inner\"><h2>Domande frequenti<\/h2>\n<h3>L&#8217;app Spin Sahara Casino offre assistenza clienti?<\/h3>\n<p>S\u00ec, l&#8217;app Spinsahara offre un servizio di assistenza clienti completo. I giocatori possono contattare il nostro team in qualsiasi momento tramite chat online o e-mail. Il nostro team di assistenza \u00e8 disponibile 24 ore su 24, 7 giorni su 7, in diverse lingue. I nostri professionisti risponderanno a domande relative alla gestione dell&#8217;account, ai pagamenti, alle regole dei giochi, alle promozioni e altro ancora.<\/p>\n<h3>\u00c8 necessario creare un account per utilizzare l&#8217;app Spin Sahara?<\/h3>\n<p>S\u00ec, \u00e8 necessario un account per utilizzare l&#8217;app Spinsahara. Tutte le funzionalit\u00e0 del casin\u00f2, inclusi giochi, bonus, depositi e prelievi, sono disponibili solo per gli utenti registrati. Solo gli utenti registrati possono utilizzare le nostre funzionalit\u00e0 sia nel browser che nell&#8217;app.<\/p>\n<h3>Tutti i giochi sono disponibili nell&#8217;app?<\/h3>\n<p>S\u00ec, l&#8217;app Spinsahara offre un catalogo completo di giochi. I giocatori possono divertirsi con slot online, giochi da tavolo, giochi da casin\u00f2 con croupier dal vivo e giochi a vincita immediata nell&#8217;app. Tutti i giochi disponibili nella versione browser sono completamente ottimizzati per i dispositivi mobili. Tutti i giochi nell&#8217;app sono trasmessi in streaming in alta qualit\u00e0 e senza ritardi.<\/p>\n<h3>Come posso aggiornare l&#8217;app Spinsahara Casino?<\/h3>\n<p>Non \u00e8 necessario aggiornare manualmente l&#8217;app Spinsahara. Gli aggiornamenti vengono eseguiti automaticamente tramite il sistema progressive web app. Eventuali miglioramenti, correzioni di bug e nuove funzionalit\u00e0 vengono applicati automaticamente. I giocatori che utilizzano la nostra PWA hanno accesso all&#8217;ultima versione senza dover scaricare o installare nulla manualmente.<\/p>\n<\/div><\/div><\/p>\n","protected":false},"excerpt":{"rendered":"<p>App di gioco Spinsahara Spinsahara app offre un&#8217;esperienza di gioco mobile completamente ottimizzata per i giocatori italiani. Consente di accedere comodamente all&#8217;intero portafoglio di giochi, promozioni e funzioni dell&#8217;account da qualsiasi dispositivo. Il software si adatta a qualsiasi dimensione dello schermo e funziona perfettamente su tutti i dispositivi. Tutte le funzionalit\u00e0 del casin\u00f2 funzionano allo [&hellip;]<\/p>\n","protected":false},"author":1,"featured_media":0,"parent":0,"menu_order":0,"comment_status":"closed","ping_status":"closed","template":"template-builder.php","meta":{"_acf_changed":false,"inline_featured_image":false,"footnotes":""},"class_list":["post-1424","page","type-page","status-publish","hentry"],"acf":[],"yoast_head":"<!-- This site is optimized with the Yoast SEO plugin v27.3 - https:\/\/yoast.com\/product\/yoast-seo-wordpress\/ -->\n<title>App Spinsahara | Piattaforme iOS e Android<\/title>\n<meta name=\"description\" content=\"L&#039;app Spinsahara offre un&#039;esperienza di gioco fluida su Android, iOS, Windows e macOS, con account sincronizzati, aggiornamenti regolari e assistenza clienti integrata per un&#039;esperienza senza intoppi.\" \/>\n<meta name=\"robots\" content=\"index, follow, max-snippet:-1, max-image-preview:large, max-video-preview:-1\" \/>\n<link rel=\"canonical\" href=\"https:\/\/thespinsahara.net\/it\/applicazione\/\" \/>\n<meta property=\"og:locale\" content=\"it_IT\" \/>\n<meta property=\"og:type\" content=\"article\" \/>\n<meta property=\"og:title\" content=\"App Spinsahara | Piattaforme iOS e Android\" \/>\n<meta property=\"og:description\" content=\"L&#039;app Spinsahara offre un&#039;esperienza di gioco fluida su Android, iOS, Windows e macOS, con account sincronizzati, aggiornamenti regolari e assistenza clienti integrata per un&#039;esperienza senza intoppi.\" \/>\n<meta property=\"og:url\" content=\"https:\/\/thespinsahara.net\/it\/applicazione\/\" \/>\n<meta property=\"og:site_name\" content=\"spinsahara\" \/>\n<meta property=\"article:modified_time\" content=\"2025-12-10T10:28:23+00:00\" \/>\n<meta name=\"twitter:card\" content=\"summary_large_image\" \/>\n<meta name=\"twitter:label1\" content=\"Est. reading time\" \/>\n\t<meta name=\"twitter:data1\" content=\"2 minutes\" \/>\n<script type=\"application\/ld+json\" class=\"yoast-schema-graph\">{\"@context\":\"https:\\\/\\\/schema.org\",\"@graph\":[{\"@type\":\"WebPage\",\"@id\":\"https:\\\/\\\/thespinsahara.net\\\/it\\\/applicazione\\\/\",\"url\":\"https:\\\/\\\/thespinsahara.net\\\/it\\\/applicazione\\\/\",\"name\":\"App Spinsahara | Piattaforme iOS e Android\",\"isPartOf\":{\"@id\":\"https:\\\/\\\/thespinsahara.net\\\/it\\\/#website\"},\"datePublished\":\"2025-12-09T14:14:12+00:00\",\"dateModified\":\"2025-12-10T10:28:23+00:00\",\"description\":\"L'app Spinsahara offre un'esperienza di gioco fluida su Android, iOS, Windows e macOS, con account sincronizzati, aggiornamenti regolari e assistenza clienti integrata per un'esperienza senza intoppi.\",\"breadcrumb\":{\"@id\":\"https:\\\/\\\/thespinsahara.net\\\/it\\\/applicazione\\\/#breadcrumb\"},\"inLanguage\":\"it-IT\",\"potentialAction\":[{\"@type\":\"ReadAction\",\"target\":[\"https:\\\/\\\/thespinsahara.net\\\/it\\\/applicazione\\\/\"]}]},{\"@type\":\"BreadcrumbList\",\"@id\":\"https:\\\/\\\/thespinsahara.net\\\/it\\\/applicazione\\\/#breadcrumb\",\"itemListElement\":[{\"@type\":\"ListItem\",\"position\":1,\"name\":\"Spinsahara\",\"item\":\"https:\\\/\\\/thespinsahara.net\\\/it\\\/\"},{\"@type\":\"ListItem\",\"position\":2,\"name\":\"Applicazione\"}]},{\"@type\":\"WebSite\",\"@id\":\"https:\\\/\\\/thespinsahara.net\\\/it\\\/#website\",\"url\":\"https:\\\/\\\/thespinsahara.net\\\/it\\\/\",\"name\":\"Spinsahara\",\"description\":\"\",\"publisher\":{\"@id\":\"https:\\\/\\\/thespinsahara.net\\\/it\\\/#organization\"},\"potentialAction\":[{\"@type\":\"SearchAction\",\"target\":{\"@type\":\"EntryPoint\",\"urlTemplate\":\"https:\\\/\\\/thespinsahara.net\\\/it\\\/?s={search_term_string}\"},\"query-input\":{\"@type\":\"PropertyValueSpecification\",\"valueRequired\":true,\"valueName\":\"search_term_string\"}}],\"inLanguage\":\"it-IT\"},{\"@type\":\"Organization\",\"@id\":\"https:\\\/\\\/thespinsahara.net\\\/it\\\/#organization\",\"name\":\"Spinsahara\",\"url\":\"https:\\\/\\\/thespinsahara.net\\\/it\\\/\",\"logo\":{\"@type\":\"ImageObject\",\"inLanguage\":\"it-IT\",\"@id\":\"https:\\\/\\\/thespinsahara.net\\\/it\\\/#\\\/schema\\\/logo\\\/image\\\/\",\"url\":\"https:\\\/\\\/thespinsahara.net\\\/wp-content\\\/uploads\\\/2025\\\/12\\\/logo.svg\",\"contentUrl\":\"https:\\\/\\\/thespinsahara.net\\\/wp-content\\\/uploads\\\/2025\\\/12\\\/logo.svg\",\"width\":160,\"height\":31,\"caption\":\"Spinsahara\"},\"image\":{\"@id\":\"https:\\\/\\\/thespinsahara.net\\\/it\\\/#\\\/schema\\\/logo\\\/image\\\/\"}}]}<\/script>\n<!-- \/ Yoast SEO plugin. -->","yoast_head_json":{"title":"App Spinsahara | Piattaforme iOS e Android","description":"L'app Spinsahara offre un'esperienza di gioco fluida su Android, iOS, Windows e macOS, con account sincronizzati, aggiornamenti regolari e assistenza clienti integrata per un'esperienza senza intoppi.","robots":{"index":"index","follow":"follow","max-snippet":"max-snippet:-1","max-image-preview":"max-image-preview:large","max-video-preview":"max-video-preview:-1"},"canonical":"https:\/\/thespinsahara.net\/it\/applicazione\/","og_locale":"it_IT","og_type":"article","og_title":"App Spinsahara | Piattaforme iOS e Android","og_description":"L'app Spinsahara offre un'esperienza di gioco fluida su Android, iOS, Windows e macOS, con account sincronizzati, aggiornamenti regolari e assistenza clienti integrata per un'esperienza senza intoppi.","og_url":"https:\/\/thespinsahara.net\/it\/applicazione\/","og_site_name":"spinsahara","article_modified_time":"2025-12-10T10:28:23+00:00","twitter_card":"summary_large_image","twitter_misc":{"Est. reading time":"2 minutes"},"schema":{"@context":"https:\/\/schema.org","@graph":[{"@type":"WebPage","@id":"https:\/\/thespinsahara.net\/it\/applicazione\/","url":"https:\/\/thespinsahara.net\/it\/applicazione\/","name":"App Spinsahara | Piattaforme iOS e Android","isPartOf":{"@id":"https:\/\/thespinsahara.net\/it\/#website"},"datePublished":"2025-12-09T14:14:12+00:00","dateModified":"2025-12-10T10:28:23+00:00","description":"L'app Spinsahara offre un'esperienza di gioco fluida su Android, iOS, Windows e macOS, con account sincronizzati, aggiornamenti regolari e assistenza clienti integrata per un'esperienza senza intoppi.","breadcrumb":{"@id":"https:\/\/thespinsahara.net\/it\/applicazione\/#breadcrumb"},"inLanguage":"it-IT","potentialAction":[{"@type":"ReadAction","target":["https:\/\/thespinsahara.net\/it\/applicazione\/"]}]},{"@type":"BreadcrumbList","@id":"https:\/\/thespinsahara.net\/it\/applicazione\/#breadcrumb","itemListElement":[{"@type":"ListItem","position":1,"name":"Spinsahara","item":"https:\/\/thespinsahara.net\/it\/"},{"@type":"ListItem","position":2,"name":"Applicazione"}]},{"@type":"WebSite","@id":"https:\/\/thespinsahara.net\/it\/#website","url":"https:\/\/thespinsahara.net\/it\/","name":"Spinsahara","description":"","publisher":{"@id":"https:\/\/thespinsahara.net\/it\/#organization"},"potentialAction":[{"@type":"SearchAction","target":{"@type":"EntryPoint","urlTemplate":"https:\/\/thespinsahara.net\/it\/?s={search_term_string}"},"query-input":{"@type":"PropertyValueSpecification","valueRequired":true,"valueName":"search_term_string"}}],"inLanguage":"it-IT"},{"@type":"Organization","@id":"https:\/\/thespinsahara.net\/it\/#organization","name":"Spinsahara","url":"https:\/\/thespinsahara.net\/it\/","logo":{"@type":"ImageObject","inLanguage":"it-IT","@id":"https:\/\/thespinsahara.net\/it\/#\/schema\/logo\/image\/","url":"https:\/\/thespinsahara.net\/wp-content\/uploads\/2025\/12\/logo.svg","contentUrl":"https:\/\/thespinsahara.net\/wp-content\/uploads\/2025\/12\/logo.svg","width":160,"height":31,"caption":"Spinsahara"},"image":{"@id":"https:\/\/thespinsahara.net\/it\/#\/schema\/logo\/image\/"}}]}},"_links":{"self":[{"href":"https:\/\/thespinsahara.net\/it\/wp-json\/wp\/v2\/pages\/1424","targetHints":{"allow":["GET"]}}],"collection":[{"href":"https:\/\/thespinsahara.net\/it\/wp-json\/wp\/v2\/pages"}],"about":[{"href":"https:\/\/thespinsahara.net\/it\/wp-json\/wp\/v2\/types\/page"}],"author":[{"embeddable":true,"href":"https:\/\/thespinsahara.net\/it\/wp-json\/wp\/v2\/users\/1"}],"replies":[{"embeddable":true,"href":"https:\/\/thespinsahara.net\/it\/wp-json\/wp\/v2\/comments?post=1424"}],"version-history":[{"count":2,"href":"https:\/\/thespinsahara.net\/it\/wp-json\/wp\/v2\/pages\/1424\/revisions"}],"predecessor-version":[{"id":1730,"href":"https:\/\/thespinsahara.net\/it\/wp-json\/wp\/v2\/pages\/1424\/revisions\/1730"}],"wp:attachment":[{"href":"https:\/\/thespinsahara.net\/it\/wp-json\/wp\/v2\/media?parent=1424"}],"curies":[{"name":"wp","href":"https:\/\/api.w.org\/{rel}","templated":true}]}}