{"id":1419,"date":"2025-12-09T14:14:12","date_gmt":"2025-12-09T14:14:12","guid":{"rendered":"https:\/\/thespinsahara.net\/app\/"},"modified":"2025-12-24T10:28:19","modified_gmt":"2025-12-24T10:28:19","slug":"app","status":"publish","type":"page","link":"https:\/\/thespinsahara.net\/fr\/app\/","title":{"rendered":"App"},"content":{"rendered":"<h1>Application Spinsahara Gaming<\/h1>\n<p>Spinsahara app offre une exp\u00e9rience de jeu mobile enti\u00e8rement optimis\u00e9e. Elle permet d&rsquo;acc\u00e9der facilement \u00e0 l&rsquo;ensemble de notre portefeuille de jeux, promotions et fonctionnalit\u00e9s de compte depuis n&rsquo;importe quel appareil. Le logiciel s&rsquo;adapte \u00e0 toutes les tailles d&rsquo;\u00e9cran et fonctionne parfaitement sur tous les appareils. Toutes les fonctionnalit\u00e9s du casino fonctionnent de la m\u00eame mani\u00e8re que sur un navigateur ou un PC. Spinsahara prend en charge le chargement instantan\u00e9 et l&rsquo;acc\u00e8s 24h\/24 et 7j\/7 \u00e0 tout le contenu de son application.<\/p>\n<div class=\"banner-wrap\" aria-label=\"Banner\"><img src=\"https:\/\/thespinsahara.net\/wp-content\/uploads\/2025\/12\/Spinsahara-banner-carousel-932\u0445400-12.webp\" class=\"w-100 d-none d-lg-block img-pc main-banner-img\" alt=\"Spinsahara Desktop Banner\" fetchpriority=\"high\" decoding=\"async\"><img src=\"https:\/\/thespinsahara.net\/wp-content\/uploads\/2025\/12\/Spinsahara-Mobile-Banner.webp\" class=\"w-100 d-none d-md-block d-lg-none main-banner-img\" alt=\"Spinsahara Mobile Banner\" fetchpriority=\"high\" decoding=\"async\"><img src=\"https:\/\/thespinsahara.net\/wp-content\/uploads\/2025\/12\/Spinsahara-Mobile-Banner.webp\" class=\"w-100 d-md-none\" alt=\"Spinsahara Mobile Banner\" fetchpriority=\"high\" decoding=\"async\"><div class=\"banner-description\">\n<div class=\"banner-title\">Bonus de bienvenue<\/div>\n<p class=\"banner-header-title\">1000 \u20ac<\/p>\n<div class=\"banner-header-AdditionalText\">+ 100 Tours gratuits<\/div>\n<button data-item=\"homepage_banner_link\" class=\"goto m-button m-gradient-border m-button--primary m-button--large banner-button btn-orange\">\n            <div class=\"m-button-content\">\n                <span>Inscrivez-vous d\u00e8s maintenant<\/span>\n                <span><\/span>\n            <\/div>\n        <\/button>\n<\/div>\n<div class=\"WelcomePack\">\n<p><img loading=\"lazy\" decoding=\"async\" class=\"alignnone size-full wp-image-1338\" src=\"https:\/\/thespinsahara.net\/wp-content\/uploads\/2025\/12\/welcome-crown.svg\" alt=\"crown\" width=\"25\" height=\"26\" \/><\/p>\n<div class=\"WelcomePack-Info\">Cashback hebdomadaire jusqu&rsquo;\u00e0 25 %<\/div>\n<p><img loading=\"lazy\" decoding=\"async\" class=\"alignnone size-full wp-image-1338\" src=\"https:\/\/thespinsahara.net\/wp-content\/uploads\/2025\/12\/welcome-crown.svg\" alt=\"crown\" width=\"25\" height=\"26\" \/><\/p>\n<\/div>\n<\/div>\n<h2>Spinsahara avec l&rsquo;application mobile<\/h2>\n<p>L&rsquo;application mobile Spinsahara est con\u00e7ue pour am\u00e9liorer tous les aspects de l&rsquo;exp\u00e9rience de jeu gr\u00e2ce \u00e0 une interface tactile optimis\u00e9e. Son principal avantage est la mobilit\u00e9 : vous pouvez g\u00e9rer votre compte casino o\u00f9 que vous soyez gr\u00e2ce \u00e0 un acc\u00e8s rapide. Le logiciel dispose d&rsquo;une interface intuitive et de notifications push instantan\u00e9es. Bien que la version PC dispose d&rsquo;un \u00e9cran plus grand, les deux plateformes offrent des fonctionnalit\u00e9s identiques. Les joueurs peuvent profiter de tous les avantages de Spinsahara sur n&rsquo;importe quel appareil.<\/p>\n<table>\n<tbody>\n<tr>\n<td>Fonctionnalit\u00e9<\/td>\n<td>Application mobile Spinsahara<\/td>\n<td>Spinsahara Version PC<\/td>\n<\/tr>\n<tr>\n<td>Portabilit\u00e9<\/td>\n<td>Acc\u00e8s complet partout<\/td>\n<td>N\u00e9cessite un emplacement fixe<\/td>\n<\/tr>\n<tr>\n<td>Conception d&rsquo;interface<\/td>\n<td>Navigation optimis\u00e9e pour le tactile, bas\u00e9e sur les gestes<\/td>\n<td>Disposition grand \u00e9cran avec contr\u00f4le par souris\/clavier<\/td>\n<\/tr>\n<tr>\n<td>Notifications<\/td>\n<td>Alertes push instantan\u00e9es pour les bonus et les \u00e9v\u00e9nements<\/td>\n<td>Les notifications n\u00e9cessitent la v\u00e9rification du navigateur ou de la messagerie \u00e9lectronique.<\/td>\n<\/tr>\n<tr>\n<td>Exp\u00e9rience utilisateur<\/td>\n<td>Acc\u00e8s rapide via l&rsquo;ic\u00f4ne de l&rsquo;application, menus simplifi\u00e9s<\/td>\n<td>Navigation multi-fen\u00eatres avec affichage plus large<\/td>\n<\/tr>\n<tr>\n<td>Commodit\u00e9<\/td>\n<td>Id\u00e9al pour les sessions rapides et les jeux nomades<\/td>\n<td>Id\u00e9al pour jouer longtemps sur grand \u00e9cran<\/td>\n<\/tr>\n<\/tbody>\n<\/table>\n<p><div class=\"scrollable-content-wrap my-5\"><div class=\"scrollable-content-inner\"><h2>Application Android Spinsahara Casino<\/h2>\n<p>L&rsquo;application Spinsahara Casino pour Android vous permet d&rsquo;acc\u00e9der rapidement \u00e0 tous les jeux et fonctionnalit\u00e9s sur n&rsquo;importe quel appareil. Elle fonctionne instantan\u00e9ment, se charge rapidement et ne n\u00e9cessite aucune configuration compliqu\u00e9e. Vous b\u00e9n\u00e9ficiez de l&rsquo;exp\u00e9rience casino mobile directement depuis votre \u00e9cran d&rsquo;accueil. Ci-dessous, nous vous pr\u00e9sentons notre logiciel et vous expliquons comment le t\u00e9l\u00e9charger.<\/p>\n<h3>APK<\/h3>\n<p>Vous n&rsquo;avez pas besoin de t\u00e9l\u00e9charger un fichier APK pour installer Spinsahara Casino. Il n&rsquo;est pas n\u00e9cessaire de rechercher l&rsquo;application dans le Play Store et de t\u00e9l\u00e9charger un fichier APK. L&rsquo;application fonctionne sans aucun t\u00e9l\u00e9chargement manuel sur Android.<\/p>\n<h3>PWA<\/h3>\n<p>L&rsquo;application Spinsahara pour Android est une application web progressive (PWA) moderne. Elle ne n\u00e9cessite pas de t\u00e9l\u00e9chargements longs ni d&rsquo;installations compliqu\u00e9es. Vous t\u00e9l\u00e9chargez la PWA directement depuis notre site web. Pour l&rsquo;installer :<\/p>\n<ol>\n<li>Faites d\u00e9filer le site Web Spinsahara sur votre appareil Android jusqu&rsquo;au bouton \u00ab Casino App \u00bb.<\/li>\n<li>Cliquez dessus, s\u00e9lectionnez \u00ab Installer \u00bb, et l&rsquo;application appara\u00eetra sur votre \u00e9cran d&rsquo;accueil et dans votre tiroir d&rsquo;applications.<\/li>\n<li>Il se lance d&rsquo;un simple clic et fonctionne rapidement.<\/li>\n<\/ol>\n<p><img loading=\"lazy\" decoding=\"async\" src=\"https:\/\/thespinsahara.net\/wp-content\/uploads\/2025\/12\/Spinsahara-Android-Application.webp\" alt=\"Spinsahara Android Application\" width=\"1248\" height=\"536\" \/><\/p>\n<\/div><\/div><div style=\"clear: both\"><\/div><div class=\"d-flex justify-content-center\"><button data-item=\"decouvrez_link\" data-group=\"website_links\" class=\"goto fw-bold rounded-pill btn btn-orange\" aria-label=\"T\u00e9l\u00e9chargez l&#039;application Spinsahara\" >T\u00e9l\u00e9chargez l&#039;application Spinsahara<\/button><\/div><div class=\"scrollable-content-wrap my-5\"><div class=\"scrollable-content-inner\"><h2>Application iOS Spinsahara Casino<\/h2>\n<p>L&rsquo;application Spin Sahara Casino pour iOS est optimis\u00e9e pour les appareils Apple. Le casino fonctionne dans le navigateur Safari. Vous n&rsquo;avez pas besoin d&rsquo;aller sur l&rsquo;App Store ni de t\u00e9l\u00e9charger de fichiers. Le logiciel iOS fonctionne comme un raccourci natif avec un acc\u00e8s rapide depuis l&rsquo;\u00e9cran d&rsquo;accueil. Il se charge rapidement et prend en charge les notifications push. Apr\u00e8s l&rsquo;installation, vous pouvez jouer \u00e0 des jeux, g\u00e9rer votre compte, recevoir des bonus et utiliser toutes les autres fonctionnalit\u00e9s de notre casino.<\/p>\n<h3>Comment installer sur iOS<\/h3>\n<ol>\n<li>Ouvrez le site web Spinsahara dans Safari.<\/li>\n<li>Appuyez sur l&rsquo;ic\u00f4ne \u00ab Partager \u00bb en bas.<\/li>\n<li>S\u00e9lectionnez \u00ab Ajouter \u00e0 l&rsquo;\u00e9cran d&rsquo;accueil \u00bb.<\/li>\n<li>Confirmez en appuyant sur \u00ab Ajouter \u00bb dans le coin sup\u00e9rieur droit.<\/li>\n<\/ol>\n<p>L&rsquo;ic\u00f4ne Spinsahara appara\u00eetra sur votre \u00e9cran d&rsquo;accueil et sera pr\u00eate \u00e0 \u00eatre lanc\u00e9e. Si vous avez besoin d&rsquo;aide pour l&rsquo;installation ou si vous avez d&rsquo;autres questions, notre \u00e9quipe d&rsquo;assistance est disponible via le chat en direct ou par e-mail.<\/p>\n<p><img loading=\"lazy\" decoding=\"async\" src=\"https:\/\/thespinsahara.net\/wp-content\/uploads\/2025\/12\/Spinsahara-iOS-App.webp\" alt=\"Spinsahara iOS App\" width=\"1248\" height=\"536\" \/><\/p>\n<\/div><\/div><div style=\"clear: both\"><\/div><div class=\"d-flex justify-content-center\"><button data-item=\"decouvrez_link\" data-group=\"website_links\" class=\"goto fw-bold rounded-pill btn btn-orange\" aria-label=\"T\u00e9l\u00e9charger Spinsahara\" >T\u00e9l\u00e9charger Spinsahara<\/button><\/div><div class=\"scrollable-content-wrap my-5\"><div class=\"scrollable-content-inner\"><h2>Obtenez vos applications Windows et macOS<\/h2>\n<p>Vous pouvez lancer Spin Sahara Casino sur votre bureau gr\u00e2ce \u00e0 nos applications web l\u00e9g\u00e8res pour Windows et macOS. Aucune installation, aucun t\u00e9l\u00e9chargement ni aucune configuration compliqu\u00e9e ne sont n\u00e9cessaires. Tout fonctionne dans votre navigateur, mais une fois install\u00e9 sur votre bureau, le logiciel s&rsquo;ouvre dans une fen\u00eatre s\u00e9par\u00e9e et se comporte comme un programme classique. Ici, les joueurs ont acc\u00e8s \u00e0 tous les jeux, bonus et outils de compte en un seul clic.<\/p>\n<p>L&rsquo;installation de l&rsquo;application web Windows et macOS sur l&rsquo;\u00e9cran d&rsquo;accueil de votre PC est facile. Rendez-vous sur le site web Spinsahara et cr\u00e9ez un raccourci sur le bureau via le menu du navigateur. Ce raccourci deviendra votre application web Spin Sahara. L&rsquo;interface pour Windows et macOS s&rsquo;adapte \u00e0 la taille de l&rsquo;\u00e9cran. Vous pouvez utiliser un ordinateur portable ou un ordinateur de bureau. Toutes les fonctionnalit\u00e9s seront disponibles sur n&rsquo;importe quel appareil, par exemple les param\u00e8tres du compte, les outils de jeu responsable et le processus de v\u00e9rification.<\/p>\n<p><img loading=\"lazy\" decoding=\"async\" src=\"https:\/\/thespinsahara.net\/wp-content\/uploads\/2025\/12\/Spinsahara-Desktop-App.webp\" alt=\"Spinsahara Desktop\" width=\"1248\" height=\"536\" \/><\/p>\n<\/div><\/div><div style=\"clear: both\"><\/div><div class=\"d-flex justify-content-center\"><button data-item=\"decouvrez_link\" data-group=\"website_links\" class=\"goto fw-bold rounded-pill btn btn-orange\" aria-label=\"T\u00e9l\u00e9chargez l&#039;application Spinsahara\" >T\u00e9l\u00e9chargez l&#039;application Spinsahara<\/button><\/div><div class=\"scrollable-content-wrap my-5\"><div class=\"scrollable-content-inner\"><h2>FAQ<\/h2>\n<h3>L&rsquo;application Spin Sahara Casino offre-t-elle un service client ?<\/h3>\n<p>Oui, l&rsquo;application Spinsahara offre un service client complet. Les joueurs peuvent contacter notre \u00e9quipe \u00e0 tout moment via le chat en ligne ou par e-mail. Notre \u00e9quipe d&rsquo;assistance est disponible 24h\/24 et 7j\/7 dans plusieurs langues. Nos professionnels r\u00e9pondront \u00e0 vos questions concernant la gestion de votre compte, les paiements, les r\u00e8gles des jeux, les promotions, etc.<\/p>\n<h3>Faut-il cr\u00e9er un compte pour utiliser l&rsquo;application Spin Sahara ?<\/h3>\n<p>Oui, vous devez disposer d&rsquo;un compte pour utiliser l&rsquo;application Spinsahara. Toutes les fonctionnalit\u00e9s du casino, y compris les jeux, les bonus, les d\u00e9p\u00f4ts et les retraits, sont r\u00e9serv\u00e9es aux utilisateurs enregistr\u00e9s. Seuls les utilisateurs enregistr\u00e9s peuvent utiliser nos fonctionnalit\u00e9s dans le navigateur et dans l&rsquo;application.<\/p>\n<h3>Tous les jeux sont-ils disponibles dans l&rsquo;application ?<\/h3>\n<p>Oui, l&rsquo;application Spinsahara propose un catalogue complet de jeux. Les joueurs peuvent profiter de machines \u00e0 sous en ligne, de jeux de table, de jeux de casino avec croupier en direct et de jeux \u00e0 gains instantan\u00e9s dans l&rsquo;application. Tous les jeux disponibles dans la version navigateur sont enti\u00e8rement optimis\u00e9s pour les appareils mobiles. Tous les jeux de l&rsquo;application sont diffus\u00e9s en streaming en haute qualit\u00e9 et sans d\u00e9lai.<\/p>\n<h3>Comment mettre \u00e0 jour l&rsquo;application Spinsahara Casino ?<\/h3>\n<p>Il n&rsquo;est pas n\u00e9cessaire de mettre \u00e0 jour manuellement l&rsquo;application Spinsahara. Les mises \u00e0 jour sont effectu\u00e9es automatiquement via le syst\u00e8me d&rsquo;application web progressive. Toutes les am\u00e9liorations, corrections de bugs et nouvelles fonctionnalit\u00e9s sont appliqu\u00e9es automatiquement. Les joueurs qui utilisent notre PWA ont acc\u00e8s \u00e0 la derni\u00e8re version sans avoir \u00e0 t\u00e9l\u00e9charger ou installer quoi que ce soit manuellement.<\/p>\n<\/div><\/div><\/p>\n","protected":false},"excerpt":{"rendered":"<p>Application Spinsahara Gaming Spinsahara app offre une exp\u00e9rience de jeu mobile enti\u00e8rement optimis\u00e9e. Elle permet d&rsquo;acc\u00e9der facilement \u00e0 l&rsquo;ensemble de notre portefeuille de jeux, promotions et fonctionnalit\u00e9s de compte depuis n&rsquo;importe quel appareil. Le logiciel s&rsquo;adapte \u00e0 toutes les tailles d&rsquo;\u00e9cran et fonctionne parfaitement sur tous les appareils. Toutes les fonctionnalit\u00e9s du casino fonctionnent de [&hellip;]<\/p>\n","protected":false},"author":1,"featured_media":0,"parent":0,"menu_order":0,"comment_status":"closed","ping_status":"closed","template":"template-builder.php","meta":{"_acf_changed":false,"inline_featured_image":false,"footnotes":""},"class_list":["post-1419","page","type-page","status-publish","hentry"],"acf":[],"yoast_head":"<!-- This site is optimized with the Yoast SEO plugin v27.3 - https:\/\/yoast.com\/product\/yoast-seo-wordpress\/ -->\n<title>Application Spinsahara | Plateformes iOS et Android<\/title>\n<meta name=\"description\" content=\"L&#039;application Spinsahara offre une exp\u00e9rience de jeu fluide sur Android, iOS, Windows et macOS, avec des comptes synchronis\u00e9s, des mises \u00e0 jour r\u00e9guli\u00e8res et un service client int\u00e9gr\u00e9 pour une exp\u00e9rience sans souci.\" \/>\n<meta name=\"robots\" content=\"index, follow, max-snippet:-1, max-image-preview:large, max-video-preview:-1\" \/>\n<link rel=\"canonical\" href=\"https:\/\/thespinsahara.net\/fr\/app\/\" \/>\n<meta property=\"og:locale\" content=\"fr_FR\" \/>\n<meta property=\"og:type\" content=\"article\" \/>\n<meta property=\"og:title\" content=\"Application Spinsahara | Plateformes iOS et Android\" \/>\n<meta property=\"og:description\" content=\"L&#039;application Spinsahara offre une exp\u00e9rience de jeu fluide sur Android, iOS, Windows et macOS, avec des comptes synchronis\u00e9s, des mises \u00e0 jour r\u00e9guli\u00e8res et un service client int\u00e9gr\u00e9 pour une exp\u00e9rience sans souci.\" \/>\n<meta property=\"og:url\" content=\"https:\/\/thespinsahara.net\/fr\/app\/\" \/>\n<meta property=\"og:site_name\" content=\"spinsahara\" \/>\n<meta property=\"article:modified_time\" content=\"2025-12-24T10:28:19+00:00\" \/>\n<meta name=\"twitter:card\" content=\"summary_large_image\" \/>\n<meta name=\"twitter:label1\" content=\"Dur\u00e9e de lecture estim\u00e9e\" \/>\n\t<meta name=\"twitter:data1\" content=\"2 minutes\" \/>\n<script type=\"application\/ld+json\" class=\"yoast-schema-graph\">{\"@context\":\"https:\\\/\\\/schema.org\",\"@graph\":[{\"@type\":\"WebPage\",\"@id\":\"https:\\\/\\\/thespinsahara.net\\\/fr\\\/app\\\/\",\"url\":\"https:\\\/\\\/thespinsahara.net\\\/fr\\\/app\\\/\",\"name\":\"Application Spinsahara | Plateformes iOS et Android\",\"isPartOf\":{\"@id\":\"https:\\\/\\\/thespinsahara.net\\\/fr\\\/#website\"},\"datePublished\":\"2025-12-09T14:14:12+00:00\",\"dateModified\":\"2025-12-24T10:28:19+00:00\",\"description\":\"L'application Spinsahara offre une exp\u00e9rience de jeu fluide sur Android, iOS, Windows et macOS, avec des comptes synchronis\u00e9s, des mises \u00e0 jour r\u00e9guli\u00e8res et un service client int\u00e9gr\u00e9 pour une exp\u00e9rience sans souci.\",\"breadcrumb\":{\"@id\":\"https:\\\/\\\/thespinsahara.net\\\/fr\\\/app\\\/#breadcrumb\"},\"inLanguage\":\"fr-FR\",\"potentialAction\":[{\"@type\":\"ReadAction\",\"target\":[\"https:\\\/\\\/thespinsahara.net\\\/fr\\\/app\\\/\"]}]},{\"@type\":\"BreadcrumbList\",\"@id\":\"https:\\\/\\\/thespinsahara.net\\\/fr\\\/app\\\/#breadcrumb\",\"itemListElement\":[{\"@type\":\"ListItem\",\"position\":1,\"name\":\"Spinsahara\",\"item\":\"https:\\\/\\\/thespinsahara.net\\\/fr\\\/\"},{\"@type\":\"ListItem\",\"position\":2,\"name\":\"App\"}]},{\"@type\":\"WebSite\",\"@id\":\"https:\\\/\\\/thespinsahara.net\\\/fr\\\/#website\",\"url\":\"https:\\\/\\\/thespinsahara.net\\\/fr\\\/\",\"name\":\"Spinsahara\",\"description\":\"\",\"publisher\":{\"@id\":\"https:\\\/\\\/thespinsahara.net\\\/fr\\\/#organization\"},\"potentialAction\":[{\"@type\":\"SearchAction\",\"target\":{\"@type\":\"EntryPoint\",\"urlTemplate\":\"https:\\\/\\\/thespinsahara.net\\\/fr\\\/?s={search_term_string}\"},\"query-input\":{\"@type\":\"PropertyValueSpecification\",\"valueRequired\":true,\"valueName\":\"search_term_string\"}}],\"inLanguage\":\"fr-FR\"},{\"@type\":\"Organization\",\"@id\":\"https:\\\/\\\/thespinsahara.net\\\/fr\\\/#organization\",\"name\":\"Spinsahara\",\"url\":\"https:\\\/\\\/thespinsahara.net\\\/fr\\\/\",\"logo\":{\"@type\":\"ImageObject\",\"inLanguage\":\"fr-FR\",\"@id\":\"https:\\\/\\\/thespinsahara.net\\\/fr\\\/#\\\/schema\\\/logo\\\/image\\\/\",\"url\":\"https:\\\/\\\/thespinsahara.net\\\/wp-content\\\/uploads\\\/2025\\\/12\\\/logo.svg\",\"contentUrl\":\"https:\\\/\\\/thespinsahara.net\\\/wp-content\\\/uploads\\\/2025\\\/12\\\/logo.svg\",\"width\":160,\"height\":31,\"caption\":\"Spinsahara\"},\"image\":{\"@id\":\"https:\\\/\\\/thespinsahara.net\\\/fr\\\/#\\\/schema\\\/logo\\\/image\\\/\"}}]}<\/script>\n<!-- \/ Yoast SEO plugin. -->","yoast_head_json":{"title":"Application Spinsahara | Plateformes iOS et Android","description":"L'application Spinsahara offre une exp\u00e9rience de jeu fluide sur Android, iOS, Windows et macOS, avec des comptes synchronis\u00e9s, des mises \u00e0 jour r\u00e9guli\u00e8res et un service client int\u00e9gr\u00e9 pour une exp\u00e9rience sans souci.","robots":{"index":"index","follow":"follow","max-snippet":"max-snippet:-1","max-image-preview":"max-image-preview:large","max-video-preview":"max-video-preview:-1"},"canonical":"https:\/\/thespinsahara.net\/fr\/app\/","og_locale":"fr_FR","og_type":"article","og_title":"Application Spinsahara | Plateformes iOS et Android","og_description":"L'application Spinsahara offre une exp\u00e9rience de jeu fluide sur Android, iOS, Windows et macOS, avec des comptes synchronis\u00e9s, des mises \u00e0 jour r\u00e9guli\u00e8res et un service client int\u00e9gr\u00e9 pour une exp\u00e9rience sans souci.","og_url":"https:\/\/thespinsahara.net\/fr\/app\/","og_site_name":"spinsahara","article_modified_time":"2025-12-24T10:28:19+00:00","twitter_card":"summary_large_image","twitter_misc":{"Dur\u00e9e de lecture estim\u00e9e":"2 minutes"},"schema":{"@context":"https:\/\/schema.org","@graph":[{"@type":"WebPage","@id":"https:\/\/thespinsahara.net\/fr\/app\/","url":"https:\/\/thespinsahara.net\/fr\/app\/","name":"Application Spinsahara | Plateformes iOS et Android","isPartOf":{"@id":"https:\/\/thespinsahara.net\/fr\/#website"},"datePublished":"2025-12-09T14:14:12+00:00","dateModified":"2025-12-24T10:28:19+00:00","description":"L'application Spinsahara offre une exp\u00e9rience de jeu fluide sur Android, iOS, Windows et macOS, avec des comptes synchronis\u00e9s, des mises \u00e0 jour r\u00e9guli\u00e8res et un service client int\u00e9gr\u00e9 pour une exp\u00e9rience sans souci.","breadcrumb":{"@id":"https:\/\/thespinsahara.net\/fr\/app\/#breadcrumb"},"inLanguage":"fr-FR","potentialAction":[{"@type":"ReadAction","target":["https:\/\/thespinsahara.net\/fr\/app\/"]}]},{"@type":"BreadcrumbList","@id":"https:\/\/thespinsahara.net\/fr\/app\/#breadcrumb","itemListElement":[{"@type":"ListItem","position":1,"name":"Spinsahara","item":"https:\/\/thespinsahara.net\/fr\/"},{"@type":"ListItem","position":2,"name":"App"}]},{"@type":"WebSite","@id":"https:\/\/thespinsahara.net\/fr\/#website","url":"https:\/\/thespinsahara.net\/fr\/","name":"Spinsahara","description":"","publisher":{"@id":"https:\/\/thespinsahara.net\/fr\/#organization"},"potentialAction":[{"@type":"SearchAction","target":{"@type":"EntryPoint","urlTemplate":"https:\/\/thespinsahara.net\/fr\/?s={search_term_string}"},"query-input":{"@type":"PropertyValueSpecification","valueRequired":true,"valueName":"search_term_string"}}],"inLanguage":"fr-FR"},{"@type":"Organization","@id":"https:\/\/thespinsahara.net\/fr\/#organization","name":"Spinsahara","url":"https:\/\/thespinsahara.net\/fr\/","logo":{"@type":"ImageObject","inLanguage":"fr-FR","@id":"https:\/\/thespinsahara.net\/fr\/#\/schema\/logo\/image\/","url":"https:\/\/thespinsahara.net\/wp-content\/uploads\/2025\/12\/logo.svg","contentUrl":"https:\/\/thespinsahara.net\/wp-content\/uploads\/2025\/12\/logo.svg","width":160,"height":31,"caption":"Spinsahara"},"image":{"@id":"https:\/\/thespinsahara.net\/fr\/#\/schema\/logo\/image\/"}}]}},"_links":{"self":[{"href":"https:\/\/thespinsahara.net\/fr\/wp-json\/wp\/v2\/pages\/1419","targetHints":{"allow":["GET"]}}],"collection":[{"href":"https:\/\/thespinsahara.net\/fr\/wp-json\/wp\/v2\/pages"}],"about":[{"href":"https:\/\/thespinsahara.net\/fr\/wp-json\/wp\/v2\/types\/page"}],"author":[{"embeddable":true,"href":"https:\/\/thespinsahara.net\/fr\/wp-json\/wp\/v2\/users\/1"}],"replies":[{"embeddable":true,"href":"https:\/\/thespinsahara.net\/fr\/wp-json\/wp\/v2\/comments?post=1419"}],"version-history":[{"count":3,"href":"https:\/\/thespinsahara.net\/fr\/wp-json\/wp\/v2\/pages\/1419\/revisions"}],"predecessor-version":[{"id":1881,"href":"https:\/\/thespinsahara.net\/fr\/wp-json\/wp\/v2\/pages\/1419\/revisions\/1881"}],"wp:attachment":[{"href":"https:\/\/thespinsahara.net\/fr\/wp-json\/wp\/v2\/media?parent=1419"}],"curies":[{"name":"wp","href":"https:\/\/api.w.org\/{rel}","templated":true}]}}