{"id":1428,"date":"2025-12-09T14:14:12","date_gmt":"2025-12-09T14:14:12","guid":{"rendered":"https:\/\/thespinsahara.net\/app-2\/"},"modified":"2025-12-10T11:10:18","modified_gmt":"2025-12-10T11:10:18","slug":"aplicacion","status":"publish","type":"page","link":"https:\/\/thespinsahara.net\/es\/aplicacion\/","title":{"rendered":"Aplicaci\u00f3n"},"content":{"rendered":"<h1>Aplicaci\u00f3n de juegos Spinsahara<\/h1>\n<p>La Spinsahara app ofrece una experiencia de juego m\u00f3vil totalmente optimizada gaming experience para nuestros jugadores espa\u00f1oles. Proporciona un c\u00f3modo acceso a toda nuestra cartera de juegos, promociones y funciones de cuenta desde cualquier dispositivo. El software se adapta a cualquier tama\u00f1o de pantalla y funciona perfectamente en todos los dispositivos. Todas las funciones del casino funcionan igual que en un navegador o en un PC. Spinsahara admite la carga instant\u00e1nea y el acceso 24\/7 a todo el contenido de su aplicaci\u00f3n.<\/p>\n<div class=\"banner-wrap\" aria-label=\"Banner\"><img src=\"https:\/\/thespinsahara.net\/wp-content\/uploads\/2025\/12\/Spinsahara-banner-carousel-932\u0445400-12.webp\" class=\"w-100 d-none d-lg-block img-pc main-banner-img\" alt=\"Spinsahara Desktop Banner\" fetchpriority=\"high\" decoding=\"async\"><img src=\"https:\/\/thespinsahara.net\/wp-content\/uploads\/2025\/12\/Spinsahara-Mobile-Banner.webp\" class=\"w-100 d-none d-md-block d-lg-none main-banner-img\" alt=\"Spinsahara Mobile Banner\" fetchpriority=\"high\" decoding=\"async\"><img src=\"https:\/\/thespinsahara.net\/wp-content\/uploads\/2025\/12\/Spinsahara-Mobile-Banner.webp\" class=\"w-100 d-md-none\" alt=\"Spinsahara Mobile Banner\" fetchpriority=\"high\" decoding=\"async\"><div class=\"banner-description\">\n<div class=\"banner-title\">Bonos de bienvenida<\/div>\n<p class=\"banner-header-title\">1500 \u20ac<\/p>\n<div class=\"banner-header-AdditionalText\">+ 250 Giros gratis<\/div>\n<button data-item=\"homepage_banner_link\" class=\"goto m-button m-gradient-border m-button--primary m-button--large banner-button btn-orange\">\n            <div class=\"m-button-content\">\n                <span>Reg\u00edstrese ahora<\/span>\n                <span><\/span>\n            <\/div>\n        <\/button>\n<\/div>\n<div class=\"WelcomePack\">\n<p><img loading=\"lazy\" decoding=\"async\" class=\"alignnone size-full wp-image-1340\" src=\"https:\/\/thespinsahara.net\/wp-content\/uploads\/2025\/12\/welcome-crown.svg\" alt=\"crown\" width=\"25\" height=\"26\" \/><\/p>\n<div class=\"WelcomePack-Info\">Reembolso semanal de hasta el 25 %<\/div>\n<p><img loading=\"lazy\" decoding=\"async\" class=\"alignnone size-full wp-image-1340\" src=\"https:\/\/thespinsahara.net\/wp-content\/uploads\/2025\/12\/welcome-crown.svg\" alt=\"crown\" width=\"25\" height=\"26\" \/><\/p>\n<\/div>\n<\/div>\n<h2>Spinsahara con la aplicaci\u00f3n m\u00f3vil<\/h2>\n<p>La aplicaci\u00f3n m\u00f3vil Spinsahara est\u00e1 dise\u00f1ada para mejorar todos los aspectos de la experiencia de juego con una interfaz t\u00e1ctil optimizada. Su principal ventaja es la movilidad: puedes gestionar tu cuenta de casino desde cualquier lugar con un acceso r\u00e1pido. El software cuenta con una interfaz intuitiva y notificaciones push instant\u00e1neas. Aunque la versi\u00f3n para PC tiene una pantalla m\u00e1s grande, ambas plataformas ofrecen una funcionalidad id\u00e9ntica. Los jugadores pueden disfrutar de todas las ventajas de Spinsahara en cualquier dispositivo.<\/p>\n<table>\n<tbody>\n<tr>\n<td>Caracter\u00edstica<\/td>\n<td>Aplicaci\u00f3n m\u00f3vil Spinsahara<\/td>\n<td>Spinsahara Versi\u00f3n para PC<\/td>\n<\/tr>\n<tr>\n<td>Portabilidad<\/td>\n<td>Acceso completo desde cualquier lugar<\/td>\n<td>Requiere una ubicaci\u00f3n fija.<\/td>\n<\/tr>\n<tr>\n<td>Dise\u00f1o de interfaz<\/td>\n<td>Navegaci\u00f3n optimizada para pantallas t\u00e1ctiles y basada en gestos.<\/td>\n<td>Dise\u00f1o de pantalla panor\u00e1mica con control mediante rat\u00f3n\/teclado<\/td>\n<\/tr>\n<tr>\n<td>Notificaciones<\/td>\n<td>Alertas instant\u00e1neas para bonificaciones y eventos<\/td>\n<td>Las notificaciones requieren comprobaciones del navegador o del correo electr\u00f3nico.<\/td>\n<\/tr>\n<tr>\n<td>Experiencia del usuario<\/td>\n<td>Acceso r\u00e1pido a trav\u00e9s del icono de la aplicaci\u00f3n, men\u00fas optimizados.<\/td>\n<td>Navegaci\u00f3n con m\u00faltiples ventanas y pantalla m\u00e1s amplia<\/td>\n<\/tr>\n<tr>\n<td>Comodidad<\/td>\n<td>Ideal para sesiones r\u00e1pidas y para jugar sobre la marcha.<\/td>\n<td>Ideal para jugar durante largos periodos de tiempo en una pantalla grande.<\/td>\n<\/tr>\n<\/tbody>\n<\/table>\n<p><div class=\"scrollable-content-wrap my-5\"><div class=\"scrollable-content-inner\"><h2>Aplicaci\u00f3n para Android del casino Spinsahara<\/h2>\n<p>La aplicaci\u00f3n Spinsahara Casino para Android te permite acceder r\u00e1pidamente a todos los juegos y funciones desde cualquier dispositivo. Funciona al instante, se carga r\u00e1pidamente y no requiere ninguna configuraci\u00f3n complicada. Podr\u00e1s disfrutar de la experiencia del casino m\u00f3vil directamente desde la pantalla de inicio de tu dispositivo. A continuaci\u00f3n, te explicamos c\u00f3mo funciona nuestro software y c\u00f3mo descargarlo.<\/p>\n<h3>APK<\/h3>\n<p>No es necesario descargar un archivo APK para instalar Spinsahara Casino. No hay necesidad de buscar la aplicaci\u00f3n en Play Store y descargar un archivo APK. La aplicaci\u00f3n funciona sin necesidad de descargas manuales en Android.<\/p>\n<h3>PWA<\/h3>\n<p>La aplicaci\u00f3n Spinsahara para Android es una aplicaci\u00f3n web progresiva (PWA) moderna. No requiere descargas largas ni instalaciones complicadas. La PWA se descarga directamente desde nuestro sitio web. Para instalarla:<\/p>\n<ol>\n<li>Despl\u00e1zate hacia abajo en la p\u00e1gina web de Spinsahara en tu dispositivo Android hasta el bot\u00f3n \u00abAplicaci\u00f3n del casino\u00bb.<\/li>\n<li>Haga clic en \u00e9l, seleccione \u00abInstalar\u00bb y la aplicaci\u00f3n aparecer\u00e1 en su pantalla de inicio y en su caj\u00f3n de aplicaciones.<\/li>\n<li>Se inicia con un solo toque y funciona r\u00e1pidamente.<\/li>\n<\/ol>\n<p><img loading=\"lazy\" decoding=\"async\" src=\"https:\/\/thespinsahara.net\/wp-content\/uploads\/2025\/12\/Spinsahara-Android-Application.webp\" alt=\"Spinsahara Android Application\" width=\"1248\" height=\"536\" \/><\/p>\n<\/div><\/div><div style=\"clear: both\"><\/div><div class=\"d-flex justify-content-center\"><button data-item=\"decouvrez_link\" data-group=\"website_links\" class=\"goto fw-bold rounded-pill btn btn-orange\" aria-label=\"Descarga la aplicaci\u00f3n Spinsahara\" >Descarga la aplicaci\u00f3n Spinsahara<\/button><\/div><div class=\"scrollable-content-wrap my-5\"><div class=\"scrollable-content-inner\"><h2>Aplicaci\u00f3n para iOS del casino Spinsahara<\/h2>\n<p>La aplicaci\u00f3n Spin Sahara Casino para iOS est\u00e1 optimizada para dispositivos Apple. El casino funciona en el navegador Safari. No es necesario ir a la App Store ni descargar ning\u00fan archivo. El software iOS funciona como un acceso directo nativo con acceso r\u00e1pido desde la pantalla de inicio. Se carga r\u00e1pidamente y admite notificaciones push. Despu\u00e9s de la instalaci\u00f3n, puedes jugar, gestionar tu cuenta, recibir bonificaciones y utilizar cualquier otra funci\u00f3n de nuestro casino.<\/p>\n<h3>C\u00f3mo instalar en iOS<\/h3>\n<ol>\n<li>Abre el sitio web Spinsahara en Safari.<\/li>\n<li>Pulsa el icono \u00abCompartir\u00bb en la parte inferior.<\/li>\n<li>Selecciona \u00abA\u00f1adir a la pantalla de inicio\u00bb.<\/li>\n<li>Confirma pulsando \u00abA\u00f1adir\u00bb en la esquina superior derecha.<\/li>\n<\/ol>\n<p>El icono Spinsahara aparecer\u00e1 en tu pantalla de inicio y estar\u00e1 listo para ejecutarse. Si necesitas ayuda con la instalaci\u00f3n o tienes otras preguntas, nuestro equipo de asistencia est\u00e1 disponible a trav\u00e9s del chat en vivo o por correo electr\u00f3nico.<\/p>\n<p><img loading=\"lazy\" decoding=\"async\" src=\"https:\/\/thespinsahara.net\/wp-content\/uploads\/2025\/12\/Spinsahara-iOS-App.webp\" alt=\"Spinsahara iOS App\" width=\"1248\" height=\"536\" \/><\/p>\n<\/div><\/div><div style=\"clear: both\"><\/div><div class=\"d-flex justify-content-center\"><button data-item=\"decouvrez_link\" data-group=\"website_links\" class=\"goto fw-bold rounded-pill btn btn-orange\" aria-label=\"Descargar Spinsahara\" >Descargar Spinsahara<\/button><\/div><div class=\"scrollable-content-wrap my-5\"><div class=\"scrollable-content-inner\"><h2>Obtenga sus aplicaciones para Windows y macOS<\/h2>\n<p>Puedes iniciar Spin Sahara Casino en tu escritorio a trav\u00e9s de nuestras ligeras aplicaciones web para Windows y macOS. No es necesario realizar ninguna instalaci\u00f3n, descarga ni configuraci\u00f3n complicada. Todo funciona en tu navegador, pero una vez instalado en tu escritorio, el software se abre en una ventana independiente y se comporta como un programa normal. Aqu\u00ed, los jugadores tienen acceso a todos los juegos, bonificaciones y herramientas de la cuenta con un solo clic.<\/p>\n<p>Instalar la aplicaci\u00f3n web para Windows y macOS en la pantalla de inicio de tu PC es muy f\u00e1cil. Ve al sitio web Spinsahara y crea un acceso directo en el escritorio a trav\u00e9s del men\u00fa del navegador. Este acceso directo se convertir\u00e1 en tu aplicaci\u00f3n web Spin Sahara. La interfaz tanto para Windows como para macOS se adapta al tama\u00f1o de la pantalla. Puedes utilizar un ordenador port\u00e1til o de sobremesa. Todas las funciones estar\u00e1n disponibles en cualquier dispositivo, por ejemplo, la configuraci\u00f3n de la cuenta, las herramientas de juego responsable y el proceso de verificaci\u00f3n.<\/p>\n<p><img loading=\"lazy\" decoding=\"async\" src=\"https:\/\/thespinsahara.net\/wp-content\/uploads\/2025\/12\/Spinsahara-Desktop-App.webp\" alt=\"Spinsahara Desktop\" width=\"1248\" height=\"536\" \/><\/p>\n<\/div><\/div><div style=\"clear: both\"><\/div><div class=\"d-flex justify-content-center\"><button data-item=\"decouvrez_link\" data-group=\"website_links\" class=\"goto fw-bold rounded-pill btn btn-orange\" aria-label=\"Descarga la aplicaci\u00f3n Spinsahara\" >Descarga la aplicaci\u00f3n Spinsahara<\/button><\/div><div class=\"scrollable-content-wrap my-5\"><div class=\"scrollable-content-inner\"><h2>Preguntas frecuentes<\/h2>\n<h3>\u00bfLa aplicaci\u00f3n Spin Sahara Casino ofrece atenci\u00f3n al cliente?<\/h3>\n<p>S\u00ed, la aplicaci\u00f3n Spinsahara ofrece asistencia al cliente completa. Los jugadores pueden ponerse en contacto con nuestro equipo en cualquier momento a trav\u00e9s del chat en l\u00ednea o por correo electr\u00f3nico. Nuestro equipo de asistencia est\u00e1 disponible las 24 horas del d\u00eda, los 7 d\u00edas de la semana, en varios idiomas. Nuestros profesionales responder\u00e1n a preguntas sobre la gesti\u00f3n de cuentas, pagos, reglas de juego, promociones y mucho m\u00e1s.<\/p>\n<h3>\u00bfEs necesario crear una cuenta para utilizar la aplicaci\u00f3n Spin Sahara?<\/h3>\n<p>S\u00ed, necesitas una cuenta para utilizar la aplicaci\u00f3n Spinsahara. Todas las funciones del casino, incluidos los juegos, los bonos, los dep\u00f3sitos y los retiros, solo est\u00e1n disponibles para los usuarios registrados. Solo los usuarios registrados pueden utilizar nuestras funciones tanto en el navegador como en la aplicaci\u00f3n.<\/p>\n<h3>\u00bfTodos los juegos est\u00e1n disponibles en la aplicaci\u00f3n?<\/h3>\n<p>S\u00ed, la aplicaci\u00f3n Spinsahara ofrece un cat\u00e1logo completo de juegos. Los jugadores pueden disfrutar de tragamonedas en l\u00ednea, juegos de mesa, juegos de casino con crupier en vivo y juegos con premios instant\u00e1neos en la aplicaci\u00f3n. Todos los juegos disponibles en la versi\u00f3n para navegador est\u00e1n totalmente optimizados para dispositivos m\u00f3viles. Todos los juegos de la aplicaci\u00f3n se transmiten en alta calidad y sin retrasos.<\/p>\n<h3>\u00bfC\u00f3mo puedo actualizar la aplicaci\u00f3n del casino Spinsahara?<\/h3>\n<p>No es necesario actualizar manualmente la aplicaci\u00f3n Spinsahara. Las actualizaciones se realizan autom\u00e1ticamente a trav\u00e9s del sistema de aplicaciones web progresivas. Las mejoras, correcciones de errores y nuevas funciones se aplican autom\u00e1ticamente. Los jugadores que utilizan nuestra PWA tienen acceso a la \u00faltima versi\u00f3n sin necesidad de descargar ni instalar nada manualmente.<\/p>\n<\/div><\/div><\/p>\n","protected":false},"excerpt":{"rendered":"<p>Aplicaci\u00f3n de juegos Spinsahara La Spinsahara app ofrece una experiencia de juego m\u00f3vil totalmente optimizada gaming experience para nuestros jugadores espa\u00f1oles. Proporciona un c\u00f3modo acceso a toda nuestra cartera de juegos, promociones y funciones de cuenta desde cualquier dispositivo. El software se adapta a cualquier tama\u00f1o de pantalla y funciona perfectamente en todos los dispositivos. [&hellip;]<\/p>\n","protected":false},"author":1,"featured_media":0,"parent":0,"menu_order":0,"comment_status":"closed","ping_status":"closed","template":"template-builder.php","meta":{"_acf_changed":false,"inline_featured_image":false,"footnotes":""},"class_list":["post-1428","page","type-page","status-publish","hentry"],"acf":[],"yoast_head":"<!-- This site is optimized with the Yoast SEO plugin v27.3 - https:\/\/yoast.com\/product\/yoast-seo-wordpress\/ -->\n<title>Aplicaci\u00f3n Spinsahara | Plataformas iOS y Android<\/title>\n<meta name=\"description\" content=\"La aplicaci\u00f3n Spinsahara ofrece una experiencia de juego fluida en casinos para Android, iOS, Windows y macOS, con cuentas sincronizadas, actualizaciones peri\u00f3dicas y asistencia al cliente integrada para una experiencia sin complicaciones.\" \/>\n<meta name=\"robots\" content=\"index, follow, max-snippet:-1, max-image-preview:large, max-video-preview:-1\" \/>\n<link rel=\"canonical\" href=\"https:\/\/thespinsahara.net\/es\/aplicacion\/\" \/>\n<meta property=\"og:locale\" content=\"es_ES\" \/>\n<meta property=\"og:type\" content=\"article\" \/>\n<meta property=\"og:title\" content=\"Aplicaci\u00f3n Spinsahara | Plataformas iOS y Android\" \/>\n<meta property=\"og:description\" content=\"La aplicaci\u00f3n Spinsahara ofrece una experiencia de juego fluida en casinos para Android, iOS, Windows y macOS, con cuentas sincronizadas, actualizaciones peri\u00f3dicas y asistencia al cliente integrada para una experiencia sin complicaciones.\" \/>\n<meta property=\"og:url\" content=\"https:\/\/thespinsahara.net\/es\/aplicacion\/\" \/>\n<meta property=\"og:site_name\" content=\"spinsahara\" \/>\n<meta property=\"article:modified_time\" content=\"2025-12-10T11:10:18+00:00\" \/>\n<meta name=\"twitter:card\" content=\"summary_large_image\" \/>\n<meta name=\"twitter:label1\" content=\"Est. reading time\" \/>\n\t<meta name=\"twitter:data1\" content=\"2 minutes\" \/>\n<script type=\"application\/ld+json\" class=\"yoast-schema-graph\">{\"@context\":\"https:\\\/\\\/schema.org\",\"@graph\":[{\"@type\":\"WebPage\",\"@id\":\"https:\\\/\\\/thespinsahara.net\\\/es\\\/aplicacion\\\/\",\"url\":\"https:\\\/\\\/thespinsahara.net\\\/es\\\/aplicacion\\\/\",\"name\":\"Aplicaci\u00f3n Spinsahara | Plataformas iOS y Android\",\"isPartOf\":{\"@id\":\"https:\\\/\\\/thespinsahara.net\\\/es\\\/#website\"},\"datePublished\":\"2025-12-09T14:14:12+00:00\",\"dateModified\":\"2025-12-10T11:10:18+00:00\",\"description\":\"La aplicaci\u00f3n Spinsahara ofrece una experiencia de juego fluida en casinos para Android, iOS, Windows y macOS, con cuentas sincronizadas, actualizaciones peri\u00f3dicas y asistencia al cliente integrada para una experiencia sin complicaciones.\",\"breadcrumb\":{\"@id\":\"https:\\\/\\\/thespinsahara.net\\\/es\\\/aplicacion\\\/#breadcrumb\"},\"inLanguage\":\"es-ES\",\"potentialAction\":[{\"@type\":\"ReadAction\",\"target\":[\"https:\\\/\\\/thespinsahara.net\\\/es\\\/aplicacion\\\/\"]}]},{\"@type\":\"BreadcrumbList\",\"@id\":\"https:\\\/\\\/thespinsahara.net\\\/es\\\/aplicacion\\\/#breadcrumb\",\"itemListElement\":[{\"@type\":\"ListItem\",\"position\":1,\"name\":\"Spinsahara\",\"item\":\"https:\\\/\\\/thespinsahara.net\\\/es\\\/\"},{\"@type\":\"ListItem\",\"position\":2,\"name\":\"Aplicaci\u00f3n\"}]},{\"@type\":\"WebSite\",\"@id\":\"https:\\\/\\\/thespinsahara.net\\\/es\\\/#website\",\"url\":\"https:\\\/\\\/thespinsahara.net\\\/es\\\/\",\"name\":\"Spinsahara\",\"description\":\"\",\"publisher\":{\"@id\":\"https:\\\/\\\/thespinsahara.net\\\/es\\\/#organization\"},\"potentialAction\":[{\"@type\":\"SearchAction\",\"target\":{\"@type\":\"EntryPoint\",\"urlTemplate\":\"https:\\\/\\\/thespinsahara.net\\\/es\\\/?s={search_term_string}\"},\"query-input\":{\"@type\":\"PropertyValueSpecification\",\"valueRequired\":true,\"valueName\":\"search_term_string\"}}],\"inLanguage\":\"es-ES\"},{\"@type\":\"Organization\",\"@id\":\"https:\\\/\\\/thespinsahara.net\\\/es\\\/#organization\",\"name\":\"Spinsahara\",\"url\":\"https:\\\/\\\/thespinsahara.net\\\/es\\\/\",\"logo\":{\"@type\":\"ImageObject\",\"inLanguage\":\"es-ES\",\"@id\":\"https:\\\/\\\/thespinsahara.net\\\/es\\\/#\\\/schema\\\/logo\\\/image\\\/\",\"url\":\"https:\\\/\\\/thespinsahara.net\\\/wp-content\\\/uploads\\\/2025\\\/12\\\/logo.svg\",\"contentUrl\":\"https:\\\/\\\/thespinsahara.net\\\/wp-content\\\/uploads\\\/2025\\\/12\\\/logo.svg\",\"width\":160,\"height\":31,\"caption\":\"Spinsahara\"},\"image\":{\"@id\":\"https:\\\/\\\/thespinsahara.net\\\/es\\\/#\\\/schema\\\/logo\\\/image\\\/\"}}]}<\/script>\n<!-- \/ Yoast SEO plugin. -->","yoast_head_json":{"title":"Aplicaci\u00f3n Spinsahara | Plataformas iOS y Android","description":"La aplicaci\u00f3n Spinsahara ofrece una experiencia de juego fluida en casinos para Android, iOS, Windows y macOS, con cuentas sincronizadas, actualizaciones peri\u00f3dicas y asistencia al cliente integrada para una experiencia sin complicaciones.","robots":{"index":"index","follow":"follow","max-snippet":"max-snippet:-1","max-image-preview":"max-image-preview:large","max-video-preview":"max-video-preview:-1"},"canonical":"https:\/\/thespinsahara.net\/es\/aplicacion\/","og_locale":"es_ES","og_type":"article","og_title":"Aplicaci\u00f3n Spinsahara | Plataformas iOS y Android","og_description":"La aplicaci\u00f3n Spinsahara ofrece una experiencia de juego fluida en casinos para Android, iOS, Windows y macOS, con cuentas sincronizadas, actualizaciones peri\u00f3dicas y asistencia al cliente integrada para una experiencia sin complicaciones.","og_url":"https:\/\/thespinsahara.net\/es\/aplicacion\/","og_site_name":"spinsahara","article_modified_time":"2025-12-10T11:10:18+00:00","twitter_card":"summary_large_image","twitter_misc":{"Est. reading time":"2 minutes"},"schema":{"@context":"https:\/\/schema.org","@graph":[{"@type":"WebPage","@id":"https:\/\/thespinsahara.net\/es\/aplicacion\/","url":"https:\/\/thespinsahara.net\/es\/aplicacion\/","name":"Aplicaci\u00f3n Spinsahara | Plataformas iOS y Android","isPartOf":{"@id":"https:\/\/thespinsahara.net\/es\/#website"},"datePublished":"2025-12-09T14:14:12+00:00","dateModified":"2025-12-10T11:10:18+00:00","description":"La aplicaci\u00f3n Spinsahara ofrece una experiencia de juego fluida en casinos para Android, iOS, Windows y macOS, con cuentas sincronizadas, actualizaciones peri\u00f3dicas y asistencia al cliente integrada para una experiencia sin complicaciones.","breadcrumb":{"@id":"https:\/\/thespinsahara.net\/es\/aplicacion\/#breadcrumb"},"inLanguage":"es-ES","potentialAction":[{"@type":"ReadAction","target":["https:\/\/thespinsahara.net\/es\/aplicacion\/"]}]},{"@type":"BreadcrumbList","@id":"https:\/\/thespinsahara.net\/es\/aplicacion\/#breadcrumb","itemListElement":[{"@type":"ListItem","position":1,"name":"Spinsahara","item":"https:\/\/thespinsahara.net\/es\/"},{"@type":"ListItem","position":2,"name":"Aplicaci\u00f3n"}]},{"@type":"WebSite","@id":"https:\/\/thespinsahara.net\/es\/#website","url":"https:\/\/thespinsahara.net\/es\/","name":"Spinsahara","description":"","publisher":{"@id":"https:\/\/thespinsahara.net\/es\/#organization"},"potentialAction":[{"@type":"SearchAction","target":{"@type":"EntryPoint","urlTemplate":"https:\/\/thespinsahara.net\/es\/?s={search_term_string}"},"query-input":{"@type":"PropertyValueSpecification","valueRequired":true,"valueName":"search_term_string"}}],"inLanguage":"es-ES"},{"@type":"Organization","@id":"https:\/\/thespinsahara.net\/es\/#organization","name":"Spinsahara","url":"https:\/\/thespinsahara.net\/es\/","logo":{"@type":"ImageObject","inLanguage":"es-ES","@id":"https:\/\/thespinsahara.net\/es\/#\/schema\/logo\/image\/","url":"https:\/\/thespinsahara.net\/wp-content\/uploads\/2025\/12\/logo.svg","contentUrl":"https:\/\/thespinsahara.net\/wp-content\/uploads\/2025\/12\/logo.svg","width":160,"height":31,"caption":"Spinsahara"},"image":{"@id":"https:\/\/thespinsahara.net\/es\/#\/schema\/logo\/image\/"}}]}},"_links":{"self":[{"href":"https:\/\/thespinsahara.net\/es\/wp-json\/wp\/v2\/pages\/1428","targetHints":{"allow":["GET"]}}],"collection":[{"href":"https:\/\/thespinsahara.net\/es\/wp-json\/wp\/v2\/pages"}],"about":[{"href":"https:\/\/thespinsahara.net\/es\/wp-json\/wp\/v2\/types\/page"}],"author":[{"embeddable":true,"href":"https:\/\/thespinsahara.net\/es\/wp-json\/wp\/v2\/users\/1"}],"replies":[{"embeddable":true,"href":"https:\/\/thespinsahara.net\/es\/wp-json\/wp\/v2\/comments?post=1428"}],"version-history":[{"count":2,"href":"https:\/\/thespinsahara.net\/es\/wp-json\/wp\/v2\/pages\/1428\/revisions"}],"predecessor-version":[{"id":1806,"href":"https:\/\/thespinsahara.net\/es\/wp-json\/wp\/v2\/pages\/1428\/revisions\/1806"}],"wp:attachment":[{"href":"https:\/\/thespinsahara.net\/es\/wp-json\/wp\/v2\/media?parent=1428"}],"curies":[{"name":"wp","href":"https:\/\/api.w.org\/{rel}","templated":true}]}}