{"id":1462,"date":"2025-12-09T14:18:56","date_gmt":"2025-12-09T14:18:56","guid":{"rendered":"https:\/\/thespinsahara.net\/login-and-registration\/"},"modified":"2025-12-10T09:49:11","modified_gmt":"2025-12-10T09:49:11","slug":"anmeldung-und-registrierung","status":"publish","type":"page","link":"https:\/\/thespinsahara.net\/de\/anmeldung-und-registrierung\/","title":{"rendered":"Anmeldung und Registrierung"},"content":{"rendered":"<h1>Spinsahara-Anmeldung: Registrierung und Kontoverwaltung<\/h1>\n<p>Schlie\u00dfen Sie den Spinsahara login prozess ab, um unser Casino nutzen zu k\u00f6nnen. Wenn Sie noch kein Konto haben, m\u00fcssen Sie sich registrieren. Nur registrierte Benutzer k\u00f6nnen auf die Plattform zugreifen. F\u00fcr unsere Mitglieder bietet die Plattform umfassenden Schutz durch fortschrittliche SSL-Technologie, Verschl\u00fcsselung und andere Datensicherheitsma\u00dfnahmen. Sobald Sie den Spinsahara-Anmeldevorgang durchgef\u00fchrt haben, k\u00f6nnen Sie Hunderte von Spielen spielen, Ihr Konto verwalten und Boni erhalten.<\/p>\n<p><div class=\"banner-wrap\" aria-label=\"Banner\"><img src=\"https:\/\/thespinsahara.net\/wp-content\/uploads\/2025\/12\/Spinsahara-banner-carousel-932\u0445400-12.webp\" class=\"w-100 d-none d-lg-block img-pc main-banner-img\" alt=\"Spinsahara Desktop Banner\" fetchpriority=\"high\" decoding=\"async\"><img src=\"https:\/\/thespinsahara.net\/wp-content\/uploads\/2025\/12\/Spinsahara-Mobile-Banner.webp\" class=\"w-100 d-none d-md-block d-lg-none main-banner-img\" alt=\"Spinsahara Mobile Banner\" fetchpriority=\"high\" decoding=\"async\"><img src=\"https:\/\/thespinsahara.net\/wp-content\/uploads\/2025\/12\/Spinsahara-Mobile-Banner.webp\" class=\"w-100 d-md-none\" alt=\"Spinsahara Mobile Banner\" fetchpriority=\"high\" decoding=\"async\"><div class=\"banner-description\">\n<div class=\"banner-title\">Willkommensboni<\/div>\n<p class=\"banner-header-title\">1500 \u20ac<\/p>\n<div class=\"banner-header-AdditionalText\">+ 250 Freispiele<\/div>\n<button data-item=\"homepage_banner_link\" class=\"goto m-button m-gradient-border m-button--primary m-button--large banner-button btn-orange\">\n            <div class=\"m-button-content\">\n                <span>Jetzt anmelden<\/span>\n                <span><\/span>\n            <\/div>\n        <\/button>\n<\/div>\n<div class=\"WelcomePack\">\n<p><img loading=\"lazy\" decoding=\"async\" class=\"alignnone size-full wp-image-1339\" src=\"https:\/\/thespinsahara.net\/wp-content\/uploads\/2025\/12\/welcome-crown.svg\" alt=\"crown\" width=\"25\" height=\"26\" \/><\/p>\n<div class=\"WelcomePack-Info\">W\u00f6chentlicher Cashback von bis zu 25 %<\/div>\n<p><img loading=\"lazy\" decoding=\"async\" class=\"alignnone size-full wp-image-1339\" src=\"https:\/\/thespinsahara.net\/wp-content\/uploads\/2025\/12\/welcome-crown.svg\" alt=\"crown\" width=\"25\" height=\"26\" \/><\/p>\n<\/div>\n<\/div><div class=\"scrollable-content-wrap my-5\"><div class=\"scrollable-content-inner\"><h2>Neuanmeldung bei Spin Sahara Casino<\/h2>\n<p>Wenn Sie sich bei Spinsahara Casino registrieren, erhalten Sie Zugang zu allen Spielm\u00f6glichkeiten. Nach der Registrierung und dem Abschluss des Spinsahara-Anmeldeprozesses erhalten Sie Zugang zu \u00fcber 6.000 Spielen, gro\u00dfz\u00fcgigen Boni, Tools f\u00fcr verantwortungsbewusstes Spielen, Turnieren und allen Kontofunktionen.<\/p>\n<p>Nur verifizierte Benutzer k\u00f6nnen um echtes Geld oder im Demo-Modus spielen, Werbeaktionen aktivieren, Einzahlungen verwalten und Gewinne auszahlen lassen. Die Registrierung bietet Spielern eine vollst\u00e4ndig sichere Spielumgebung mit fortschrittlicher Sicherheitstechnologie.<\/p>\n<h3>Erstellen Sie Ihr Konto<\/h3>\n<ol>\n<li>Klicken Sie auf der Startseite auf die Schaltfl\u00e4che \u201eRegistrieren\u201c.<\/li>\n<li>Ein Registrierungsformular wird auf dem Bildschirm angezeigt.<\/li>\n<li>Geben Sie Ihre E-Mail-Adresse ein und erstellen Sie ein sicheres Passwort.<\/li>\n<li>Wenn Sie einen Aktionscode haben, f\u00fcgen Sie ihn hinzu.<\/li>\n<li>Best\u00e4tigen Sie Ihr Einverst\u00e4ndnis mit den Nutzungsbedingungen und der Datenschutzerkl\u00e4rung. Best\u00e4tigen Sie au\u00dferdem, dass Sie mindestens 18 Jahre alt sind.<\/li>\n<li>Klicken Sie auf \u201eSpeichern\u201c.<\/li>\n<li>\u00d6ffnen Sie die E-Mail von Spinsahara und folgen Sie dem Link, um Ihr Konto zu aktivieren.<\/li>\n<\/ol>\n<h2>Zugriff auf ein Spinsahara-Konto und dessen Einrichtung<\/h2>\n<p>Die Spinsahara-Anmeldung ist schnell und einfach. Danach k\u00f6nnen Sie Ihre Spinsahara-Kontoeinstellungen verwalten. Alles wird \u00fcber ein einziges sicheres Kontrollpanel verwaltet.<\/p>\n<h3>So melden Sie sich an<\/h3>\n<ol>\n<li>Klicken Sie auf die Schaltfl\u00e4che \u201eAnmelden\u201c, um den Anmeldevorgang bei Spinsahara zu starten.<\/li>\n<li>Geben Sie Ihre E-Mail-Adresse und Ihr Passwort ein.<\/li>\n<li>Klicken Sie auf \u201eAnmelden\u201c, um auf Ihr Konto zuzugreifen.<\/li>\n<\/ol>\n<h3>Passwort vergessen?<\/h3>\n<p>Die Wiederherstellung des Zugriffs dauert nur wenige Minuten:<\/p>\n<ol>\n<li>Klicken Sie auf der Homepage von Spin Sahara auf \u201eAnmelden\u201c.<\/li>\n<li>W\u00e4hlen Sie \u201ePasswort vergessen?\u201c<\/li>\n<li>Geben Sie Ihre E-Mail-Adresse ein.<\/li>\n<li>Folgen Sie dem Link zum Zur\u00fccksetzen in der E-Mail von Spin Sahara.<\/li>\n<li>Erstellen Sie ein neues Passwort und melden Sie sich erneut an.<\/li>\n<\/ol>\n<h3>Spin Sahara Casino: Kontosicherheit und Verifizierung<\/h3>\n<p>Um Ihr Spinsahara-Profil zu sch\u00fctzen, m\u00fcssen alle Spieler eine vollst\u00e4ndige KYC-Verifizierung durchf\u00fchren. Dieser Schritt best\u00e4tigt Ihre Identit\u00e4t, Ihre Adresse und Ihre Zahlungsdaten. Der Verifizierungsprozess ist eine zwingende Voraussetzung, bevor Sie Geld abheben oder Boni nutzen k\u00f6nnen. M\u00f6glicherweise werden Sie gebeten, Ihren Personalausweis oder Reisepass, einen Adressnachweis, Ihre Bankverbindung oder Ihren F\u00fchrerschein vorzulegen.<\/p>\n<p>Zus\u00e4tzliche Sicherheitsma\u00dfnahmen:<\/p>\n<ul>\n<li>256-Bit-SSL<\/li>\n<li>HTTPS-Protokoll<\/li>\n<li>Vollst\u00e4ndige Datenverschl\u00fcsselung<\/li>\n<li>2FA-Kontoschutz<\/li>\n<li>Lizenzierte Software<\/li>\n<li>Cura\u00e7ao-Normen<\/li>\n<li>Altersbeschr\u00e4nkung 18+<\/li>\n<\/ul>\n<h2>H\u00e4ufig gestellte Fragen<\/h2>\n<h3>Wie schlie\u00dfe ich den Kontoverifizierungsprozess ab?<\/h3>\n<p>Um Ihr Konto zu verifizieren, laden Sie die erforderlichen Dokumente im Bereich \u201eVerifizierung\u201c hoch. M\u00f6glicherweise m\u00fcssen Sie Ihren Ausweis, einen Adressnachweis und Informationen zu Ihrer Zahlungsmethode vorlegen. Unsere Fachleute pr\u00fcfen alle Dokumente und best\u00e4tigen Ihren Status. Nach der Genehmigung stehen Ihnen alle Funktionen von Spinsahara Casino uneingeschr\u00e4nkt zur Verf\u00fcgung.<\/p>\n<h3>Wie aktualisiere ich mein Passwort oder meine E-Mail-Adresse?<\/h3>\n<p>Gehen Sie zu Ihren Spinsahara Kontoeinstellungen und \u00f6ffnen Sie den Abschnitt \u201ePers\u00f6nliche Daten\u201c. Dort k\u00f6nnen Sie Ihr Passwort \u00e4ndern oder Ihre E-Mail-Adresse aktualisieren. Best\u00e4tigen Sie die \u00c4nderungen und folgen Sie dem Link in der E-Mail von Spinsahara.<\/p>\n<h3>Was soll ich tun, wenn mein Konto gesperrt ist?<\/h3>\n<p>Wenn Ihr Konto gesperrt ist, versuchen Sie zun\u00e4chst, Ihr Passwort zur\u00fcckzusetzen. Klicken Sie auf \u201ePasswort vergessen?\u201c und folgen Sie dem Link in der E-Mail. Wenn das Problem weiterhin besteht, wenden Sie sich bitte an den mehrsprachigen Support \u00fcber den Live-Chat oder per E-Mail. Unsere Spezialisten werden Ihr Profil \u00fcberpr\u00fcfen, Ihnen den Grund erl\u00e4utern und den Zugang wiederherstellen.<\/p>\n<h3>Wie kann ich mein Konto schlie\u00dfen oder vor\u00fcbergehend sperren?<\/h3>\n<p>\u00d6ffnen Sie den Bereich \u201eVerantwortungsbewusstes Spielen\u201d in Ihrem Konto. Dort k\u00f6nnen Sie eine vor\u00fcbergehende Sperre, eine Auszeit oder einen dauerhaften Selbstausschluss w\u00e4hlen. W\u00e4hlen Sie die gew\u00fcnschte Option aus und best\u00e4tigen Sie Ihre Auswahl. Wenn Sie Hilfe ben\u00f6tigen, wenden Sie sich bitte an unser Support-Team.<\/p>\n<\/div><\/div><\/p>\n","protected":false},"excerpt":{"rendered":"<p>Spinsahara-Anmeldung: Registrierung und Kontoverwaltung Schlie\u00dfen Sie den Spinsahara login prozess ab, um unser Casino nutzen zu k\u00f6nnen. Wenn Sie noch kein Konto haben, m\u00fcssen Sie sich registrieren. Nur registrierte Benutzer k\u00f6nnen auf die Plattform zugreifen. F\u00fcr unsere Mitglieder bietet die Plattform umfassenden Schutz durch fortschrittliche SSL-Technologie, Verschl\u00fcsselung und andere Datensicherheitsma\u00dfnahmen. Sobald Sie den Spinsahara-Anmeldevorgang durchgef\u00fchrt [&hellip;]<\/p>\n","protected":false},"author":1,"featured_media":0,"parent":0,"menu_order":0,"comment_status":"closed","ping_status":"closed","template":"template-builder.php","meta":{"_acf_changed":false,"inline_featured_image":false,"footnotes":""},"class_list":["post-1462","page","type-page","status-publish","hentry"],"acf":[],"yoast_head":"<!-- This site is optimized with the Yoast SEO plugin v27.3 - https:\/\/yoast.com\/product\/yoast-seo-wordpress\/ -->\n<title>Spinsahara Anmeldung und Registrierung<\/title>\n<meta name=\"description\" content=\"Erstellen, verwalten und \u00fcberpr\u00fcfen Sie ganz einfach Ihr Spinsahara Casino-Konto. Profitieren Sie von einer schnellen Registrierung, einer nahtlosen Kontowiederherstellung und einer sicheren Schlie\u00dfung \u00fcber Spinsahara Login, wodurch die Sicherheit Ihres Kontos jederzeit gew\u00e4hrleistet ist.\" \/>\n<meta name=\"robots\" content=\"index, follow, max-snippet:-1, max-image-preview:large, max-video-preview:-1\" \/>\n<link rel=\"canonical\" href=\"https:\/\/thespinsahara.net\/de\/anmeldung-und-registrierung\/\" \/>\n<meta property=\"og:locale\" content=\"de_DE\" \/>\n<meta property=\"og:type\" content=\"article\" \/>\n<meta property=\"og:title\" content=\"Spinsahara Anmeldung und Registrierung\" \/>\n<meta property=\"og:description\" content=\"Erstellen, verwalten und \u00fcberpr\u00fcfen Sie ganz einfach Ihr Spinsahara Casino-Konto. Profitieren Sie von einer schnellen Registrierung, einer nahtlosen Kontowiederherstellung und einer sicheren Schlie\u00dfung \u00fcber Spinsahara Login, wodurch die Sicherheit Ihres Kontos jederzeit gew\u00e4hrleistet ist.\" \/>\n<meta property=\"og:url\" content=\"https:\/\/thespinsahara.net\/de\/anmeldung-und-registrierung\/\" \/>\n<meta property=\"og:site_name\" content=\"spinsahara\" \/>\n<meta property=\"article:modified_time\" content=\"2025-12-10T09:49:11+00:00\" \/>\n<meta name=\"twitter:card\" content=\"summary_large_image\" \/>\n<meta name=\"twitter:label1\" content=\"Gesch\u00e4tzte Lesezeit\" \/>\n\t<meta name=\"twitter:data1\" content=\"1\u00a0Minute\" \/>\n<script type=\"application\/ld+json\" class=\"yoast-schema-graph\">{\"@context\":\"https:\\\/\\\/schema.org\",\"@graph\":[{\"@type\":\"WebPage\",\"@id\":\"https:\\\/\\\/thespinsahara.net\\\/de\\\/anmeldung-und-registrierung\\\/\",\"url\":\"https:\\\/\\\/thespinsahara.net\\\/de\\\/anmeldung-und-registrierung\\\/\",\"name\":\"Spinsahara Anmeldung und Registrierung\",\"isPartOf\":{\"@id\":\"https:\\\/\\\/thespinsahara.net\\\/de\\\/#website\"},\"datePublished\":\"2025-12-09T14:18:56+00:00\",\"dateModified\":\"2025-12-10T09:49:11+00:00\",\"description\":\"Erstellen, verwalten und \u00fcberpr\u00fcfen Sie ganz einfach Ihr Spinsahara Casino-Konto. Profitieren Sie von einer schnellen Registrierung, einer nahtlosen Kontowiederherstellung und einer sicheren Schlie\u00dfung \u00fcber Spinsahara Login, wodurch die Sicherheit Ihres Kontos jederzeit gew\u00e4hrleistet ist.\",\"breadcrumb\":{\"@id\":\"https:\\\/\\\/thespinsahara.net\\\/de\\\/anmeldung-und-registrierung\\\/#breadcrumb\"},\"inLanguage\":\"de\",\"potentialAction\":[{\"@type\":\"ReadAction\",\"target\":[\"https:\\\/\\\/thespinsahara.net\\\/de\\\/anmeldung-und-registrierung\\\/\"]}]},{\"@type\":\"BreadcrumbList\",\"@id\":\"https:\\\/\\\/thespinsahara.net\\\/de\\\/anmeldung-und-registrierung\\\/#breadcrumb\",\"itemListElement\":[{\"@type\":\"ListItem\",\"position\":1,\"name\":\"Spinsahara\",\"item\":\"https:\\\/\\\/thespinsahara.net\\\/de\\\/\"},{\"@type\":\"ListItem\",\"position\":2,\"name\":\"Anmeldung und Registrierung\"}]},{\"@type\":\"WebSite\",\"@id\":\"https:\\\/\\\/thespinsahara.net\\\/de\\\/#website\",\"url\":\"https:\\\/\\\/thespinsahara.net\\\/de\\\/\",\"name\":\"Spinsahara\",\"description\":\"\",\"publisher\":{\"@id\":\"https:\\\/\\\/thespinsahara.net\\\/de\\\/#organization\"},\"potentialAction\":[{\"@type\":\"SearchAction\",\"target\":{\"@type\":\"EntryPoint\",\"urlTemplate\":\"https:\\\/\\\/thespinsahara.net\\\/de\\\/?s={search_term_string}\"},\"query-input\":{\"@type\":\"PropertyValueSpecification\",\"valueRequired\":true,\"valueName\":\"search_term_string\"}}],\"inLanguage\":\"de\"},{\"@type\":\"Organization\",\"@id\":\"https:\\\/\\\/thespinsahara.net\\\/de\\\/#organization\",\"name\":\"Spinsahara\",\"url\":\"https:\\\/\\\/thespinsahara.net\\\/de\\\/\",\"logo\":{\"@type\":\"ImageObject\",\"inLanguage\":\"de\",\"@id\":\"https:\\\/\\\/thespinsahara.net\\\/de\\\/#\\\/schema\\\/logo\\\/image\\\/\",\"url\":\"https:\\\/\\\/thespinsahara.net\\\/wp-content\\\/uploads\\\/2025\\\/12\\\/logo.svg\",\"contentUrl\":\"https:\\\/\\\/thespinsahara.net\\\/wp-content\\\/uploads\\\/2025\\\/12\\\/logo.svg\",\"width\":160,\"height\":31,\"caption\":\"Spinsahara\"},\"image\":{\"@id\":\"https:\\\/\\\/thespinsahara.net\\\/de\\\/#\\\/schema\\\/logo\\\/image\\\/\"}}]}<\/script>\n<!-- \/ Yoast SEO plugin. -->","yoast_head_json":{"title":"Spinsahara Anmeldung und Registrierung","description":"Erstellen, verwalten und \u00fcberpr\u00fcfen Sie ganz einfach Ihr Spinsahara Casino-Konto. Profitieren Sie von einer schnellen Registrierung, einer nahtlosen Kontowiederherstellung und einer sicheren Schlie\u00dfung \u00fcber Spinsahara Login, wodurch die Sicherheit Ihres Kontos jederzeit gew\u00e4hrleistet ist.","robots":{"index":"index","follow":"follow","max-snippet":"max-snippet:-1","max-image-preview":"max-image-preview:large","max-video-preview":"max-video-preview:-1"},"canonical":"https:\/\/thespinsahara.net\/de\/anmeldung-und-registrierung\/","og_locale":"de_DE","og_type":"article","og_title":"Spinsahara Anmeldung und Registrierung","og_description":"Erstellen, verwalten und \u00fcberpr\u00fcfen Sie ganz einfach Ihr Spinsahara Casino-Konto. Profitieren Sie von einer schnellen Registrierung, einer nahtlosen Kontowiederherstellung und einer sicheren Schlie\u00dfung \u00fcber Spinsahara Login, wodurch die Sicherheit Ihres Kontos jederzeit gew\u00e4hrleistet ist.","og_url":"https:\/\/thespinsahara.net\/de\/anmeldung-und-registrierung\/","og_site_name":"spinsahara","article_modified_time":"2025-12-10T09:49:11+00:00","twitter_card":"summary_large_image","twitter_misc":{"Gesch\u00e4tzte Lesezeit":"1\u00a0Minute"},"schema":{"@context":"https:\/\/schema.org","@graph":[{"@type":"WebPage","@id":"https:\/\/thespinsahara.net\/de\/anmeldung-und-registrierung\/","url":"https:\/\/thespinsahara.net\/de\/anmeldung-und-registrierung\/","name":"Spinsahara Anmeldung und Registrierung","isPartOf":{"@id":"https:\/\/thespinsahara.net\/de\/#website"},"datePublished":"2025-12-09T14:18:56+00:00","dateModified":"2025-12-10T09:49:11+00:00","description":"Erstellen, verwalten und \u00fcberpr\u00fcfen Sie ganz einfach Ihr Spinsahara Casino-Konto. Profitieren Sie von einer schnellen Registrierung, einer nahtlosen Kontowiederherstellung und einer sicheren Schlie\u00dfung \u00fcber Spinsahara Login, wodurch die Sicherheit Ihres Kontos jederzeit gew\u00e4hrleistet ist.","breadcrumb":{"@id":"https:\/\/thespinsahara.net\/de\/anmeldung-und-registrierung\/#breadcrumb"},"inLanguage":"de","potentialAction":[{"@type":"ReadAction","target":["https:\/\/thespinsahara.net\/de\/anmeldung-und-registrierung\/"]}]},{"@type":"BreadcrumbList","@id":"https:\/\/thespinsahara.net\/de\/anmeldung-und-registrierung\/#breadcrumb","itemListElement":[{"@type":"ListItem","position":1,"name":"Spinsahara","item":"https:\/\/thespinsahara.net\/de\/"},{"@type":"ListItem","position":2,"name":"Anmeldung und Registrierung"}]},{"@type":"WebSite","@id":"https:\/\/thespinsahara.net\/de\/#website","url":"https:\/\/thespinsahara.net\/de\/","name":"Spinsahara","description":"","publisher":{"@id":"https:\/\/thespinsahara.net\/de\/#organization"},"potentialAction":[{"@type":"SearchAction","target":{"@type":"EntryPoint","urlTemplate":"https:\/\/thespinsahara.net\/de\/?s={search_term_string}"},"query-input":{"@type":"PropertyValueSpecification","valueRequired":true,"valueName":"search_term_string"}}],"inLanguage":"de"},{"@type":"Organization","@id":"https:\/\/thespinsahara.net\/de\/#organization","name":"Spinsahara","url":"https:\/\/thespinsahara.net\/de\/","logo":{"@type":"ImageObject","inLanguage":"de","@id":"https:\/\/thespinsahara.net\/de\/#\/schema\/logo\/image\/","url":"https:\/\/thespinsahara.net\/wp-content\/uploads\/2025\/12\/logo.svg","contentUrl":"https:\/\/thespinsahara.net\/wp-content\/uploads\/2025\/12\/logo.svg","width":160,"height":31,"caption":"Spinsahara"},"image":{"@id":"https:\/\/thespinsahara.net\/de\/#\/schema\/logo\/image\/"}}]}},"_links":{"self":[{"href":"https:\/\/thespinsahara.net\/de\/wp-json\/wp\/v2\/pages\/1462","targetHints":{"allow":["GET"]}}],"collection":[{"href":"https:\/\/thespinsahara.net\/de\/wp-json\/wp\/v2\/pages"}],"about":[{"href":"https:\/\/thespinsahara.net\/de\/wp-json\/wp\/v2\/types\/page"}],"author":[{"embeddable":true,"href":"https:\/\/thespinsahara.net\/de\/wp-json\/wp\/v2\/users\/1"}],"replies":[{"embeddable":true,"href":"https:\/\/thespinsahara.net\/de\/wp-json\/wp\/v2\/comments?post=1462"}],"version-history":[{"count":1,"href":"https:\/\/thespinsahara.net\/de\/wp-json\/wp\/v2\/pages\/1462\/revisions"}],"predecessor-version":[{"id":1626,"href":"https:\/\/thespinsahara.net\/de\/wp-json\/wp\/v2\/pages\/1462\/revisions\/1626"}],"wp:attachment":[{"href":"https:\/\/thespinsahara.net\/de\/wp-json\/wp\/v2\/media?parent=1462"}],"curies":[{"name":"wp","href":"https:\/\/api.w.org\/{rel}","templated":true}]}}