{"id":1421,"date":"2025-12-09T14:14:12","date_gmt":"2025-12-09T14:14:12","guid":{"rendered":"https:\/\/thespinsahara.net\/app-2\/"},"modified":"2025-12-10T09:46:46","modified_gmt":"2025-12-10T09:46:46","slug":"app","status":"publish","type":"page","link":"https:\/\/thespinsahara.net\/de\/app\/","title":{"rendered":"App"},"content":{"rendered":"<h1>Spinsahara Gaming App<\/h1>\n<p>Die Spinsahara App bietet ein vollst\u00e4ndig optimiertes mobiles Spielerlebnis. Sie erm\u00f6glicht bequemen Zugriff auf unser gesamtes Portfolio an Spielen, Aktionen und Kontofunktionen von jedem Ger\u00e4t aus. Die Software passt sich an jede Bildschirmgr\u00f6\u00dfe an und l\u00e4uft reibungslos auf allen Ger\u00e4ten. Alle Casino-Funktionen funktionieren genauso wie in einem Browser oder auf einem PC. Spinsahara unterst\u00fctzt das sofortige Laden und den 24\/7-Zugriff auf alle Inhalte in seiner App.<\/p>\n<div class=\"banner-wrap\" aria-label=\"Banner\"><img src=\"https:\/\/thespinsahara.net\/wp-content\/uploads\/2025\/12\/Spinsahara-banner-carousel-932\u0445400-12.webp\" class=\"w-100 d-none d-lg-block img-pc main-banner-img\" alt=\"Spinsahara Desktop Banner\" fetchpriority=\"high\" decoding=\"async\"><img src=\"https:\/\/thespinsahara.net\/wp-content\/uploads\/2025\/12\/Spinsahara-Mobile-Banner.webp\" class=\"w-100 d-none d-md-block d-lg-none main-banner-img\" alt=\"Spinsahara Mobile Banner\" fetchpriority=\"high\" decoding=\"async\"><img src=\"https:\/\/thespinsahara.net\/wp-content\/uploads\/2025\/12\/Spinsahara-Mobile-Banner.webp\" class=\"w-100 d-md-none\" alt=\"Spinsahara Mobile Banner\" fetchpriority=\"high\" decoding=\"async\"><div class=\"banner-description\">\n<div class=\"banner-title\">Willkommensboni<\/div>\n<p class=\"banner-header-title\">1500 \u20ac<\/p>\n<div class=\"banner-header-AdditionalText\">+ 250 Freispiele<\/div>\n<button data-item=\"homepage_banner_link\" class=\"goto m-button m-gradient-border m-button--primary m-button--large banner-button btn-orange\">\n            <div class=\"m-button-content\">\n                <span>Jetzt anmelden<\/span>\n                <span><\/span>\n            <\/div>\n        <\/button>\n<\/div>\n<div class=\"WelcomePack\">\n<p><img loading=\"lazy\" decoding=\"async\" class=\"alignnone size-full wp-image-1339\" src=\"https:\/\/thespinsahara.net\/wp-content\/uploads\/2025\/12\/welcome-crown.svg\" alt=\"crown\" width=\"25\" height=\"26\" \/><\/p>\n<div class=\"WelcomePack-Info\">W\u00f6chentlicher Cashback von bis zu 25 %<\/div>\n<p><img loading=\"lazy\" decoding=\"async\" class=\"alignnone size-full wp-image-1339\" src=\"https:\/\/thespinsahara.net\/wp-content\/uploads\/2025\/12\/welcome-crown.svg\" alt=\"crown\" width=\"25\" height=\"26\" \/><\/p>\n<\/div>\n<\/div>\n<h2>Spinsahara mit der mobilen App<\/h2>\n<p>Die mobile App Spinsahara wurde entwickelt, um alle Aspekte des Spielerlebnisses mit einer optimierten Touch-Oberfl\u00e4che zu verbessern. Ihr Hauptvorteil ist die Mobilit\u00e4t: Sie k\u00f6nnen Ihr Casino-Konto \u00fcberall mit schnellem Zugriff verwalten. Die Software verf\u00fcgt \u00fcber eine intuitive Benutzeroberfl\u00e4che und sofortige Push-Benachrichtigungen. Obwohl die PC-Version \u00fcber ein gr\u00f6\u00dferes Display verf\u00fcgt, bieten beide Plattformen identische Funktionen. Spieler k\u00f6nnen alle Vorteile von Spinsahara auf jedem Ger\u00e4t genie\u00dfen.<\/p>\n<table>\n<tbody>\n<tr>\n<td>Funktion<\/td>\n<td>Spinsahara Mobile App<\/td>\n<td>Spinsahara PC-Version<\/td>\n<\/tr>\n<tr>\n<td>Portabilit\u00e4t<\/td>\n<td>Uneingeschr\u00e4nkter Zugriff von \u00fcberall<\/td>\n<td>Erfordert einen festen Standort<\/td>\n<\/tr>\n<tr>\n<td>Schnittstellendesign<\/td>\n<td>Touch-optimierte, gestenbasierte Navigation<\/td>\n<td>Breitbild-Layout mit Maus-\/Tastatursteuerung<\/td>\n<\/tr>\n<tr>\n<td>Benachrichtigungen<\/td>\n<td>Sofortige Push-Benachrichtigungen f\u00fcr Boni und Veranstaltungen<\/td>\n<td>Benachrichtigungen erfordern Browser- oder E-Mail-\u00dcberpr\u00fcfungen<\/td>\n<\/tr>\n<tr>\n<td>Benutzererfahrung<\/td>\n<td>Schneller Zugriff \u00fcber App-Symbol, optimierte Men\u00fcs<\/td>\n<td>Multi-Fenster-Navigation mit breiterer Anzeige<\/td>\n<\/tr>\n<tr>\n<td>Bequemlichkeit<\/td>\n<td>Ideal f\u00fcr kurze Spielrunden und unterwegs<\/td>\n<td>Am besten geeignet f\u00fcr ausgedehntes Spielen auf einem gro\u00dfen Bildschirm<\/td>\n<\/tr>\n<\/tbody>\n<\/table>\n<p><div class=\"scrollable-content-wrap my-5\"><div class=\"scrollable-content-inner\"><h2>Spinsahara Casino Android-App<\/h2>\n<p>Die Spinsahara Casino App f\u00fcr Android bietet Ihnen schnellen Zugriff auf alle Spiele und Funktionen auf jedem Ger\u00e4t. Sie funktioniert sofort, l\u00e4dt schnell und erfordert keine komplizierte Einrichtung. Sie erhalten das mobile Casino-Erlebnis direkt auf Ihrem Startbildschirm. Im Folgenden informieren wir Sie \u00fcber unsere Software und wie Sie sie herunterladen k\u00f6nnen.<\/p>\n<h3>APK<\/h3>\n<p>Sie m\u00fcssen keine APK-Datei herunterladen, um Spinsahara Casino zu installieren. Sie m\u00fcssen nicht im Play Store nach der App suchen und eine APK-Datei herunterladen. Die App funktioniert ohne manuelle Downloads auf Android.<\/p>\n<h3>PWA<\/h3>\n<p>Die Spinsahara-App f\u00fcr Android ist eine moderne Progressive Web App (PWA). Sie erfordert keine langen Downloads oder komplizierten Installationen. Sie laden die PWA direkt von unserer Website herunter. So installieren Sie sie:<\/p>\n<ol>\n<li>Scrollen Sie auf Ihrem Android-Ger\u00e4t auf der Website Spinsahara nach unten zum Button \u201eCasino App\u201d.<\/li>\n<li>Klicken Sie darauf, w\u00e4hlen Sie \u201eInstallieren\u201c und die App erscheint auf Ihrem Startbildschirm und in Ihrem App-Drawer.<\/li>\n<li>Es startet mit einem einzigen Fingertipp und l\u00e4uft schnell.<\/li>\n<\/ol>\n<p><img loading=\"lazy\" decoding=\"async\" src=\"https:\/\/thespinsahara.net\/wp-content\/uploads\/2025\/12\/Spinsahara-Android-Application.webp\" alt=\"Spinsahara Android Application\" width=\"1248\" height=\"536\" \/><\/p>\n<\/div><\/div><div style=\"clear: both\"><\/div><div class=\"d-flex justify-content-center\"><button data-item=\"decouvrez_link\" data-group=\"website_links\" class=\"goto fw-bold rounded-pill btn btn-orange\" aria-label=\"Laden Sie die Spinsahara-App herunter\" >Laden Sie die Spinsahara-App herunter<\/button><\/div><div class=\"scrollable-content-wrap my-5\"><div class=\"scrollable-content-inner\"><h2>Spinsahara Casino iOS-App<\/h2>\n<p>Die Spin Sahara Casino-App f\u00fcr iOS ist f\u00fcr Apple-Ger\u00e4te optimiert. Das Casino funktioniert im Safari-Browser. Sie m\u00fcssen nicht zum App Store gehen oder Dateien herunterladen. Die iOS-Software funktioniert als native Verkn\u00fcpfung mit Schnellzugriff vom Startbildschirm aus. Sie l\u00e4dt schnell und unterst\u00fctzt Push-Benachrichtigungen. Nach der Installation k\u00f6nnen Sie Spiele spielen, Ihr Konto verwalten, Boni erhalten und alle anderen Funktionen unseres Casinos nutzen.<\/p>\n<h3>So installieren Sie auf iOS<\/h3>\n<ol>\n<li>\u00d6ffnen Sie die Website Spinsahara in Safari.<\/li>\n<li>Tippen Sie unten auf das Symbol \u201eTeilen\u201c.<\/li>\n<li>W\u00e4hlen Sie \u201eZum Startbildschirm hinzuf\u00fcgen\u201c.<\/li>\n<li>Best\u00e4tigen Sie durch Tippen auf \u201eHinzuf\u00fcgen\u201c in der oberen rechten Ecke.<\/li>\n<\/ol>\n<p>Das Symbol Spinsahara wird auf Ihrem Startbildschirm angezeigt und kann gestartet werden. Wenn Sie Hilfe bei der Installation ben\u00f6tigen oder andere Fragen haben, steht Ihnen unser Support-Team \u00fcber Live-Chat oder E-Mail zur Verf\u00fcgung.<\/p>\n<p><img loading=\"lazy\" decoding=\"async\" src=\"https:\/\/thespinsahara.net\/wp-content\/uploads\/2025\/12\/Spinsahara-iOS-App.webp\" alt=\"Spinsahara iOS App\" width=\"1248\" height=\"536\" \/><\/p>\n<\/div><\/div><div style=\"clear: both\"><\/div><div class=\"d-flex justify-content-center\"><button data-item=\"decouvrez_link\" data-group=\"website_links\" class=\"goto fw-bold rounded-pill btn btn-orange\" aria-label=\"Spinsahara herunterladen\" >Spinsahara herunterladen<\/button><\/div><div class=\"scrollable-content-wrap my-5\"><div class=\"scrollable-content-inner\"><h2>Holen Sie sich Ihre Windows- und macOS-Anwendungen<\/h2>\n<p>Sie k\u00f6nnen Spin Sahara Casino \u00fcber unsere schlanken Web-Apps f\u00fcr Windows und macOS auf Ihrem Desktop starten. Es ist keine Installation, kein Download und keine komplizierte Einrichtung erforderlich. Alles funktioniert in Ihrem Browser, aber sobald die Software auf Ihrem Desktop installiert ist, \u00f6ffnet sie sich in einem separaten Fenster und verh\u00e4lt sich wie ein normales Programm. Hier haben Spieler mit einem einzigen Klick Zugriff auf alle Spiele, Boni und Konto-Tools.<\/p>\n<p>Die Installation der Windows- und macOS-Web-App auf dem Startbildschirm Ihres PCs ist ganz einfach. Gehen Sie auf die Website Spinsahara und erstellen Sie \u00fcber das Browser-Men\u00fc eine Desktop-Verkn\u00fcpfung. Diese Verkn\u00fcpfung wird zu Ihrer Spin Sahara-Webanwendung. Die Benutzeroberfl\u00e4che f\u00fcr Windows und macOS passt sich der Bildschirmgr\u00f6\u00dfe an. Sie k\u00f6nnen einen Laptop oder einen Desktop-Computer verwenden. Alle Funktionen stehen Ihnen auf jedem Ger\u00e4t zur Verf\u00fcgung, beispielsweise Kontoeinstellungen, Tools f\u00fcr verantwortungsbewusstes Spielen und der Verifizierungsprozess.<\/p>\n<p><img loading=\"lazy\" decoding=\"async\" src=\"https:\/\/thespinsahara.net\/wp-content\/uploads\/2025\/12\/Spinsahara-Desktop-App.webp\" alt=\"Spinsahara Desktop\" width=\"1248\" height=\"536\" \/><\/p>\n<\/div><\/div><div style=\"clear: both\"><\/div><div class=\"d-flex justify-content-center\"><button data-item=\"decouvrez_link\" data-group=\"website_links\" class=\"goto fw-bold rounded-pill btn btn-orange\" aria-label=\"Laden Sie die Spinsahara-App herunter\" >Laden Sie die Spinsahara-App herunter<\/button><\/div><div class=\"scrollable-content-wrap my-5\"><div class=\"scrollable-content-inner\"><h2>H\u00e4ufig gestellte Fragen<\/h2>\n<h3>Bietet die Spin Sahara Casino App Kundensupport?<\/h3>\n<p>Ja, die Spinsahara-App bietet umfassenden Kundensupport. Spieler k\u00f6nnen unser Team jederzeit per Online-Chat oder E-Mail kontaktieren. Unser Support-Team ist rund um die Uhr in mehreren Sprachen verf\u00fcgbar. Unsere Fachleute beantworten Fragen zur Kontoverwaltung, zu Zahlungen, Spielregeln, Werbeaktionen und vielem mehr.<\/p>\n<h3>Ist f\u00fcr die Nutzung der Spin Sahara-App die Erstellung eines Kontos erforderlich?<\/h3>\n<p>Ja, Sie ben\u00f6tigen ein Konto, um die Spinsahara-App nutzen zu k\u00f6nnen. Alle Casino-Funktionen, einschlie\u00dflich Spiele, Boni, Einzahlungen und Auszahlungen, stehen nur registrierten Benutzern zur Verf\u00fcgung. Nur registrierte Benutzer k\u00f6nnen unsere Funktionen sowohl im Browser als auch in der App nutzen.<\/p>\n<h3>Sind alle Spiele in der App verf\u00fcgbar?<\/h3>\n<p>Ja, die Spinsahara-App bietet einen vollst\u00e4ndigen Spielekatalog. Spieler k\u00f6nnen in der App Online-Slots, Tischspiele, Live-Dealer-Casinospiele und Sofortgewinnspiele genie\u00dfen. Jedes in der Browserversion verf\u00fcgbare Spiel ist vollst\u00e4ndig f\u00fcr mobile Ger\u00e4te optimiert. Alle Spiele in der App werden in hoher Qualit\u00e4t und ohne Verz\u00f6gerung gestreamt.<\/p>\n<h3>Wie kann ich die Spinsahara Casino App aktualisieren?<\/h3>\n<p>Es ist nicht erforderlich, die Spinsahara-App manuell zu aktualisieren. Updates werden automatisch \u00fcber das Progressive Web App-System durchgef\u00fchrt. Alle Verbesserungen, Fehlerbehebungen und neuen Funktionen werden automatisch angewendet. Spieler, die unsere PWA nutzen, haben Zugriff auf die neueste Version, ohne etwas manuell herunterladen oder installieren zu m\u00fcssen.<\/p>\n<\/div><\/div><\/p>\n","protected":false},"excerpt":{"rendered":"<p>Spinsahara Gaming App Die Spinsahara App bietet ein vollst\u00e4ndig optimiertes mobiles Spielerlebnis. Sie erm\u00f6glicht bequemen Zugriff auf unser gesamtes Portfolio an Spielen, Aktionen und Kontofunktionen von jedem Ger\u00e4t aus. Die Software passt sich an jede Bildschirmgr\u00f6\u00dfe an und l\u00e4uft reibungslos auf allen Ger\u00e4ten. Alle Casino-Funktionen funktionieren genauso wie in einem Browser oder auf einem PC. [&hellip;]<\/p>\n","protected":false},"author":1,"featured_media":0,"parent":0,"menu_order":0,"comment_status":"closed","ping_status":"closed","template":"template-builder.php","meta":{"_acf_changed":false,"inline_featured_image":false,"footnotes":""},"class_list":["post-1421","page","type-page","status-publish","hentry"],"acf":[],"yoast_head":"<!-- This site is optimized with the Yoast SEO plugin v27.3 - https:\/\/yoast.com\/product\/yoast-seo-wordpress\/ -->\n<title>Spinsahara App | iOS- und Android-Plattformen<\/title>\n<meta name=\"description\" content=\"Die Spinsahara-App bietet reibungsloses Casino-Gaming auf Android, iOS, Windows und macOS mit synchronisierten Konten, regelm\u00e4\u00dfigen Updates und integriertem Kundensupport f\u00fcr ein stressfreies Erlebnis.\" \/>\n<meta name=\"robots\" content=\"index, follow, max-snippet:-1, max-image-preview:large, max-video-preview:-1\" \/>\n<link rel=\"canonical\" href=\"https:\/\/thespinsahara.net\/de\/app\/\" \/>\n<meta property=\"og:locale\" content=\"de_DE\" \/>\n<meta property=\"og:type\" content=\"article\" \/>\n<meta property=\"og:title\" content=\"Spinsahara App | iOS- und Android-Plattformen\" \/>\n<meta property=\"og:description\" content=\"Die Spinsahara-App bietet reibungsloses Casino-Gaming auf Android, iOS, Windows und macOS mit synchronisierten Konten, regelm\u00e4\u00dfigen Updates und integriertem Kundensupport f\u00fcr ein stressfreies Erlebnis.\" \/>\n<meta property=\"og:url\" content=\"https:\/\/thespinsahara.net\/de\/app\/\" \/>\n<meta property=\"og:site_name\" content=\"spinsahara\" \/>\n<meta property=\"article:modified_time\" content=\"2025-12-10T09:46:46+00:00\" \/>\n<meta name=\"twitter:card\" content=\"summary_large_image\" \/>\n<meta name=\"twitter:label1\" content=\"Gesch\u00e4tzte Lesezeit\" \/>\n\t<meta name=\"twitter:data1\" content=\"1\u00a0Minute\" \/>\n<script type=\"application\/ld+json\" class=\"yoast-schema-graph\">{\"@context\":\"https:\\\/\\\/schema.org\",\"@graph\":[{\"@type\":\"WebPage\",\"@id\":\"https:\\\/\\\/thespinsahara.net\\\/de\\\/app\\\/\",\"url\":\"https:\\\/\\\/thespinsahara.net\\\/de\\\/app\\\/\",\"name\":\"Spinsahara App | iOS- und Android-Plattformen\",\"isPartOf\":{\"@id\":\"https:\\\/\\\/thespinsahara.net\\\/de\\\/#website\"},\"datePublished\":\"2025-12-09T14:14:12+00:00\",\"dateModified\":\"2025-12-10T09:46:46+00:00\",\"description\":\"Die Spinsahara-App bietet reibungsloses Casino-Gaming auf Android, iOS, Windows und macOS mit synchronisierten Konten, regelm\u00e4\u00dfigen Updates und integriertem Kundensupport f\u00fcr ein stressfreies Erlebnis.\",\"breadcrumb\":{\"@id\":\"https:\\\/\\\/thespinsahara.net\\\/de\\\/app\\\/#breadcrumb\"},\"inLanguage\":\"de\",\"potentialAction\":[{\"@type\":\"ReadAction\",\"target\":[\"https:\\\/\\\/thespinsahara.net\\\/de\\\/app\\\/\"]}]},{\"@type\":\"BreadcrumbList\",\"@id\":\"https:\\\/\\\/thespinsahara.net\\\/de\\\/app\\\/#breadcrumb\",\"itemListElement\":[{\"@type\":\"ListItem\",\"position\":1,\"name\":\"Spinsahara\",\"item\":\"https:\\\/\\\/thespinsahara.net\\\/de\\\/\"},{\"@type\":\"ListItem\",\"position\":2,\"name\":\"App\"}]},{\"@type\":\"WebSite\",\"@id\":\"https:\\\/\\\/thespinsahara.net\\\/de\\\/#website\",\"url\":\"https:\\\/\\\/thespinsahara.net\\\/de\\\/\",\"name\":\"Spinsahara\",\"description\":\"\",\"publisher\":{\"@id\":\"https:\\\/\\\/thespinsahara.net\\\/de\\\/#organization\"},\"potentialAction\":[{\"@type\":\"SearchAction\",\"target\":{\"@type\":\"EntryPoint\",\"urlTemplate\":\"https:\\\/\\\/thespinsahara.net\\\/de\\\/?s={search_term_string}\"},\"query-input\":{\"@type\":\"PropertyValueSpecification\",\"valueRequired\":true,\"valueName\":\"search_term_string\"}}],\"inLanguage\":\"de\"},{\"@type\":\"Organization\",\"@id\":\"https:\\\/\\\/thespinsahara.net\\\/de\\\/#organization\",\"name\":\"Spinsahara\",\"url\":\"https:\\\/\\\/thespinsahara.net\\\/de\\\/\",\"logo\":{\"@type\":\"ImageObject\",\"inLanguage\":\"de\",\"@id\":\"https:\\\/\\\/thespinsahara.net\\\/de\\\/#\\\/schema\\\/logo\\\/image\\\/\",\"url\":\"https:\\\/\\\/thespinsahara.net\\\/wp-content\\\/uploads\\\/2025\\\/12\\\/logo.svg\",\"contentUrl\":\"https:\\\/\\\/thespinsahara.net\\\/wp-content\\\/uploads\\\/2025\\\/12\\\/logo.svg\",\"width\":160,\"height\":31,\"caption\":\"Spinsahara\"},\"image\":{\"@id\":\"https:\\\/\\\/thespinsahara.net\\\/de\\\/#\\\/schema\\\/logo\\\/image\\\/\"}}]}<\/script>\n<!-- \/ Yoast SEO plugin. -->","yoast_head_json":{"title":"Spinsahara App | iOS- und Android-Plattformen","description":"Die Spinsahara-App bietet reibungsloses Casino-Gaming auf Android, iOS, Windows und macOS mit synchronisierten Konten, regelm\u00e4\u00dfigen Updates und integriertem Kundensupport f\u00fcr ein stressfreies Erlebnis.","robots":{"index":"index","follow":"follow","max-snippet":"max-snippet:-1","max-image-preview":"max-image-preview:large","max-video-preview":"max-video-preview:-1"},"canonical":"https:\/\/thespinsahara.net\/de\/app\/","og_locale":"de_DE","og_type":"article","og_title":"Spinsahara App | iOS- und Android-Plattformen","og_description":"Die Spinsahara-App bietet reibungsloses Casino-Gaming auf Android, iOS, Windows und macOS mit synchronisierten Konten, regelm\u00e4\u00dfigen Updates und integriertem Kundensupport f\u00fcr ein stressfreies Erlebnis.","og_url":"https:\/\/thespinsahara.net\/de\/app\/","og_site_name":"spinsahara","article_modified_time":"2025-12-10T09:46:46+00:00","twitter_card":"summary_large_image","twitter_misc":{"Gesch\u00e4tzte Lesezeit":"1\u00a0Minute"},"schema":{"@context":"https:\/\/schema.org","@graph":[{"@type":"WebPage","@id":"https:\/\/thespinsahara.net\/de\/app\/","url":"https:\/\/thespinsahara.net\/de\/app\/","name":"Spinsahara App | iOS- und Android-Plattformen","isPartOf":{"@id":"https:\/\/thespinsahara.net\/de\/#website"},"datePublished":"2025-12-09T14:14:12+00:00","dateModified":"2025-12-10T09:46:46+00:00","description":"Die Spinsahara-App bietet reibungsloses Casino-Gaming auf Android, iOS, Windows und macOS mit synchronisierten Konten, regelm\u00e4\u00dfigen Updates und integriertem Kundensupport f\u00fcr ein stressfreies Erlebnis.","breadcrumb":{"@id":"https:\/\/thespinsahara.net\/de\/app\/#breadcrumb"},"inLanguage":"de","potentialAction":[{"@type":"ReadAction","target":["https:\/\/thespinsahara.net\/de\/app\/"]}]},{"@type":"BreadcrumbList","@id":"https:\/\/thespinsahara.net\/de\/app\/#breadcrumb","itemListElement":[{"@type":"ListItem","position":1,"name":"Spinsahara","item":"https:\/\/thespinsahara.net\/de\/"},{"@type":"ListItem","position":2,"name":"App"}]},{"@type":"WebSite","@id":"https:\/\/thespinsahara.net\/de\/#website","url":"https:\/\/thespinsahara.net\/de\/","name":"Spinsahara","description":"","publisher":{"@id":"https:\/\/thespinsahara.net\/de\/#organization"},"potentialAction":[{"@type":"SearchAction","target":{"@type":"EntryPoint","urlTemplate":"https:\/\/thespinsahara.net\/de\/?s={search_term_string}"},"query-input":{"@type":"PropertyValueSpecification","valueRequired":true,"valueName":"search_term_string"}}],"inLanguage":"de"},{"@type":"Organization","@id":"https:\/\/thespinsahara.net\/de\/#organization","name":"Spinsahara","url":"https:\/\/thespinsahara.net\/de\/","logo":{"@type":"ImageObject","inLanguage":"de","@id":"https:\/\/thespinsahara.net\/de\/#\/schema\/logo\/image\/","url":"https:\/\/thespinsahara.net\/wp-content\/uploads\/2025\/12\/logo.svg","contentUrl":"https:\/\/thespinsahara.net\/wp-content\/uploads\/2025\/12\/logo.svg","width":160,"height":31,"caption":"Spinsahara"},"image":{"@id":"https:\/\/thespinsahara.net\/de\/#\/schema\/logo\/image\/"}}]}},"_links":{"self":[{"href":"https:\/\/thespinsahara.net\/de\/wp-json\/wp\/v2\/pages\/1421","targetHints":{"allow":["GET"]}}],"collection":[{"href":"https:\/\/thespinsahara.net\/de\/wp-json\/wp\/v2\/pages"}],"about":[{"href":"https:\/\/thespinsahara.net\/de\/wp-json\/wp\/v2\/types\/page"}],"author":[{"embeddable":true,"href":"https:\/\/thespinsahara.net\/de\/wp-json\/wp\/v2\/users\/1"}],"replies":[{"embeddable":true,"href":"https:\/\/thespinsahara.net\/de\/wp-json\/wp\/v2\/comments?post=1421"}],"version-history":[{"count":2,"href":"https:\/\/thespinsahara.net\/de\/wp-json\/wp\/v2\/pages\/1421\/revisions"}],"predecessor-version":[{"id":1625,"href":"https:\/\/thespinsahara.net\/de\/wp-json\/wp\/v2\/pages\/1421\/revisions\/1625"}],"wp:attachment":[{"href":"https:\/\/thespinsahara.net\/de\/wp-json\/wp\/v2\/media?parent=1421"}],"curies":[{"name":"wp","href":"https:\/\/api.w.org\/{rel}","templated":true}]}}